{"id":25319,"date":"2025-06-17T12:58:53","date_gmt":"2025-06-17T12:58:53","guid":{"rendered":"https:\/\/woolskins.eu\/?post_type=product&#038;p=25319"},"modified":"2025-12-17T11:40:25","modified_gmt":"2025-12-17T11:40:25","slug":"zaffiro-multi-purpose-wool-wrap-blanket-filtet-lysegra","status":"publish","type":"product","link":"https:\/\/woolskins.eu\/da\/zaffiro-multifunctionele-wollen-wikkeldeken-felted-lichtgrijs\/","title":{"rendered":"Zaffiro | Multifunktionelt uldt\u00e6ppe | Filtet lysegr\u00e5t"},"content":{"rendered":"<p data-start=\"265\" data-end=\"343\"><strong>Uldt\u00e6ppe til babyer - naturligt varmt og sikkert med Zaffiro<\/strong><\/p>\n<p data-start=\"345\" data-end=\"628\">Zaffiros uldbabyt\u00e6ppe er det ideelle valg for for\u00e6ldre, der er p\u00e5 udkig efter et naturligt og \u00e5ndbart babyt\u00e6ppe. Denne alsidige babyindpakning er velegnet til brug i autostolen, barnevognen, Moses-kurven eller bare derhjemme. T\u00e6ppet er fremstillet af 100% naturlig f\u00e5reuld og giver en fremragende temperaturregulering. Uldfibre fungerer som en naturlig termostat: De holder din baby varm i kulden og sikrer, at din baby ikke bliver overophedet. S\u00e5 din baby vil altid v\u00e6re t\u00f8r, veltilpas og have den rette temperatur, uanset \u00e5rstiden. Ulden er naturligt allergivenlig, antibakteriel og selvrensende. Det betyder, at t\u00e6ppet neutraliserer lugt, afviser snavs og forbliver hygiejnisk uden behov for hyppig vask. Takket v\u00e6re de smarte b\u00e6lte\u00e5bninger passer viklet\u00e6ppet til alle typer sikkerhedsseler i bils\u00e6der og barnevogne - nemt og sikkert at bruge.<\/p>\n<p>- 100% premium jomfruuld, filtet dobbeltlag.<br \/>\n- Velegnet til 0-12 m\u00e5neder.<br \/>\n\u2013 Sn\u00f8re i kraven for at beskytte barnets hoved.<br \/>\n- Praktiske \u00e5bninger til sikkerhedsstropperne (3- og 5-punkts).<br \/>\n- l\u00e6ngde 112<span style=\"color: #000000;\"> cm x bredde 112 cm.<\/span><br \/>\n\u2013 kan vaskes ved 30\u00b0C uldvaskeprogram.<\/p>\n<p data-start=\"218\" data-end=\"276\"><strong>Om Zaffiro - H\u00e5ndv\u00e6rk og forbindelse siden 1989<\/strong><\/p>\n<p data-start=\"278\" data-end=\"558\">Zaffiro er en polsk familiedrevet virksomhed, der har produceret baby- og b\u00f8rneprodukter af h\u00f8j kvalitet siden 1989. Zaffiro eksporterer til mere end 40 lande verden over og er kendt for produkter, der s\u00e6tter samv\u00e6ret mellem for\u00e6ldre og barn, komfort og sikkerhed i centrum. M\u00e6rket blev grundlagt ud fra den overbevisning, at de f\u00f8rste \u00f8jeblikke med din baby er afg\u00f8rende for tilknytningen. Derfor udvikler Zaffiro produkter, der st\u00f8tter for\u00e6ldrene i denne s\u00e6rlige periode - fra ergonomiske slynger til naturlige uldt\u00e6pper. Vi kombinerer \u00e6ldgamle traditioner, som f.eks. at b\u00e6re babyer \u2018hjerte til hjerte\u2019, med indsigt fra moderne psykologisk forskning. Det er s\u00e5dan, vi skaber praktiske, k\u00e6rlige og sikre l\u00f8sninger til en varm start p\u00e5 livet.<\/p>","protected":false},"excerpt":{"rendered":"<p data-start=\"250\" data-end=\"343\"><strong data-start=\"254\" data-end=\"343\">Uldomslag til babyer - velegnet til hjemmet, Maxi-Cosi, autostol og barnevogn (0-12 m\u00e5neder)<\/strong><\/p>\n<p data-start=\"345\" data-end=\"573\">Denne multifunktionelle uldbabysv\u00f8b af h\u00f8j kvalitet er perfekt til at pakke din nyf\u00f8dte eller baby op til 12 m\u00e5neder sikkert og varmt ind, uanset om du er p\u00e5 farten med Maxi-Cosi, barnevognen, b\u00e6reselen eller bare derhjemme. Dette sv\u00f8b er lavet af 100% naturligt filtet f\u00e5reuld og er kendt for sine \u00e5ndbare, temperaturregulerende og allergivenlige egenskaber. Uld holder ekstremt godt p\u00e5 varmen uden at overophede din baby, og det absorberer let sved, s\u00e5 din baby vil have det ekstremt behageligt. Takket v\u00e6re de praktiske \u00e5bninger til 3- og 5-punktsseler kan kluden nemt fastg\u00f8res til n\u00e6sten alle autostole og barnevogne. S\u00e5 du kan kombinere komfort med sikkerhed, uanset hvor du er.<\/p>\n<p data-start=\"1058\" data-end=\"1268\">Den uldne vikle er ideel til for\u00e5rs-, efter\u00e5rs- og vinterbrug. Ogs\u00e5 meget velegnet som barselsgave eller til for\u00e6ldre, der s\u00e6tter pris p\u00e5 naturlige materialer og komfort til deres baby.<\/p>\n<div class=\"woocommerce-product-details__short-description\">\n<p><strong>M\u00e6rke: Zaffiro<\/strong><br \/>\n<strong>Produktion: Polen<br \/>\nKeur: Oeko-Tex Standard<\/strong><\/p>\n<p><img loading=\"lazy\" decoding=\"async\" class=\"alignnone wp-image-28173 entered lazyloaded\" src=\"https:\/\/woolskins.eu\/wp-content\/uploads\/2024\/05\/csm_OEKO-TEX_Logo_2022_rgb_c1aaeb5ceb-300x300.jpg\" alt=\"\" width=\"89\" height=\"89\" data-lazy-src=\"https:\/\/woolskins.eu\/wp-content\/uploads\/2024\/05\/csm_OEKO-TEX_Logo_2022_rgb_c1aaeb5ceb-300x300.jpg\" data-ll-status=\"loaded\" srcset=\"https:\/\/woolskins.eu\/wp-content\/uploads\/2024\/05\/csm_OEKO-TEX_Logo_2022_rgb_c1aaeb5ceb-300x300.jpg 300w, https:\/\/woolskins.eu\/wp-content\/uploads\/2024\/05\/csm_OEKO-TEX_Logo_2022_rgb_c1aaeb5ceb-150x150.jpg 150w, https:\/\/woolskins.eu\/wp-content\/uploads\/2024\/05\/csm_OEKO-TEX_Logo_2022_rgb_c1aaeb5ceb-768x769.jpg 768w, https:\/\/woolskins.eu\/wp-content\/uploads\/2024\/05\/csm_OEKO-TEX_Logo_2022_rgb_c1aaeb5ceb-12x12.jpg 12w, https:\/\/woolskins.eu\/wp-content\/uploads\/2024\/05\/csm_OEKO-TEX_Logo_2022_rgb_c1aaeb5ceb-600x601.jpg 600w, https:\/\/woolskins.eu\/wp-content\/uploads\/2024\/05\/csm_OEKO-TEX_Logo_2022_rgb_c1aaeb5ceb-100x100.jpg 100w, https:\/\/woolskins.eu\/wp-content\/uploads\/2024\/05\/csm_OEKO-TEX_Logo_2022_rgb_c1aaeb5ceb-64x64.jpg 64w, https:\/\/woolskins.eu\/wp-content\/uploads\/2024\/05\/csm_OEKO-TEX_Logo_2022_rgb_c1aaeb5ceb.jpg 885w\" sizes=\"auto, (max-width: 89px) 100vw, 89px\" \/><\/p>\n<\/div>","protected":false},"featured_media":25335,"comment_status":"open","ping_status":"closed","template":"","meta":{"_acf_changed":false},"product_brand":[],"product_cat":[502,499,370,336,321],"product_tag":[],"class_list":{"0":"post-25319","1":"product","2":"type-product","3":"status-publish","4":"has-post-thumbnail","6":"product_cat-zaffiro","7":"product_cat-new-arrivals","8":"product_cat-slaapzakken","9":"product_cat-voetenzakken","10":"product_cat-wikkeldekens","12":"first","13":"instock","14":"taxable","15":"shipping-taxable","16":"purchasable","17":"product-type-simple"},"acf":[],"_links":{"self":[{"href":"https:\/\/woolskins.eu\/da\/wp-json\/wp\/v2\/product\/25319","targetHints":{"allow":["GET"]}}],"collection":[{"href":"https:\/\/woolskins.eu\/da\/wp-json\/wp\/v2\/product"}],"about":[{"href":"https:\/\/woolskins.eu\/da\/wp-json\/wp\/v2\/types\/product"}],"replies":[{"embeddable":true,"href":"https:\/\/woolskins.eu\/da\/wp-json\/wp\/v2\/comments?post=25319"}],"wp:featuredmedia":[{"embeddable":true,"href":"https:\/\/woolskins.eu\/da\/wp-json\/wp\/v2\/media\/25335"}],"wp:attachment":[{"href":"https:\/\/woolskins.eu\/da\/wp-json\/wp\/v2\/media?parent=25319"}],"wp:term":[{"taxonomy":"product_brand","embeddable":true,"href":"https:\/\/woolskins.eu\/da\/wp-json\/wp\/v2\/product_brand?post=25319"},{"taxonomy":"product_cat","embeddable":true,"href":"https:\/\/woolskins.eu\/da\/wp-json\/wp\/v2\/product_cat?post=25319"},{"taxonomy":"product_tag","embeddable":true,"href":"https:\/\/woolskins.eu\/da\/wp-json\/wp\/v2\/product_tag?post=25319"}],"curies":[{"name":"wp","href":"https:\/\/api.w.org\/{rel}","templated":true}]}}