{"id":25296,"date":"2025-06-17T09:41:33","date_gmt":"2025-06-17T09:41:33","guid":{"rendered":"https:\/\/woolskins.eu\/?post_type=product&#038;p=25296"},"modified":"2026-02-18T13:50:02","modified_gmt":"2026-02-18T13:50:02","slug":"zaffiro-uldfodpose-sovepose-til-barnevogn-og-lift-teddy-hasselnod","status":"publish","type":"product","link":"https:\/\/woolskins.eu\/da\/zaffiro-wollen-voetenzak-slaapzak-voor-buggy-en-reiswieg-teddy-hazelnoot\/","title":{"rendered":"Zaffiro | Uldfodpose - Sovepose til barnevogn og barneseng | Teddy Hazelnut"},"content":{"rendered":"<h5>Uld Sovepose til Buggy, Corycot &amp; Moses kurv.<\/h5>\n<p>Disse uldne fodposer - sovepose til buggy og Maxi-Cosi er meget velegnede til de mindste takket v\u00e6re uldfibrenes naturlige egenskaber. Disse \u00e5nder og har den egenskab, at de fungerer som en naturlig termostat, der regulerer kropstemperaturen? Dette hj\u00e6lper din baby med at holde en stabil temperatur og holder din baby t\u00f8r og komfortabel. F\u00e5reuld har desuden anti-allergiske egenskaber og er antibakterielt og har derfor hygiejniske og selvrensende egenskaber. Det neutraliserer ubehagelige lugte og snavs. Du kan v\u00e6re sikker p\u00e5, at dit barn vil have det dejligt varmt og godt tilpas i denne Zaffiro uldne fodpose. Alle typer sikkerhedsstropper passer ind i denne model uden problemer p\u00e5 grund af brugen af de specielle \u00e5bninger.<\/p>\n<p>\u2013 100% premium jomfruuld, filtet.<br \/>\n\u2013 Velegnet til 0-18 m\u00e5neder.<br \/>\n\u2013 Sn\u00f8re i kraven for at beskytte barnets hoved.<br \/>\n\u2013 Toppen kan lynes helt af fra bunden.<br \/>\n\u2013 Praktiske \u00e5bninger til sikkerhedsstropperne (5-punkts).<br \/>\n\u2013 l\u00e6ngde 90cm x bredde 40\/42 cm.<\/p>\n<p data-start=\"63\" data-end=\"427\"><strong data-start=\"63\" data-end=\"83\">Vaskeanvisning<\/strong><\/p>\n<p data-start=\"63\" data-end=\"427\">For at holde dette teddystof i uld smukt og bl\u00f8dt anbefaler vi h\u00e5ndvask ved en temperatur p\u00e5 maks. 30 \u00b0C. V\u00e6r forsigtig, og brug et mildt uldvaskemiddel. Undg\u00e5 blegemiddel, strygning, t\u00f8rretumbler og centrifugering. Lad stoffet t\u00f8rre fladt for at bevare formen. Renseri er ogs\u00e5 muligt.<\/p>\n<p data-start=\"429\" data-end=\"552\">\u2728 <strong data-start=\"431\" data-end=\"439\">Tip:<\/strong> Uld beh\u00f8ver ikke at blive vasket ofte. En hurtig luftning udenfor er ofte nok til at holde stoffet friskt.<\/p>\n<p data-start=\"554\" data-end=\"817\">\ud83c\udf3f <strong data-start=\"557\" data-end=\"588\">Hvorfor uld er noget s\u00e6rligt: <\/strong>Uld er naturligt selvrensende og smudsafvisende. Lugt forsvinder blot ved at lufte stoffet, og snavs s\u00e6tter sig ikke s\u00e5 let fast som i andre materialer. S\u00e5 dit uldstof holder sig friskt i l\u00e6ngere tid uden megen vedligeholdelse.<\/p>\n<h5>Zaffiro<\/h5>\n<p>Zaffiro-virksomheden er en polsk familievirksomhed. Siden vores begyndelse i 1989 har vi specialiseret os i produktion af baby- og b\u00f8rneprodukter, og det meste af det, vi producerer, eksporteres til mere end 40 lande. Vi skabte Zaffiro-m\u00e6rket for at promovere produkter, der st\u00f8tter for\u00e6ldre, der er opm\u00e6rksomme p\u00e5 vigtigheden af intimitet og binding til deres baby fra de f\u00f8rste timer efter f\u00f8dslen. Vi fremmer konceptet med at b\u00e6re b\u00f8rn &#039;hjerte udenad&#039; i sejl og b\u00e6reseler, genintroducere, genopdage og udvikle tidligere generationers kloge tradition under hensyntagen til nutidig psykologisk forskning.<\/p>","protected":false},"excerpt":{"rendered":"<p>Nyd at g\u00e5 ud med dit barn i denne varme uldne fodpose - sovepose fra Zaffiro til barnevognen, buggyen, Moses-kurven eller derhjemme. Denne fodpose er lavet af 100% premium uld (filtet) og tager straks temperaturen p\u00e5 dit barn. Den holder godt p\u00e5 varmen, uden at dit barn sveder, fordi uld \u00e5nder. Takket v\u00e6re disse unikke egenskaber ved uld vil dit barn have det vidunderligt varmt og behageligt. Takket v\u00e6re de praktiske strop\u00e5bninger kan du hurtigt installere denne uldne fodpose i din barnevogn eller buggy. Du kan tage snoren p\u00e5 i kraven for at beskytte hovedet mod vejr og vind. Denne fodpose fra Zaffiro kan bruges hele \u00e5ret rundt, men er mest anvendelig for\u00e5r, vinter og efter\u00e5r.<\/p>\n<div class=\"woocommerce-product-details__short-description\">\n<p><strong>M\u00e6rke: Zaffiro<\/strong><br \/>\n<strong>Produktion: Polen<br \/>\nKeur: Oeko-Tex Standard<\/strong><\/p>\n<p><img loading=\"lazy\" decoding=\"async\" class=\"alignnone wp-image-28173 entered lazyloaded\" src=\"https:\/\/woolskins.eu\/wp-content\/uploads\/2024\/05\/csm_OEKO-TEX_Logo_2022_rgb_c1aaeb5ceb-300x300.jpg\" alt=\"\" width=\"89\" height=\"89\" data-lazy-src=\"https:\/\/woolskins.eu\/wp-content\/uploads\/2024\/05\/csm_OEKO-TEX_Logo_2022_rgb_c1aaeb5ceb-300x300.jpg\" data-ll-status=\"loaded\" srcset=\"https:\/\/woolskins.eu\/wp-content\/uploads\/2024\/05\/csm_OEKO-TEX_Logo_2022_rgb_c1aaeb5ceb-300x300.jpg 300w, https:\/\/woolskins.eu\/wp-content\/uploads\/2024\/05\/csm_OEKO-TEX_Logo_2022_rgb_c1aaeb5ceb-150x150.jpg 150w, https:\/\/woolskins.eu\/wp-content\/uploads\/2024\/05\/csm_OEKO-TEX_Logo_2022_rgb_c1aaeb5ceb-768x769.jpg 768w, https:\/\/woolskins.eu\/wp-content\/uploads\/2024\/05\/csm_OEKO-TEX_Logo_2022_rgb_c1aaeb5ceb-12x12.jpg 12w, https:\/\/woolskins.eu\/wp-content\/uploads\/2024\/05\/csm_OEKO-TEX_Logo_2022_rgb_c1aaeb5ceb-600x601.jpg 600w, https:\/\/woolskins.eu\/wp-content\/uploads\/2024\/05\/csm_OEKO-TEX_Logo_2022_rgb_c1aaeb5ceb-100x100.jpg 100w, https:\/\/woolskins.eu\/wp-content\/uploads\/2024\/05\/csm_OEKO-TEX_Logo_2022_rgb_c1aaeb5ceb-64x64.jpg 64w, https:\/\/woolskins.eu\/wp-content\/uploads\/2024\/05\/csm_OEKO-TEX_Logo_2022_rgb_c1aaeb5ceb.jpg 885w\" sizes=\"auto, (max-width: 89px) 100vw, 89px\" \/><\/p>\n<\/div>","protected":false},"featured_media":25307,"comment_status":"open","ping_status":"closed","template":"","meta":{"_acf_changed":false},"product_brand":[],"product_cat":[502,370,336],"product_tag":[],"class_list":{"0":"post-25296","1":"product","2":"type-product","3":"status-publish","4":"has-post-thumbnail","6":"product_cat-zaffiro","7":"product_cat-slaapzakken","8":"product_cat-voetenzakken","10":"first","11":"outofstock","12":"taxable","13":"shipping-taxable","14":"purchasable","15":"product-type-simple"},"acf":[],"_links":{"self":[{"href":"https:\/\/woolskins.eu\/da\/wp-json\/wp\/v2\/product\/25296","targetHints":{"allow":["GET"]}}],"collection":[{"href":"https:\/\/woolskins.eu\/da\/wp-json\/wp\/v2\/product"}],"about":[{"href":"https:\/\/woolskins.eu\/da\/wp-json\/wp\/v2\/types\/product"}],"replies":[{"embeddable":true,"href":"https:\/\/woolskins.eu\/da\/wp-json\/wp\/v2\/comments?post=25296"}],"wp:featuredmedia":[{"embeddable":true,"href":"https:\/\/woolskins.eu\/da\/wp-json\/wp\/v2\/media\/25307"}],"wp:attachment":[{"href":"https:\/\/woolskins.eu\/da\/wp-json\/wp\/v2\/media?parent=25296"}],"wp:term":[{"taxonomy":"product_brand","embeddable":true,"href":"https:\/\/woolskins.eu\/da\/wp-json\/wp\/v2\/product_brand?post=25296"},{"taxonomy":"product_cat","embeddable":true,"href":"https:\/\/woolskins.eu\/da\/wp-json\/wp\/v2\/product_cat?post=25296"},{"taxonomy":"product_tag","embeddable":true,"href":"https:\/\/woolskins.eu\/da\/wp-json\/wp\/v2\/product_tag?post=25296"}],"curies":[{"name":"wp","href":"https:\/\/api.w.org\/{rel}","templated":true}]}}