{"id":25067,"date":"2025-05-18T11:06:40","date_gmt":"2025-05-18T11:06:40","guid":{"rendered":"https:\/\/woolskins.eu\/?post_type=product&#038;p=25067"},"modified":"2026-02-06T09:32:57","modified_gmt":"2026-02-06T09:32:57","slug":"fareskinds-kravlegardstaeppe-medicinsk-o-100cm-kopi","status":"publish","type":"product","link":"https:\/\/woolskins.eu\/da\/schapenvacht-boxkleed-speelkleed-medicinaal-o-100cm-kopie\/","title":{"rendered":"Boxcloth\/Leget\u00e6ppe af f\u00e5reskind - Medicinal \u00d8 100cm (kopi)"},"content":{"rendered":"<p>Det runde Woolskins Eco Baby-Care kravleg\u00e5rdst\u00e6ppe har en kortere pels, som g\u00f8r det babysikkert. De er velegnede fra f\u00f8dslen, og fordi deres forarbejdning tager hensyn til milj\u00f8et, beskytter de b\u00e5de de sm\u00e5 og planeten. Hjemme eller ude skaber du et behageligt milj\u00f8, hvor dit barn f\u00f8ler sig glad og afslappet. Vidste du, at et f\u00e5reskind ogs\u00e5 er sundt for dit barn?<\/p>\n<p>- \u00d8 100 cm.<br \/>\n\u2013 Medicinsk garvet.<br \/>\n\u2013 Bl\u00f8d og kompakt pels.<br \/>\n\u2013 Kan maskinvaskes og t\u00f8rres.<br \/>\n\u2013 Nem at vedligeholde.<\/p>\n<p>Bestil en vedligeholdelsesb\u00f8rste for at holde din pels smuk i lang tid og\/eller f\u00e5 din pels personlig med dit\/barnets f\u00f8dselsdetaljer. En smuk og unik gave, eksklusivt tilg\u00e6ngelig hos Woolskins. Standard &#039;gaveklar&#039; pakket med en personlig note.<\/p>\n<p><strong>Egenskaber \u00c6terisk f\u00e5reskind (medicinsk)<\/strong><\/p>\n<p class=\"\" data-start=\"87\" data-end=\"420\">Dette Baby-Care medicinsk garvede f\u00e5reskind kommer fra det engelske f\u00e5r og er kendt for sin bl\u00f8de, kompakte tekstur - vores absolutte must-have! Det er en medicinsk fleece, der er specielt garvet til at v\u00e6re allergivenlig, antibakteriel og selvrensende. Desuden er pelsen vaskbar, hvilket g\u00f8r den ekstra praktisk til daglig brug.<\/p>\n<p class=\"\" data-start=\"422\" data-end=\"821\">Pelsen er garvet i Europa i henhold til strenge milj\u00f8standarder, hvilket sikrer et holdbart og sikkert produkt til din baby. Som alle vores andre pelse har den \u00e5ndbare uldfibre, som hj\u00e6lper med at regulere din babys kropstemperatur p\u00e5 en naturlig m\u00e5de. Det holder din baby t\u00f8r, komfortabel og beskyttet - dejlig k\u00f8lig om sommeren og hyggelig og varm om vinteren.<\/p>\n<p><strong>Milj\u00f8venlig<\/strong><\/p>\n<p>Alle produkter, der anvendes til garvning og efterbehandling, overholder v\u00e6sentlige EU-direktiver vedr\u00f8rende bevarelse og beskyttelse af milj\u00f8et.<\/p>\n<p>Vores fleece er garvet i overensstemmelse med REACH-reglerne, som blev vedtaget for at forbedre beskyttelsen af menneskers sundhed og milj\u00f8et mod de risici, kemikalier kan udg\u00f8re, og samtidig \u00f8ge konkurrenceevnen for EU&#039;s kemiske industri. Der anvendes ingen AZO-farvestoffer i produktionen.<\/p>\n<p>\u00d8KOPRODUKTER \u2013 skind er milj\u00f8venlige skind, deres forarbejdning og behandling er sikker for voksne og b\u00f8rn. Huder er biologisk nedbrydelige, organiske.<\/p>\n<p>Woolskins s\u00e6lger ikke f\u00e5replader, som Mulesing er p\u00e5f\u00f8rt! Mulesing bruges ikke til europ\u00e6iske f\u00e5r, fordi parasitten, der f\u00e5r landm\u00e6ndene til at bruge Mulesing, ikke forekommer i Europa.<\/p>\n<p><strong>Mavesovere... bem\u00e6rk!<\/strong><\/p>\n<p>B\u00f8rn, der sover p\u00e5 maven de f\u00f8rste 12 m\u00e5neder, b\u00f8r af sikkerhedsm\u00e6ssige \u00e5rsager ikke sove p\u00e5 noget bl\u00f8dt, da det kan v\u00e6re farligt. Vi anbefaler derfor at bruge Woolskins frakken med omtanke! V\u00e6r altid opm\u00e6rksom, n\u00e5r dit barn ligger eller sover p\u00e5 maven og s\u00f8rg for, at dit barn altid er under opsyn.<\/p>","protected":false},"excerpt":{"rendered":"<p>P\u00e5 dette behagelige, bl\u00f8de, runde f\u00e5reskindst\u00e6ppe kan dit barn lege og hvile. Takket v\u00e6re de naturlige \u2018superkr\u00e6fter\u2019 er det varmt om vinteren og k\u00f8ligt om sommeren. Det skyldes, at det tager kropstemperaturen med det samme. De er velegnede fra f\u00f8dslen, og fordi deres forarbejdning tager hensyn til milj\u00f8et, beskytter de b\u00e5de de sm\u00e5 og planeten. Hjemme eller ude skaber du et behageligt milj\u00f8, hvor dit barn f\u00f8ler sig glad og afslappet. Vidste du, at et f\u00e5reskind ogs\u00e5 er sundt for dit barn?<\/p>\n<p><strong>M\u00e6rke: Woolskins<\/strong><br \/>\n<strong>Produktion: Polen<\/strong><\/p>","protected":false},"featured_media":25070,"comment_status":"closed","ping_status":"closed","template":"","meta":{"_acf_changed":false},"product_brand":[],"product_cat":[216,527,354],"product_tag":[],"class_list":{"0":"post-25067","1":"product","2":"type-product","3":"status-publish","4":"has-post-thumbnail","6":"product_cat-schapenvacht-voor-baby","7":"product_cat-wollen-schapenvacht-boxkleed-speelkleed","8":"product_cat-woolskins","10":"first","11":"outofstock","12":"taxable","13":"shipping-taxable","14":"purchasable","15":"product-type-variable","16":"has-default-attributes"},"acf":[],"_links":{"self":[{"href":"https:\/\/woolskins.eu\/da\/wp-json\/wp\/v2\/product\/25067","targetHints":{"allow":["GET"]}}],"collection":[{"href":"https:\/\/woolskins.eu\/da\/wp-json\/wp\/v2\/product"}],"about":[{"href":"https:\/\/woolskins.eu\/da\/wp-json\/wp\/v2\/types\/product"}],"replies":[{"embeddable":true,"href":"https:\/\/woolskins.eu\/da\/wp-json\/wp\/v2\/comments?post=25067"}],"wp:featuredmedia":[{"embeddable":true,"href":"https:\/\/woolskins.eu\/da\/wp-json\/wp\/v2\/media\/25070"}],"wp:attachment":[{"href":"https:\/\/woolskins.eu\/da\/wp-json\/wp\/v2\/media?parent=25067"}],"wp:term":[{"taxonomy":"product_brand","embeddable":true,"href":"https:\/\/woolskins.eu\/da\/wp-json\/wp\/v2\/product_brand?post=25067"},{"taxonomy":"product_cat","embeddable":true,"href":"https:\/\/woolskins.eu\/da\/wp-json\/wp\/v2\/product_cat?post=25067"},{"taxonomy":"product_tag","embeddable":true,"href":"https:\/\/woolskins.eu\/da\/wp-json\/wp\/v2\/product_tag?post=25067"}],"curies":[{"name":"wp","href":"https:\/\/api.w.org\/{rel}","templated":true}]}}