{"id":24759,"date":"2025-04-02T10:41:34","date_gmt":"2025-04-02T10:41:34","guid":{"rendered":"https:\/\/woolskins.eu\/?post_type=product&#038;p=24759"},"modified":"2026-05-12T13:24:44","modified_gmt":"2026-05-12T13:24:44","slug":"lanacare-uldvaskemiddel-lanolinsaebe","status":"publish","type":"product","link":"https:\/\/woolskins.eu\/da\/lanacare-wolwasmiddel-lanolinezeep\/","title":{"rendered":"Lanacare Uldvaskemiddel \/ Lanolins\u00e6be"},"content":{"rendered":"<p>LANACare lanolins\u00e6be\/uldvaskemiddel er 100% allergivenligt. Specielt udviklet til optimal vask af uldprodukter. Den vasker og renser uldprodukter og optimerer genopfyldningen af lanolin i uldfiberen uden at efterlade en fedtet film eller pletter. S\u00e6ben indeholder medicinsk lanolin og ingen parfume eller farvestoffer. Denne lanolins\u00e6be er specielt udviklet til LANACare.<br \/>\nLANACare lanolins\u00e6be er meget gavnlig for mennesker med hudproblemer, f.eks. f\u00f8lsom hud, udsl\u00e6t eller endda psoriasis. Den allergivenlige lanolin udglatter huden. Den lindrer dermatitis ved at tilf\u00f8re ekstra naturligt fedt til huden. Det lindrer kl\u00f8e og har en stor beroligende effekt.<\/p>\n<p>Laboratorietestet \/ en flaske indeholder 150 ml.<\/p>\n<p>Produceret i Sverige.<\/p>","protected":false},"excerpt":{"rendered":"<p>LANACare lanolins\u00e6be\/uldvaskemiddel er 100% allergivenligt. Specielt udviklet til optimal vask af uldprodukter. Den vasker og renser uldprodukter og optimerer genopfyldningen af lanolin i uldfiberen uden at efterlade en fedtet film eller pletter. S\u00e6ben indeholder medicinsk lanolin og ingen parfume eller farvestoffer. Denne lanolins\u00e6be er specielt udviklet til LANACare.<\/p>\n<p>Laboratorietestet \/ en flaske indeholder 150 ml.<\/p>\n<p><strong>Brand:<\/strong> Lanacare<br \/>\n<strong>Produktion:<\/strong> Sverige<\/p>","protected":false},"featured_media":24760,"comment_status":"open","ping_status":"closed","template":"","meta":{"_acf_changed":false},"product_brand":[],"product_cat":[357,353],"product_tag":[],"class_list":{"0":"post-24759","1":"product","2":"type-product","3":"status-publish","4":"has-post-thumbnail","6":"product_cat-onderhoud","7":"product_cat-lanacare","9":"first","10":"instock","11":"taxable","12":"shipping-taxable","13":"purchasable","14":"product-type-simple"},"acf":[],"_links":{"self":[{"href":"https:\/\/woolskins.eu\/da\/wp-json\/wp\/v2\/product\/24759","targetHints":{"allow":["GET"]}}],"collection":[{"href":"https:\/\/woolskins.eu\/da\/wp-json\/wp\/v2\/product"}],"about":[{"href":"https:\/\/woolskins.eu\/da\/wp-json\/wp\/v2\/types\/product"}],"replies":[{"embeddable":true,"href":"https:\/\/woolskins.eu\/da\/wp-json\/wp\/v2\/comments?post=24759"}],"wp:featuredmedia":[{"embeddable":true,"href":"https:\/\/woolskins.eu\/da\/wp-json\/wp\/v2\/media\/24760"}],"wp:attachment":[{"href":"https:\/\/woolskins.eu\/da\/wp-json\/wp\/v2\/media?parent=24759"}],"wp:term":[{"taxonomy":"product_brand","embeddable":true,"href":"https:\/\/woolskins.eu\/da\/wp-json\/wp\/v2\/product_brand?post=24759"},{"taxonomy":"product_cat","embeddable":true,"href":"https:\/\/woolskins.eu\/da\/wp-json\/wp\/v2\/product_cat?post=24759"},{"taxonomy":"product_tag","embeddable":true,"href":"https:\/\/woolskins.eu\/da\/wp-json\/wp\/v2\/product_tag?post=24759"}],"curies":[{"name":"wp","href":"https:\/\/api.w.org\/{rel}","templated":true}]}}