{"id":24655,"date":"2025-03-18T14:14:39","date_gmt":"2025-03-18T14:14:39","guid":{"rendered":"https:\/\/woolskins.eu\/?post_type=product&#038;p=24655"},"modified":"2026-01-04T10:35:07","modified_gmt":"2026-01-04T10:35:07","slug":"uldmadras-til-balancebraet-ecru-brun","status":"publish","type":"product","link":"https:\/\/woolskins.eu\/da\/wollen-matras-voor-balance-board-ecru-bruin\/","title":{"rendered":"Uldmadras til balancebr\u00e6t + gratis pude | Ecru\/brun"},"content":{"rendered":"<p>Forvandl dit Balance Board til en hyggelig rede med vores bl\u00f8de uldmadras!<\/p>\n<p>Forvandl dit barns balancebr\u00e6t til et behageligt lege- og hvilested med vores uldmadras og -pude. Denne bl\u00f8de og st\u00f8ttende madras er det perfekte supplement til balancebr\u00e6ttet, og den har en bl\u00f8d polstring, som f\u00e5r dit barn til at nyde dette alsidige leget\u00f8j endnu mere.<\/p>\n<p>M\u00e5l: 28 cm x 70 cm.<\/p>\n<p>Egenskaber:<\/p>\n<p>* Ekstra komfort: Den bl\u00f8de madras giver en behagelig overflade og absorberer \u00f8jeblikkeligt kropsvarme, ideel til at ligge, sidde eller k\u00e6le p\u00e5.<\/p>\n<p>* Sikker og st\u00f8ttende: Madrassen giver ekstra st\u00f8tte til din babys ryg og nakke, hvilket g\u00f8r den sikker og behagelig at bruge.<\/p>\n<p>* Perfekt pasform: Specielt designet til at passe perfekt p\u00e5 Balance Board, med praktiske elastikb\u00e5nd, der holder madrassen sikkert p\u00e5 Balance Board.....<\/p>\n<p>* Materialer af h\u00f8j kvalitet: Toppen er lavet af bl\u00f8dt, \u00e5ndbart og b\u00f8rnevenligt uld, der er sikkert og sundt for f\u00f8lsom hud.<\/p>\n<p>* Alsidig brug: Ud over at bruge p\u00e5 balancebr\u00e6ttet kan madrassen ogs\u00e5 bruges som legem\u00e5tte.<\/p>\n<p>Fordele for dit barn:<\/p>\n<p>* Stimulerer sanser og motorisk udvikling<\/p>\n<p>* Fremmer balance og koordination<\/p>\n<p>* Giver et sikkert og behageligt legeomr\u00e5de<\/p>\n<p>* Stimulerer fantasi og kreativitet<\/p>\n<p>Ideel til:<\/p>\n<p>* Babyer og sm\u00e5b\u00f8rn l\u00e6rer at holde balancen<\/p>\n<p>* B\u00f8rn p\u00e5 udkig efter et behageligt legeomr\u00e5de<\/p>\n<p>* For\u00e6ldre, der \u00f8nsker at skabe et sikkert og stimulerende milj\u00f8 for deres b\u00f8rn<\/p>\n<p>Suppler Balance Board med vores bl\u00f8de uldmadras, og giv dit barn timevis af sjov og komfort!<\/p>","protected":false},"excerpt":{"rendered":"<p>G\u00f8r dit Balance Board til et hyggeligt hvilested med vores bl\u00f8de uldmadras!<\/p>\n<p>Forvandl dit barns balancebr\u00e6t til et behageligt lege- og hvilested med vores uldmadras og -pude. Denne bl\u00f8de og st\u00f8ttende madras er det perfekte supplement til balancebr\u00e6ttet, og den har en bl\u00f8d polstring, som f\u00e5r dit barn til at nyde dette alsidige leget\u00f8j endnu mere.<\/p>\n<p>Fuldend dit Balance Board med vores bl\u00f8de uldmadras, og giv dit barn timevis af sjov og komfort!<\/p>\n<p>M\u00e5l: 28 cm x 70 cm (passer f.eks. til en Wobbel Starter)<\/p>","protected":false},"featured_media":24649,"comment_status":"open","ping_status":"closed","template":"","meta":{"_acf_changed":false},"product_brand":[],"product_cat":[363,499],"product_tag":[],"class_list":{"0":"post-24655","1":"product","2":"type-product","3":"status-publish","4":"has-post-thumbnail","6":"product_cat-cadeaus-e25-e50","7":"product_cat-new-arrivals","9":"first","10":"instock","11":"taxable","12":"shipping-taxable","13":"purchasable","14":"product-type-simple"},"acf":[],"_links":{"self":[{"href":"https:\/\/woolskins.eu\/da\/wp-json\/wp\/v2\/product\/24655","targetHints":{"allow":["GET"]}}],"collection":[{"href":"https:\/\/woolskins.eu\/da\/wp-json\/wp\/v2\/product"}],"about":[{"href":"https:\/\/woolskins.eu\/da\/wp-json\/wp\/v2\/types\/product"}],"replies":[{"embeddable":true,"href":"https:\/\/woolskins.eu\/da\/wp-json\/wp\/v2\/comments?post=24655"}],"wp:featuredmedia":[{"embeddable":true,"href":"https:\/\/woolskins.eu\/da\/wp-json\/wp\/v2\/media\/24649"}],"wp:attachment":[{"href":"https:\/\/woolskins.eu\/da\/wp-json\/wp\/v2\/media?parent=24655"}],"wp:term":[{"taxonomy":"product_brand","embeddable":true,"href":"https:\/\/woolskins.eu\/da\/wp-json\/wp\/v2\/product_brand?post=24655"},{"taxonomy":"product_cat","embeddable":true,"href":"https:\/\/woolskins.eu\/da\/wp-json\/wp\/v2\/product_cat?post=24655"},{"taxonomy":"product_tag","embeddable":true,"href":"https:\/\/woolskins.eu\/da\/wp-json\/wp\/v2\/product_tag?post=24655"}],"curies":[{"name":"wp","href":"https:\/\/api.w.org\/{rel}","templated":true}]}}