{"id":23107,"date":"2024-12-20T11:25:25","date_gmt":"2024-12-20T11:25:25","guid":{"rendered":"https:\/\/woolskins.eu\/?post_type=product&#038;p=23107"},"modified":"2025-12-04T14:54:10","modified_gmt":"2025-12-04T14:54:10","slug":"vinterdragt-i-uld-til-babyer-med-tommelfinger-i-valnod","status":"publish","type":"product","link":"https:\/\/woolskins.eu\/da\/wollen-baby-winterpak-thumbled-walnoot\/","title":{"rendered":"Vinterdragt i uld til babyer | Teddy Hazelnut"},"content":{"rendered":"<p>Dette produkt har Safe for Children og Woolmark kvalitetsm\u00e6rket. Denne vinterdragt b\u00e6res over t\u00f8jet, s\u00e5 tag det i betragtning, n\u00e5r du v\u00e6lger den rigtige st\u00f8rrelse.<\/p>\n<p>- 100% elastisk jomfruuld, Woolmark-m\u00e6rke.<br \/>\n\u2013 Integrerede vanter og f\u00f8dder i \u00e6rme og ben.<br \/>\n\u2013 \u00c5bning forts\u00e6tter ind i r\u00f8ret.<br \/>\n\u2013 Se p\u00e5 &#039;St\u00f8rrelser i centimeter&#039; for den korrekte st\u00f8rrelse i cm.<\/p>\n<p>Vores Eco Wool vinterdragter er meget velegnede til de mindste takket v\u00e6re uldfibrenes naturlige egenskaber. Disse \u00e5nder og har den egenskab, at de fungerer som en naturlig termostat, der regulerer kropstemperaturen? Dette hj\u00e6lper din baby med at holde en stabil temperatur og holder din baby t\u00f8r og komfortabel.<\/p>\n<p data-start=\"63\" data-end=\"427\"><strong data-start=\"63\" data-end=\"83\">Vaskeanvisning<\/strong><\/p>\n<p data-start=\"63\" data-end=\"427\">For at holde dette teddystof i uld smukt og bl\u00f8dt anbefaler vi h\u00e5ndvask ved en temperatur p\u00e5 maks. 30 \u00b0C. V\u00e6r forsigtig, og brug et mildt uldvaskemiddel. Undg\u00e5 blegemiddel, strygning, t\u00f8rretumbler og centrifugering. Lad stoffet t\u00f8rre fladt for at bevare formen. Renseri er ogs\u00e5 muligt.<\/p>\n<p data-start=\"429\" data-end=\"552\">\u2728 <strong data-start=\"431\" data-end=\"439\">Tip:<\/strong> Uld beh\u00f8ver ikke at blive vasket ofte. En hurtig luftning udenfor er ofte nok til at holde stoffet friskt.<\/p>\n<p data-start=\"554\" data-end=\"817\">\ud83c\udf3f <strong data-start=\"557\" data-end=\"588\">Hvorfor uld er noget s\u00e6rligt: <\/strong>Uld er naturligt selvrensende og smudsafvisende. Lugt forsvinder blot ved at lufte stoffet, og snavs s\u00e6tter sig ikke s\u00e5 let fast som i andre materialer. S\u00e5 dit uldstof holder sig friskt i l\u00e6ngere tid uden megen vedligeholdelse.<\/p>\n<h5 class=\"Text1893342656__root Text1893342656---typography-11-runningText Text1893342656---priority-7-primary s8gg2 _2UIKs InfoSectionTitle3095652555__root\" aria-hidden=\"false\" data-hook=\"info-section-title\">St\u00f8rrelser i centimeter<\/h5>\n<div class=\"rah-static rah-static--height-auto\" aria-hidden=\"false\">\n<div>\n<div class=\"_1yvxJ fggS- cell\">\n<div class=\"WncCi\" data-hook=\"info-section-description\">\n<p>St\u00f8rrelse: 0-6 m\u00e5neder L\u00e6ngde: 60cm (skulder til bund) Bredde: 30cm (armhule).<br \/>\nSt\u00f8rrelse: 6-18 m\u00e5neder L\u00e6ngde: 68cm (skulder til bund) Bredde: 33cm (armhule).<\/p>\n<\/div>\n<\/div>\n<\/div>\n<\/div>","protected":false},"excerpt":{"rendered":"<p>Denne vinterdragt i elastisk uld er meget behagelig og varm. Fremstillet af 100%-uld for en ekstra glad baby. Den s\u00f8rger for, at din baby er helt klar til at g\u00e5 udenfor. \u00c5bningen g\u00e5r langt nok, s\u00e5 du nemt kan f\u00e5 din baby ind og ud. Takket v\u00e6re de praktiske betr\u00e6k p\u00e5 h\u00e6nder og f\u00f8dder bliver dit barn ikke koldt. Dragten er velegnet til for\u00e5r, vinter og efter\u00e5r. Takket v\u00e6re uldens absorberende egenskaber sveder dit barn ikke s\u00e5 let. (Billederne er af den beige version).<\/p>\n<p><strong>M\u00e6rke: Woolskins<\/strong><br \/>\n<strong>Produktion: Polen<\/strong><\/p>","protected":false},"featured_media":23111,"comment_status":"closed","ping_status":"closed","template":"","meta":{"_acf_changed":false},"product_brand":[],"product_cat":[200,196,344,319,463,194],"product_tag":[],"class_list":{"0":"post-23107","1":"product","2":"type-product","3":"status-publish","4":"has-post-thumbnail","6":"product_cat-wollen-babykleding","7":"product_cat-slaapkleding-baby","8":"product_cat-kleertjes","9":"product_cat-pakjes-en-jasjes","10":"product_cat-winterpak","11":"product_cat-wollen-babyproducten","12":"pa_maat-0-6-maanden","13":"pa_maat-6-18-maanden","15":"first","16":"instock","17":"taxable","18":"shipping-taxable","19":"purchasable","20":"product-type-variable"},"acf":[],"_links":{"self":[{"href":"https:\/\/woolskins.eu\/da\/wp-json\/wp\/v2\/product\/23107","targetHints":{"allow":["GET"]}}],"collection":[{"href":"https:\/\/woolskins.eu\/da\/wp-json\/wp\/v2\/product"}],"about":[{"href":"https:\/\/woolskins.eu\/da\/wp-json\/wp\/v2\/types\/product"}],"replies":[{"embeddable":true,"href":"https:\/\/woolskins.eu\/da\/wp-json\/wp\/v2\/comments?post=23107"}],"wp:featuredmedia":[{"embeddable":true,"href":"https:\/\/woolskins.eu\/da\/wp-json\/wp\/v2\/media\/23111"}],"wp:attachment":[{"href":"https:\/\/woolskins.eu\/da\/wp-json\/wp\/v2\/media?parent=23107"}],"wp:term":[{"taxonomy":"product_brand","embeddable":true,"href":"https:\/\/woolskins.eu\/da\/wp-json\/wp\/v2\/product_brand?post=23107"},{"taxonomy":"product_cat","embeddable":true,"href":"https:\/\/woolskins.eu\/da\/wp-json\/wp\/v2\/product_cat?post=23107"},{"taxonomy":"product_tag","embeddable":true,"href":"https:\/\/woolskins.eu\/da\/wp-json\/wp\/v2\/product_tag?post=23107"}],"curies":[{"name":"wp","href":"https:\/\/api.w.org\/{rel}","templated":true}]}}