{"id":22882,"date":"2024-12-04T10:14:21","date_gmt":"2024-12-04T10:14:21","guid":{"rendered":"https:\/\/woolskins.eu\/?post_type=product&#038;p=22882"},"modified":"2026-02-26T19:58:12","modified_gmt":"2026-02-26T19:58:12","slug":"uldne-fodposer-0-3-ar-zaffiro-igrow-4-0-antracit-beige","status":"publish","type":"product","link":"https:\/\/woolskins.eu\/da\/wollen-voetenzak-0-3-jaar-zaffiro-igrow-4-0-antraciet-beige\/","title":{"rendered":"Fodpose i uld 0-3 \u00e5r - Zaffiro iGrow 4.0 | Sort"},"content":{"rendered":"<p>iGrow 4.0 er en forbedret version af vores bestseller og f\u00e5s hos Woolskins i 4 farver. Denne fodpose er lavet af h\u00f8jkvalitets naturlig premium uld, der vokser med dit barn op til 3 \u00e5r takket v\u00e6re to l\u00e6ngdejusteringsmuligheder. Takket v\u00e6re brugen af langsg\u00e5ende huller til sikkerhedsseler passer den til modeller med et 5- og 3-punkts seleinstallationssystem samt modeller med p\u00e5satte seler, der holder barnet. Den nederste forl\u00e6ngede del af iGrow 4.0-modellen har en speciel beskyttende W\/R-bel\u00e6gning, der g\u00f8r det muligt for \u00e6ldre b\u00f8rn at k\u00f8re med sko.<\/p>\n<p>Denne Zaffiro fodpose er luksuri\u00f8s, varm og behagelig! Det specielle ydre lag er vand- og vindt\u00e6t, s\u00e5 dit barn altid er beskyttet mod kulden. Der er brugt to lag uldfleece p\u00e5 indersiden for ekstra varme og komfort.<\/p>\n<p>Fodposen kan justeres i l\u00e6ngden, dette er muligt ved at lukke den nederste del op. Dette afh\u00e6nger af dit lille barns alder og behov. Fodposen har sn\u00f8re i kraven, hvilket g\u00f8r den let at tilpasse til formen p\u00e5 dit lille hoved.<\/p>\n<p>N\u00e5r den nederste del er lukket op, er den velegnet til rejseseng og autostole. N\u00e5r du har lynet bunddelen til fodposen, er den velegnet til barnevogne.<\/p>\n<p>Egenskaber:<\/p>\n<p>\u2013 M\u00e5l: 84\/106 x 45 cm.<br \/>\n\u2013 Beregnet til b\u00f8rn fra f\u00f8dslen til mindst 3 \u00e5r.<br \/>\n\u2013 Passer til alle klapvognsmodeller.<br \/>\n\u2013 Smudsafvisende materiale til at afvise snavs.<br \/>\n\u2013 Vind- og vandt\u00e6t (beskytter mod regn og sne).<br \/>\n\u2013 God isolering takket v\u00e6re den varme premium f\u00e5reuld.<br \/>\n\u2013 Anti-allergisk fluffy non-woven stof 300g\/m2 bag i soveposen, og foran p\u00e5 dynen 450g\/m2.<br \/>\n\u2013 Den \u00f8verste del af soveposen kan strammes med en sn\u00f8re for at danne en varm h\u00e6tte.<br \/>\n\u2013 Betr\u00e6kket kan h\u00e6ves for at beskytte barnets hoved og nakke endnu bedre mod vind og frost.<br \/>\n\u2013 Toppen kan lynes helt ud.<br \/>\n\u2013 Glider ikke let ned i klapvognen eller sl\u00e6den.<\/p>\n<p>Premium uld<br \/>\niGrow 4.0 soveposen er lavet af fibre af h\u00f8jeste kvalitet beriget med yderligere specialiserede processer, hvilket skaber et h\u00e5rd\u00e6ksel p\u00e5 begge sider af stoffet. Takket v\u00e6re disse egenskaber er ulden i vores soveposer hygroskopisk, absorberer fugt perfekt og beskytter mod varmetab. Ulden, der bruges i iGrow 4.0 soveposen, holder bedre p\u00e5 varmen end almindelig uld, takket v\u00e6re to lag uldfleece.<\/p>\n<p>Den naturlige, bl\u00f8de PREMIUM f\u00e5reuld, der bruges til at producere soveposen, er perfekt til kolde vintre og varmere dage. Det sikrer endnu bedre naturlig termoregulering, s\u00e5 det effektivt beskytter barnet selv i h\u00e5rd frost og sikrer, at barnet ikke bliver overophedet p\u00e5 varme dage. F\u00e5reuld har ogs\u00e5 anti-allergiske egenskaber og er modstandsdygtig over for udvikling af mider. Det har hygiejniske og selvrensende egenskaber. Neutraliserer ubehagelige lugte og snavs.<\/p>\n<p>Sammens\u00e6tning:<br \/>\nD\u00e6kstof: 100% polyester; inderstof: 100% uldfleece; fyld: 100% polyester.<\/p>","protected":false},"excerpt":{"rendered":"<p>Nyd at g\u00e5 ud med dit barn i denne varme uldne fodpose fra Zaffiro. Indersiden af fods\u00e6kken er lavet af h\u00f8jkvalitets naturlig premium uld og vokser med dit barn i op til 3 \u00e5r takket v\u00e6re den ekstra fastg\u00f8relse. Fodposen kan justeres i l\u00e6ngden, dette er muligt ved at \u00e5bne den nederste del. Takket v\u00e6re de langsg\u00e5ende \u00e5bninger til sikkerhedsseler passer den til b\u00e5de 5- og 3-punkts seleinstallationssystemer samt modeller med fastgjorte stropper. Den nederste forl\u00e6ngede del har en speciel beskyttende vandafvisende bel\u00e6gning, s\u00e5 st\u00f8rre b\u00f8rn kan passe ind i den med sko. Denne Zaffiro uld fodpose er luksuri\u00f8s, varm og behagelig! Det specielle ydre lag er vand- og vindt\u00e6t, s\u00e5 dit barn altid er beskyttet mod kulden. Der er brugt to lag uldfleece indeni for ekstra varme og komfort. Zaffiro uldfods\u00e6kken kan bruges hele \u00e5ret rundt, men er mest anvendelig om vinteren og efter\u00e5ret. Du kan regne med, at dit barn har det dejligt varmt og yderst behageligt i denne fodpose fra Zaffiro. Nedenfor finder du mere information.<\/p>\n<p><strong>M\u00e6rke: Zaffiro<\/strong><br \/>\n<strong>Produktion: Polen<br \/>\nKeur: Oeko-Tex Standard<\/strong><\/p>\n<p><img loading=\"lazy\" decoding=\"async\" class=\"alignnone wp-image-28173 entered lazyloaded\" src=\"https:\/\/woolskins.eu\/wp-content\/uploads\/2024\/05\/csm_OEKO-TEX_Logo_2022_rgb_c1aaeb5ceb-300x300.jpg\" alt=\"\" width=\"89\" height=\"89\" data-lazy-src=\"https:\/\/woolskins.eu\/wp-content\/uploads\/2024\/05\/csm_OEKO-TEX_Logo_2022_rgb_c1aaeb5ceb-300x300.jpg\" data-ll-status=\"loaded\" srcset=\"https:\/\/woolskins.eu\/wp-content\/uploads\/2024\/05\/csm_OEKO-TEX_Logo_2022_rgb_c1aaeb5ceb-300x300.jpg 300w, https:\/\/woolskins.eu\/wp-content\/uploads\/2024\/05\/csm_OEKO-TEX_Logo_2022_rgb_c1aaeb5ceb-150x150.jpg 150w, https:\/\/woolskins.eu\/wp-content\/uploads\/2024\/05\/csm_OEKO-TEX_Logo_2022_rgb_c1aaeb5ceb-768x769.jpg 768w, https:\/\/woolskins.eu\/wp-content\/uploads\/2024\/05\/csm_OEKO-TEX_Logo_2022_rgb_c1aaeb5ceb-12x12.jpg 12w, https:\/\/woolskins.eu\/wp-content\/uploads\/2024\/05\/csm_OEKO-TEX_Logo_2022_rgb_c1aaeb5ceb-600x601.jpg 600w, https:\/\/woolskins.eu\/wp-content\/uploads\/2024\/05\/csm_OEKO-TEX_Logo_2022_rgb_c1aaeb5ceb-100x100.jpg 100w, https:\/\/woolskins.eu\/wp-content\/uploads\/2024\/05\/csm_OEKO-TEX_Logo_2022_rgb_c1aaeb5ceb-64x64.jpg 64w, https:\/\/woolskins.eu\/wp-content\/uploads\/2024\/05\/csm_OEKO-TEX_Logo_2022_rgb_c1aaeb5ceb.jpg 885w\" sizes=\"auto, (max-width: 89px) 100vw, 89px\" \/><\/p>","protected":false},"featured_media":20279,"comment_status":"closed","ping_status":"closed","template":"","meta":{"_acf_changed":false},"product_brand":[],"product_cat":[352,336,502],"product_tag":[],"class_list":{"0":"post-22882","1":"product","2":"type-product","3":"status-publish","4":"has-post-thumbnail","6":"product_cat-merken","7":"product_cat-voetenzakken","8":"product_cat-zaffiro","10":"first","11":"instock","12":"sale","13":"taxable","14":"shipping-taxable","15":"purchasable","16":"product-type-simple"},"acf":[],"_links":{"self":[{"href":"https:\/\/woolskins.eu\/da\/wp-json\/wp\/v2\/product\/22882","targetHints":{"allow":["GET"]}}],"collection":[{"href":"https:\/\/woolskins.eu\/da\/wp-json\/wp\/v2\/product"}],"about":[{"href":"https:\/\/woolskins.eu\/da\/wp-json\/wp\/v2\/types\/product"}],"replies":[{"embeddable":true,"href":"https:\/\/woolskins.eu\/da\/wp-json\/wp\/v2\/comments?post=22882"}],"wp:featuredmedia":[{"embeddable":true,"href":"https:\/\/woolskins.eu\/da\/wp-json\/wp\/v2\/media\/20279"}],"wp:attachment":[{"href":"https:\/\/woolskins.eu\/da\/wp-json\/wp\/v2\/media?parent=22882"}],"wp:term":[{"taxonomy":"product_brand","embeddable":true,"href":"https:\/\/woolskins.eu\/da\/wp-json\/wp\/v2\/product_brand?post=22882"},{"taxonomy":"product_cat","embeddable":true,"href":"https:\/\/woolskins.eu\/da\/wp-json\/wp\/v2\/product_cat?post=22882"},{"taxonomy":"product_tag","embeddable":true,"href":"https:\/\/woolskins.eu\/da\/wp-json\/wp\/v2\/product_tag?post=22882"}],"curies":[{"name":"wp","href":"https:\/\/api.w.org\/{rel}","templated":true}]}}