{"id":21523,"date":"2024-09-25T10:02:14","date_gmt":"2024-09-25T10:02:14","guid":{"rendered":"https:\/\/woolskins.eu\/?post_type=product&#038;p=21523"},"modified":"2025-12-17T12:01:37","modified_gmt":"2025-12-17T12:01:37","slug":"uldvanter-unisex-zaffiro-filtet-beige-kopi","status":"publish","type":"product","link":"https:\/\/woolskins.eu\/da\/wollen-wanten-unisex-zaffiro-felted-beige-kopie\/","title":{"rendered":"Unisex uldvanter - Zaffiro | Filtet lysegr\u00e5"},"content":{"rendered":"<h5>Vanter i uld - Zaffiro<\/h5>\n<p>Hold dine h\u00e6nder dejligt varme og komfortable med Zaffiros uldvanter. Disse varme uldvanter er den perfekte m\u00e5de at holde h\u00e6nderne varme p\u00e5 kolde dage. De er lavet af bl\u00f8d, naturlig filtet premium-uld og er sk\u00e5nsomme mod f\u00f8lsom hud. Uldvanterne giver fremragende isolering, n\u00e5r du er p\u00e5 farten med din baby.<\/p>\n<p>Et par funktioner:<\/p>\n<ul>\n<li>Varme: Uld isolerer naturligt og holder din babys h\u00e6nder dejlig varme selv i det koldeste vejr.<\/li>\n<li>Bl\u00f8dhed: Vanterne er lavet af luksuri\u00f8st bl\u00f8dt uld, der ikke vil irritere din babys hud.<\/li>\n<li>\u00c5ndbarhed: Uld er naturligt \u00e5ndbart og holder din babys h\u00e6nder behagelige og svedfri.<\/li>\n<li>Vanterne kan nemt kombineres med alle andre produkter fra vores Filted kollektion.<\/li>\n<\/ul>\n<p data-sourcepos=\"5:1-5:57\">St\u00f8rrelse: One Size S\/M (l\u00e6ngde 27 cm x 10,5 cm)<\/p>\n<h5>Zaffiro<\/h5>\n<p>Zaffiro-virksomheden er en polsk familievirksomhed. Siden vores begyndelse i 1989 har vi specialiseret os i produktion af baby- og b\u00f8rneprodukter, og det meste af det, vi producerer, eksporteres til mere end 40 lande. Vi skabte Zaffiro-m\u00e6rket for at promovere produkter, der st\u00f8tter for\u00e6ldre, der er opm\u00e6rksomme p\u00e5 vigtigheden af intimitet og binding til deres baby fra de f\u00f8rste timer efter f\u00f8dslen. Vi fremmer konceptet med at b\u00e6re b\u00f8rn &#039;hjerte udenad&#039; i sejl og b\u00e6reseler, genintroducere, genopdage og udvikle tidligere generationers kloge tradition under hensyntagen til nutidig psykologisk forskning.<\/p>","protected":false},"excerpt":{"rendered":"<p>Hold dine h\u00e6nder dejligt varme og komfortable med Zaffiros uldvanter. Disse varme uldvanter er den perfekte m\u00e5de at holde h\u00e6nderne varme p\u00e5 kolde dage. De er lavet af bl\u00f8d, naturlig filtet premium-uld og er sk\u00e5nsomme mod f\u00f8lsom hud. Uldvanterne giver fremragende isolering, n\u00e5r du er p\u00e5 farten p\u00e5 de lidt koldere dage.<\/p>\n<p>St\u00f8rrelse: One Size S\/M (l\u00e6ngde 27 cm x 10,5 cm)<\/p>\n<div class=\"woocommerce-product-details__short-description\">\n<p><strong>M\u00e6rke: Zaffiro<\/strong><br \/>\n<strong>Produktion: Polen<br \/>\nKeur: Oeko-Tex Standard<\/strong><\/p>\n<p><img loading=\"lazy\" decoding=\"async\" class=\"alignnone wp-image-28173 entered lazyloaded\" src=\"https:\/\/woolskins.eu\/wp-content\/uploads\/2024\/05\/csm_OEKO-TEX_Logo_2022_rgb_c1aaeb5ceb-300x300.jpg\" alt=\"\" width=\"89\" height=\"89\" data-lazy-src=\"https:\/\/woolskins.eu\/wp-content\/uploads\/2024\/05\/csm_OEKO-TEX_Logo_2022_rgb_c1aaeb5ceb-300x300.jpg\" data-ll-status=\"loaded\" srcset=\"https:\/\/woolskins.eu\/wp-content\/uploads\/2024\/05\/csm_OEKO-TEX_Logo_2022_rgb_c1aaeb5ceb-300x300.jpg 300w, https:\/\/woolskins.eu\/wp-content\/uploads\/2024\/05\/csm_OEKO-TEX_Logo_2022_rgb_c1aaeb5ceb-150x150.jpg 150w, https:\/\/woolskins.eu\/wp-content\/uploads\/2024\/05\/csm_OEKO-TEX_Logo_2022_rgb_c1aaeb5ceb-768x769.jpg 768w, https:\/\/woolskins.eu\/wp-content\/uploads\/2024\/05\/csm_OEKO-TEX_Logo_2022_rgb_c1aaeb5ceb-12x12.jpg 12w, https:\/\/woolskins.eu\/wp-content\/uploads\/2024\/05\/csm_OEKO-TEX_Logo_2022_rgb_c1aaeb5ceb-600x601.jpg 600w, https:\/\/woolskins.eu\/wp-content\/uploads\/2024\/05\/csm_OEKO-TEX_Logo_2022_rgb_c1aaeb5ceb-100x100.jpg 100w, https:\/\/woolskins.eu\/wp-content\/uploads\/2024\/05\/csm_OEKO-TEX_Logo_2022_rgb_c1aaeb5ceb-64x64.jpg 64w, https:\/\/woolskins.eu\/wp-content\/uploads\/2024\/05\/csm_OEKO-TEX_Logo_2022_rgb_c1aaeb5ceb.jpg 885w\" sizes=\"auto, (max-width: 89px) 100vw, 89px\" \/><\/p>\n<\/div>","protected":false},"featured_media":21522,"comment_status":"open","ping_status":"closed","template":"","meta":{"_acf_changed":false},"product_brand":[],"product_cat":[502,351,363,350,31],"product_tag":[],"class_list":{"0":"post-21523","1":"product","2":"type-product","3":"status-publish","4":"has-post-thumbnail","6":"product_cat-zaffiro","7":"product_cat-accessoiresvoormama","8":"product_cat-cadeaus-e25-e50","9":"product_cat-fashion","10":"product_cat-yogamat-wol","12":"first","13":"instock","14":"taxable","15":"shipping-taxable","16":"purchasable","17":"product-type-simple"},"acf":[],"_links":{"self":[{"href":"https:\/\/woolskins.eu\/da\/wp-json\/wp\/v2\/product\/21523","targetHints":{"allow":["GET"]}}],"collection":[{"href":"https:\/\/woolskins.eu\/da\/wp-json\/wp\/v2\/product"}],"about":[{"href":"https:\/\/woolskins.eu\/da\/wp-json\/wp\/v2\/types\/product"}],"replies":[{"embeddable":true,"href":"https:\/\/woolskins.eu\/da\/wp-json\/wp\/v2\/comments?post=21523"}],"wp:featuredmedia":[{"embeddable":true,"href":"https:\/\/woolskins.eu\/da\/wp-json\/wp\/v2\/media\/21522"}],"wp:attachment":[{"href":"https:\/\/woolskins.eu\/da\/wp-json\/wp\/v2\/media?parent=21523"}],"wp:term":[{"taxonomy":"product_brand","embeddable":true,"href":"https:\/\/woolskins.eu\/da\/wp-json\/wp\/v2\/product_brand?post=21523"},{"taxonomy":"product_cat","embeddable":true,"href":"https:\/\/woolskins.eu\/da\/wp-json\/wp\/v2\/product_cat?post=21523"},{"taxonomy":"product_tag","embeddable":true,"href":"https:\/\/woolskins.eu\/da\/wp-json\/wp\/v2\/product_tag?post=21523"}],"curies":[{"name":"wp","href":"https:\/\/api.w.org\/{rel}","templated":true}]}}