{"id":21443,"date":"2024-09-20T11:40:48","date_gmt":"2024-09-20T11:40:48","guid":{"rendered":"https:\/\/woolskins.eu\/?post_type=product&#038;p=21443"},"modified":"2025-12-17T12:12:33","modified_gmt":"2025-12-17T12:12:33","slug":"uld-bodywarmer-unisex-voksen-zaffiro-beige-filtet","status":"publish","type":"product","link":"https:\/\/woolskins.eu\/da\/wollen-bodywarmer-unisex-adult-zaffiro-beige-felted\/","title":{"rendered":"Bodywarmer i uld Unisex Voksen - Zaffiro | Beige Filtet"},"content":{"rendered":"<p>Hold dig stilfuldt varm med denne elegante Zaffiro Bodywarmer fremstillet af 100% luksuri\u00f8s premium-uld. Den bl\u00f8de og behagelige premium-uld holder din krop dejlig varm og komfortabel, n\u00e5r regnen bliver lidt k\u00f8lig. Perfekt til at have p\u00e5 i flere lag, ideel til kolde dage og udend\u00f8rs eventyr. Vesten har en h\u00f8j lynl\u00e5slukning og store lommer, der holder h\u00e6nderne varme.<\/p>\n<p>Vigtige funktioner:<\/p>\n<ul>\n<li>Uld af h\u00f8j kvalitet: Giver overlegen varme og komfort.<\/li>\n<li>Stilfuldt design: Kompletterer ethvert outfit med sit klassiske snit.<\/li>\n<li>Praktiske lommer: Hold h\u00e6nderne varme og de vigtigste ting inden for r\u00e6kkevidde.<\/li>\n<li>Holdbar: Lavet til at holde i \u00e5revis.<\/li>\n<\/ul>\n<p>Oplev komforten og elegancen i Zaffiro.<\/p>\n<h5>Premium uld<\/h5>\n<p>Den naturlige, bl\u00f8de PREMIUM f\u00e5reuld, der bruges til at producere soveposen, er perfekt til kolde vintre og varmere dage. Det sikrer endnu bedre naturlig termoregulering, s\u00e5 det effektivt beskytter barnet selv i h\u00e5rd frost og sikrer, at barnet ikke bliver overophedet p\u00e5 varme dage. F\u00e5reuld har ogs\u00e5 anti-allergiske egenskaber og er modstandsdygtig over for udvikling af mider. Det har hygiejniske og selvrensende egenskaber. Neutraliserer ubehagelige lugte og snavs.<\/p>\n<h5>Zaffiro<\/h5>\n<p>Virksomheden Zaffiro er en polsk familiedrevet virksomhed. Siden starten i 1989 har vi specialiseret os i produktion af baby- og b\u00f8rneprodukter, og det meste af det, vi producerer, eksporteres til mere end 40 lande. Vi skabte Zaffiro-m\u00e6rket for at fremme produkter, der st\u00f8tter for\u00e6ldre, som er bevidste om vigtigheden af intimitet og tilknytning til deres baby fra de f\u00f8rste timer efter f\u00f8dslen. Vi fremmer konceptet med at b\u00e6re b\u00f8rn \u2018hjerte til hjerte\u2019 i slynger og b\u00e6reseler og genindf\u00f8rer den kloge tradition fra tidligere generationer, genopdaget og udviklet under hensyntagen til moderne psykologisk forskning.<\/p>","protected":false},"excerpt":{"rendered":"<p>Hold dig stilfuldt varm med denne elegante Zaffiro Bodywarmer fremstillet af 100% luksuri\u00f8s premium-uld. Den bl\u00f8de og behagelige premium-uld holder din krop dejlig varm og komfortabel, n\u00e5r regnen bliver lidt k\u00f8lig. Perfekt til at have p\u00e5 i flere lag, ideel til kolde dage og udend\u00f8rs eventyr. Vesten har en h\u00f8j lynl\u00e5slukning og store lommer, der holder h\u00e6nderne varme.<\/p>\n<p><strong>M\u00e6rke: Zaffiro<\/strong><br \/>\n<strong>Produktion: Polen<br \/>\nKeur: Oeko-Tex Standard<\/strong><\/p>\n<p><img loading=\"lazy\" decoding=\"async\" class=\"alignnone wp-image-28173 entered lazyloaded\" src=\"https:\/\/woolskins.eu\/wp-content\/uploads\/2024\/05\/csm_OEKO-TEX_Logo_2022_rgb_c1aaeb5ceb-300x300.jpg\" alt=\"\" width=\"89\" height=\"89\" data-lazy-src=\"https:\/\/woolskins.eu\/wp-content\/uploads\/2024\/05\/csm_OEKO-TEX_Logo_2022_rgb_c1aaeb5ceb-300x300.jpg\" data-ll-status=\"loaded\" srcset=\"https:\/\/woolskins.eu\/wp-content\/uploads\/2024\/05\/csm_OEKO-TEX_Logo_2022_rgb_c1aaeb5ceb-300x300.jpg 300w, https:\/\/woolskins.eu\/wp-content\/uploads\/2024\/05\/csm_OEKO-TEX_Logo_2022_rgb_c1aaeb5ceb-150x150.jpg 150w, https:\/\/woolskins.eu\/wp-content\/uploads\/2024\/05\/csm_OEKO-TEX_Logo_2022_rgb_c1aaeb5ceb-768x769.jpg 768w, https:\/\/woolskins.eu\/wp-content\/uploads\/2024\/05\/csm_OEKO-TEX_Logo_2022_rgb_c1aaeb5ceb-12x12.jpg 12w, https:\/\/woolskins.eu\/wp-content\/uploads\/2024\/05\/csm_OEKO-TEX_Logo_2022_rgb_c1aaeb5ceb-600x601.jpg 600w, https:\/\/woolskins.eu\/wp-content\/uploads\/2024\/05\/csm_OEKO-TEX_Logo_2022_rgb_c1aaeb5ceb-100x100.jpg 100w, https:\/\/woolskins.eu\/wp-content\/uploads\/2024\/05\/csm_OEKO-TEX_Logo_2022_rgb_c1aaeb5ceb-64x64.jpg 64w, https:\/\/woolskins.eu\/wp-content\/uploads\/2024\/05\/csm_OEKO-TEX_Logo_2022_rgb_c1aaeb5ceb.jpg 885w\" sizes=\"auto, (max-width: 89px) 100vw, 89px\" \/><\/p>","protected":false},"featured_media":21447,"comment_status":"open","ping_status":"closed","template":"","meta":{"_acf_changed":false},"product_brand":[],"product_cat":[360,364,350,31,502],"product_tag":[424,420,421,422,425,507],"class_list":{"0":"post-21443","1":"product","2":"type-product","3":"status-publish","4":"has-post-thumbnail","6":"product_cat-cadeautips","7":"product_cat-cadeaus-vanaf-e50","8":"product_cat-fashion","9":"product_cat-yogamat-wol","10":"product_cat-zaffiro","11":"product_tag-alwero-bodywarmer","12":"product_tag-bodywarmer-wol","13":"product_tag-wollen-bodywarmer","14":"product_tag-wool-vest","15":"product_tag-woolskins","16":"product_tag-zaffiro","17":"pa_maat-adult-size-l","18":"pa_maat-adult-size-m","19":"pa_maat-adult-size-s","20":"pa_maat-adult-size-xl","22":"first","23":"outofstock","24":"taxable","25":"shipping-taxable","26":"purchasable","27":"product-type-variable"},"acf":[],"_links":{"self":[{"href":"https:\/\/woolskins.eu\/da\/wp-json\/wp\/v2\/product\/21443","targetHints":{"allow":["GET"]}}],"collection":[{"href":"https:\/\/woolskins.eu\/da\/wp-json\/wp\/v2\/product"}],"about":[{"href":"https:\/\/woolskins.eu\/da\/wp-json\/wp\/v2\/types\/product"}],"replies":[{"embeddable":true,"href":"https:\/\/woolskins.eu\/da\/wp-json\/wp\/v2\/comments?post=21443"}],"wp:featuredmedia":[{"embeddable":true,"href":"https:\/\/woolskins.eu\/da\/wp-json\/wp\/v2\/media\/21447"}],"wp:attachment":[{"href":"https:\/\/woolskins.eu\/da\/wp-json\/wp\/v2\/media?parent=21443"}],"wp:term":[{"taxonomy":"product_brand","embeddable":true,"href":"https:\/\/woolskins.eu\/da\/wp-json\/wp\/v2\/product_brand?post=21443"},{"taxonomy":"product_cat","embeddable":true,"href":"https:\/\/woolskins.eu\/da\/wp-json\/wp\/v2\/product_cat?post=21443"},{"taxonomy":"product_tag","embeddable":true,"href":"https:\/\/woolskins.eu\/da\/wp-json\/wp\/v2\/product_tag?post=21443"}],"curies":[{"name":"wp","href":"https:\/\/api.w.org\/{rel}","templated":true}]}}