{"id":21414,"date":"2024-09-20T09:10:34","date_gmt":"2024-09-20T09:10:34","guid":{"rendered":"https:\/\/woolskins.eu\/?post_type=product&#038;p=21414"},"modified":"2026-03-30T10:49:16","modified_gmt":"2026-03-30T10:49:16","slug":"uldhue-til-baby","status":"publish","type":"product","link":"https:\/\/woolskins.eu\/da\/babymuts-wol\/","title":{"rendered":"Babyhue i uld \u2018Tulip\u2019 Newborn - Zaffiro | Teddy beige"},"content":{"rendered":"<p>Zaffiro Wool \u2018Tulip\u2019 Baby Hat vil holde din baby vidunderligt varm. Denne stilfulde babyhue fra Zaffiro er lavet af bl\u00f8dt lammeuld af h\u00f8j kvalitet og giver enest\u00e5ende komfort og varme. Den unikke tulipanform sikrer en god pasform og beskytter din babys sarte hoved og \u00f8rer mod kulde og vind. Huen har snore til at binde med og har en s\u00f8d kant og pompon. H\u00e5ndlavet og fremstillet af 100% lammeuld<\/p>\n<p>egenskaber:<\/p>\n<ul>\n<li>Premium lammeuld: Giver optimal varme og bl\u00f8dhed til f\u00f8lsom hud.<\/li>\n<li>Klassisk tulipandesign: Giver en stilfuld og behagelig pasform.<\/li>\n<li>Holdbar: Lavet til at holde, selv ved hyppig brug.<\/li>\n<li>Let at vedligeholde: Let at reng\u00f8re og vedligeholde.<\/li>\n<\/ul>\n<p>Perfekt til:<\/p>\n<ul>\n<li>Daglige udflugter og eventyr.<\/li>\n<li>Vintervejr og kolde aftener.<\/li>\n<li>Gaver til nybagte for\u00e6ldre.<\/li>\n<\/ul>\n<p>V\u00e6lg Zaffiro Tulip Wool Baby Hat for at f\u00e5 et strejf af elegance og praktisk varme. Babyhue i uld.<\/p>\n<p data-start=\"63\" data-end=\"427\"><strong data-start=\"63\" data-end=\"83\">Vaskeanvisning<\/strong><\/p>\n<p data-start=\"63\" data-end=\"427\">For at holde dette teddystof i uld smukt og bl\u00f8dt anbefaler vi h\u00e5ndvask ved en temperatur p\u00e5 maks. 30 \u00b0C. V\u00e6r forsigtig, og brug et mildt uldvaskemiddel. Undg\u00e5 blegemiddel, strygning, t\u00f8rretumbler og centrifugering. Lad stoffet t\u00f8rre fladt for at bevare formen. Renseri er ogs\u00e5 muligt.<\/p>\n<p data-start=\"429\" data-end=\"552\">\u2728 <strong data-start=\"431\" data-end=\"439\">Tip:<\/strong> Uld beh\u00f8ver ikke at blive vasket ofte. En hurtig luftning udenfor er ofte nok til at holde stoffet friskt.<\/p>\n<p data-start=\"554\" data-end=\"817\">\ud83c\udf3f <strong data-start=\"557\" data-end=\"588\">Hvorfor uld er noget s\u00e6rligt: <\/strong>Uld er naturligt selvrensende og smudsafvisende. Lugt forsvinder blot ved at lufte stoffet, og snavs s\u00e6tter sig ikke s\u00e5 let fast som i andre materialer. S\u00e5 dit uldstof holder sig friskt i l\u00e6ngere tid uden megen vedligeholdelse.<\/p>","protected":false},"excerpt":{"rendered":"<p>Zaffiro Wool \u2018Tulip\u2019 Baby Hat vil holde din baby vidunderligt varm. Denne stilfulde babyhue fra Zaffiro er lavet af bl\u00f8dt lammeuld af h\u00f8j kvalitet og giver enest\u00e5ende komfort og varme. Den unikke tulipanform sikrer en god pasform og beskytter din babys sarte hoved og \u00f8rer mod kulde og vind. Huen har snore til at binde med og har en s\u00f8d kant og pompon. H\u00e5ndlavet og fremstillet af 100%-lammeuld. Babyhue i uld<\/p>\n<p><strong>M\u00e6rke: Zaffiro<\/strong><br \/>\n<strong>Produktion: Polen<br \/>\nKeur: Oeko-Tex Standard<\/strong><\/p>\n<p><img loading=\"lazy\" decoding=\"async\" class=\"alignnone wp-image-28173 entered lazyloaded\" src=\"https:\/\/woolskins.eu\/wp-content\/uploads\/2024\/05\/csm_OEKO-TEX_Logo_2022_rgb_c1aaeb5ceb-300x300.jpg\" alt=\"\" width=\"89\" height=\"89\" data-lazy-src=\"https:\/\/woolskins.eu\/wp-content\/uploads\/2024\/05\/csm_OEKO-TEX_Logo_2022_rgb_c1aaeb5ceb-300x300.jpg\" data-ll-status=\"loaded\" srcset=\"https:\/\/woolskins.eu\/wp-content\/uploads\/2024\/05\/csm_OEKO-TEX_Logo_2022_rgb_c1aaeb5ceb-300x300.jpg 300w, https:\/\/woolskins.eu\/wp-content\/uploads\/2024\/05\/csm_OEKO-TEX_Logo_2022_rgb_c1aaeb5ceb-150x150.jpg 150w, https:\/\/woolskins.eu\/wp-content\/uploads\/2024\/05\/csm_OEKO-TEX_Logo_2022_rgb_c1aaeb5ceb-768x769.jpg 768w, https:\/\/woolskins.eu\/wp-content\/uploads\/2024\/05\/csm_OEKO-TEX_Logo_2022_rgb_c1aaeb5ceb-12x12.jpg 12w, https:\/\/woolskins.eu\/wp-content\/uploads\/2024\/05\/csm_OEKO-TEX_Logo_2022_rgb_c1aaeb5ceb-600x601.jpg 600w, https:\/\/woolskins.eu\/wp-content\/uploads\/2024\/05\/csm_OEKO-TEX_Logo_2022_rgb_c1aaeb5ceb-100x100.jpg 100w, https:\/\/woolskins.eu\/wp-content\/uploads\/2024\/05\/csm_OEKO-TEX_Logo_2022_rgb_c1aaeb5ceb-64x64.jpg 64w, https:\/\/woolskins.eu\/wp-content\/uploads\/2024\/05\/csm_OEKO-TEX_Logo_2022_rgb_c1aaeb5ceb.jpg 885w\" sizes=\"auto, (max-width: 89px) 100vw, 89px\" \/><\/p>","protected":false},"featured_media":21422,"comment_status":"open","ping_status":"closed","template":"","meta":{"_acf_changed":false},"product_brand":[],"product_cat":[361,363,200,352,499,196,346,502],"product_tag":[],"class_list":{"0":"post-21414","1":"product","2":"type-product","3":"status-publish","4":"has-post-thumbnail","6":"product_cat-babyshower","7":"product_cat-cadeaus-e25-e50","8":"product_cat-wollen-babykleding","9":"product_cat-merken","10":"product_cat-new-arrivals","11":"product_cat-slaapkleding-baby","12":"product_cat-mutsjesensjaaltjes","13":"product_cat-zaffiro","15":"first","16":"instock","17":"taxable","18":"shipping-taxable","19":"purchasable","20":"product-type-variable"},"acf":[],"_links":{"self":[{"href":"https:\/\/woolskins.eu\/da\/wp-json\/wp\/v2\/product\/21414","targetHints":{"allow":["GET"]}}],"collection":[{"href":"https:\/\/woolskins.eu\/da\/wp-json\/wp\/v2\/product"}],"about":[{"href":"https:\/\/woolskins.eu\/da\/wp-json\/wp\/v2\/types\/product"}],"replies":[{"embeddable":true,"href":"https:\/\/woolskins.eu\/da\/wp-json\/wp\/v2\/comments?post=21414"}],"wp:featuredmedia":[{"embeddable":true,"href":"https:\/\/woolskins.eu\/da\/wp-json\/wp\/v2\/media\/21422"}],"wp:attachment":[{"href":"https:\/\/woolskins.eu\/da\/wp-json\/wp\/v2\/media?parent=21414"}],"wp:term":[{"taxonomy":"product_brand","embeddable":true,"href":"https:\/\/woolskins.eu\/da\/wp-json\/wp\/v2\/product_brand?post=21414"},{"taxonomy":"product_cat","embeddable":true,"href":"https:\/\/woolskins.eu\/da\/wp-json\/wp\/v2\/product_cat?post=21414"},{"taxonomy":"product_tag","embeddable":true,"href":"https:\/\/woolskins.eu\/da\/wp-json\/wp\/v2\/product_tag?post=21414"}],"curies":[{"name":"wp","href":"https:\/\/api.w.org\/{rel}","templated":true}]}}