{"id":21413,"date":"2024-09-20T08:20:02","date_gmt":"2024-09-20T08:20:02","guid":{"rendered":"https:\/\/woolskins.eu\/?post_type=product&#038;p=21413"},"modified":"2026-01-06T11:22:27","modified_gmt":"2026-01-06T11:22:27","slug":"handvarmere-til-barnevogn-zaffiro-igrow-4-0-sort-beige","status":"publish","type":"product","link":"https:\/\/woolskins.eu\/da\/handwarmers-voor-kinderwagen-zaffiro-igrow-4-0-zwart-beige\/","title":{"rendered":"H\u00e5ndvarmere til barnevogn - Zaffiro iGrow 4.0 | Sort\/beige"},"content":{"rendered":"<p>2-i-1 h\u00e5ndvarmere til barnevogn Premium uld. Disse h\u00e5ndvarmere\/\u00e6rmer er perfekte til alle, der kan lide at g\u00e5 lange ture med b\u00f8rnene i det fri. H\u00e5ndvarmerne er fyldt med naturlig, f\u00f8rsteklasses f\u00e5reuld, som er meget behagelig og varm at r\u00f8re ved. Takket v\u00e6re det vand- og vindt\u00e6tte ydre f\u00e5r du ikke s\u00e5 let kolde h\u00e6nder. H\u00e5ndvarmerne er nemme at montere sammen eller hver for sig p\u00e5 barnevognen. De er meget effektive at bruge, da du blot skubber h\u00e6nderne ind og tager dem ud igen, n\u00e5r du har noget tilbage.<\/p>\n<p>Egenskaber:<\/p>\n<p>- M\u00e5l: 38x26cm<br \/>\n- universel st\u00f8rrelse<br \/>\n- kan bruges som \u00e9t \u00e6rme eller som to separate handsker<br \/>\n- Passer til alle barnevognsmodeller<br \/>\n- Pletafvisende stof for at undg\u00e5 snavs<br \/>\n- Vind- og vandt\u00e6t (beskytter mod regn og sne)<\/p>\n<p>Premium uld<br \/>\nZaffiros h\u00e5ndvarmere til barnevogn og klapvogn er fremstillet af fibre af h\u00f8jeste kvalitet, der er beriget med yderligere specialiseret forarbejdning, hvilket skaber h\u00e5rd\u00e6kning p\u00e5 begge sider af stoffet. Takket v\u00e6re disse egenskaber er ulden i vores soveposer hygroskopisk, absorberer fugt perfekt og beskytter mod varmetab. Ulden i h\u00e5ndvarmeren til barnevognen holder bedre p\u00e5 varmen end almindelig uld takket v\u00e6re to lag ulvefleece.<\/p>\n<p>Den naturlige, bl\u00f8de PREMIUM f\u00e5reuld, der bruges til at producere soveposen, er perfekt til kolde vintre og varmere dage. Det sikrer endnu bedre naturlig termoregulering, s\u00e5 det effektivt beskytter barnet selv i h\u00e5rd frost og sikrer, at barnet ikke bliver overophedet p\u00e5 varme dage. F\u00e5reuld har ogs\u00e5 anti-allergiske egenskaber og er modstandsdygtig over for udvikling af mider. Det har hygiejniske og selvrensende egenskaber. Neutraliserer ubehagelige lugte og snavs.<\/p>\n<p>Sammens\u00e6tning:<br \/>\nD\u00e6kstof: 100% polyester; inderstof: 100% uldfleece; fyld: 100% polyester.<\/p>","protected":false},"excerpt":{"rendered":"<p>Disse h\u00e5ndvarmere\/\u00e6rmer er perfekte til alle, der nyder at g\u00e5 lange ture med b\u00f8rnene i det fri. H\u00e5ndvarmerne er fyldt med naturlig, f\u00f8rsteklasses f\u00e5reuld, som er meget behagelig og varm at r\u00f8re ved. Takket v\u00e6re det vand- og vindt\u00e6tte ydre f\u00e5r du ikke s\u00e5 let kolde h\u00e6nder. H\u00e5ndvarmerne er nemme at montere sammen eller hver for sig p\u00e5 barnevognen. De er meget effektive at bruge, da du blot skubber h\u00e6nderne ind og tager dem ud igen, n\u00e5r du har noget tilbage.<\/p>\n<p><strong>M\u00e6rke: Zaffiro<\/strong><br \/>\n<strong>Produktion: Polen<br \/>\nKeur: Oeko-Tex Standard<\/strong><\/p>\n<p><img loading=\"lazy\" decoding=\"async\" class=\"alignnone wp-image-28173 entered lazyloaded\" src=\"https:\/\/woolskins.eu\/wp-content\/uploads\/2024\/05\/csm_OEKO-TEX_Logo_2022_rgb_c1aaeb5ceb-300x300.jpg\" alt=\"\" width=\"89\" height=\"89\" data-lazy-src=\"https:\/\/woolskins.eu\/wp-content\/uploads\/2024\/05\/csm_OEKO-TEX_Logo_2022_rgb_c1aaeb5ceb-300x300.jpg\" data-ll-status=\"loaded\" srcset=\"https:\/\/woolskins.eu\/wp-content\/uploads\/2024\/05\/csm_OEKO-TEX_Logo_2022_rgb_c1aaeb5ceb-300x300.jpg 300w, https:\/\/woolskins.eu\/wp-content\/uploads\/2024\/05\/csm_OEKO-TEX_Logo_2022_rgb_c1aaeb5ceb-150x150.jpg 150w, https:\/\/woolskins.eu\/wp-content\/uploads\/2024\/05\/csm_OEKO-TEX_Logo_2022_rgb_c1aaeb5ceb-768x769.jpg 768w, https:\/\/woolskins.eu\/wp-content\/uploads\/2024\/05\/csm_OEKO-TEX_Logo_2022_rgb_c1aaeb5ceb-12x12.jpg 12w, https:\/\/woolskins.eu\/wp-content\/uploads\/2024\/05\/csm_OEKO-TEX_Logo_2022_rgb_c1aaeb5ceb-600x601.jpg 600w, https:\/\/woolskins.eu\/wp-content\/uploads\/2024\/05\/csm_OEKO-TEX_Logo_2022_rgb_c1aaeb5ceb-100x100.jpg 100w, https:\/\/woolskins.eu\/wp-content\/uploads\/2024\/05\/csm_OEKO-TEX_Logo_2022_rgb_c1aaeb5ceb-64x64.jpg 64w, https:\/\/woolskins.eu\/wp-content\/uploads\/2024\/05\/csm_OEKO-TEX_Logo_2022_rgb_c1aaeb5ceb.jpg 885w\" sizes=\"auto, (max-width: 89px) 100vw, 89px\" \/><\/p>","protected":false},"featured_media":21393,"comment_status":"closed","ping_status":"closed","template":"","meta":{"_acf_changed":false},"product_brand":[],"product_cat":[352,363,336,502],"product_tag":[],"class_list":{"0":"post-21413","1":"product","2":"type-product","3":"status-publish","4":"has-post-thumbnail","6":"product_cat-merken","7":"product_cat-cadeaus-e25-e50","8":"product_cat-voetenzakken","9":"product_cat-zaffiro","11":"first","12":"instock","13":"taxable","14":"shipping-taxable","15":"purchasable","16":"product-type-simple"},"acf":[],"_links":{"self":[{"href":"https:\/\/woolskins.eu\/da\/wp-json\/wp\/v2\/product\/21413","targetHints":{"allow":["GET"]}}],"collection":[{"href":"https:\/\/woolskins.eu\/da\/wp-json\/wp\/v2\/product"}],"about":[{"href":"https:\/\/woolskins.eu\/da\/wp-json\/wp\/v2\/types\/product"}],"replies":[{"embeddable":true,"href":"https:\/\/woolskins.eu\/da\/wp-json\/wp\/v2\/comments?post=21413"}],"wp:featuredmedia":[{"embeddable":true,"href":"https:\/\/woolskins.eu\/da\/wp-json\/wp\/v2\/media\/21393"}],"wp:attachment":[{"href":"https:\/\/woolskins.eu\/da\/wp-json\/wp\/v2\/media?parent=21413"}],"wp:term":[{"taxonomy":"product_brand","embeddable":true,"href":"https:\/\/woolskins.eu\/da\/wp-json\/wp\/v2\/product_brand?post=21413"},{"taxonomy":"product_cat","embeddable":true,"href":"https:\/\/woolskins.eu\/da\/wp-json\/wp\/v2\/product_cat?post=21413"},{"taxonomy":"product_tag","embeddable":true,"href":"https:\/\/woolskins.eu\/da\/wp-json\/wp\/v2\/product_tag?post=21413"}],"curies":[{"name":"wp","href":"https:\/\/api.w.org\/{rel}","templated":true}]}}