{"id":20833,"date":"2024-07-10T09:15:45","date_gmt":"2024-07-10T09:15:45","guid":{"rendered":"https:\/\/woolskins.eu\/?post_type=product&#038;p=20833"},"modified":"2026-01-25T22:41:19","modified_gmt":"2026-01-25T22:41:19","slug":"klik-klak-kugler-trae-bla","status":"publish","type":"product","link":"https:\/\/woolskins.eu\/da\/klik-klak-ballen-hout-blauw\/","title":{"rendered":"Click Clack-kugler i tr\u00e6 - bl\u00e5"},"content":{"rendered":"<p>Klik-klak-sjov g\u00e5r ud p\u00e5 at gribe fat i ringen og derefter lave kraftige h\u00e5ndbev\u00e6gelser op og ned, s\u00e5 tr\u00e6kuglerne skiftevis hopper over og under h\u00e5nden. N\u00e5r kuglerne hopper mod hinanden, laver de en karakteristisk \u201cklik-klak\u201d-lyd. Takket v\u00e6re leget\u00f8jet kan b\u00f8rn tr\u00e6ne deres reflekser og \u00f8ve deres h\u00e5ndf\u00e6rdigheder og \u00f8je-h\u00e5nd-koordination ... ja, ikke kun b\u00f8rn.<\/p>\n<p>Funktioner:<\/p>\n<p>-S\u00e6ttet best\u00e5r af en b\u00f8jle, hvortil der er knyttet et stykke snor, for enden af hvilken der er placeret to farvede bolde.<\/p>\n<p>-den f\u00e5s i to farver<\/p>\n<p>- bl\u00e5 og orangefremstillet af h\u00e5rdttr\u00e6 af h\u00f8jeste kvalitet fra FSC\u00ae-certificerede leverand\u00f8rer - der blev brugt \u00f8kologiske malinger til maling<\/p>\n<p>-f\u00e6rdiggjort med en sikker, ikke-giftig lak omhyggeligt poleret, behagelig at r\u00f8re ved for at bringe gl\u00e6de og sikre sikkerhed<\/p>\n<p>-\u00f8kologisk produktleget\u00f8j uden skadelige stoffer-egnet til b\u00f8rn fra 3 \u00e5r og opefter<\/p>\n<p>DimensionerDiameter kugle 4 cm, snor 20 cm<\/p>\n<p data-sourcepos=\"38:1-38:17\"><strong>Om Tarnawa<\/strong><\/p>\n<p><strong>Stol p\u00e5 familietraditionen!<\/strong><\/p>\n<p>Vi ved, hvordan man g\u00f8r ethvert barn glad fra en tidlig alder. Vi ved, at dets udvikling og sikkerhed er lige s\u00e5 vigtigt som sjovt. Mere end 80 \u00e5rs arbejde med at lave leget\u00f8j og genstande af tr\u00e6 har l\u00e6rt os dette. Vi tilbyder vores kunder tr\u00e6leget\u00f8j af h\u00f8j kvalitet til b\u00f8rn, som ikke kun er robust, men ogs\u00e5 sikkert. Vi videregiver viden, erfaring, passion og engagement i vores hus fra generation til generation. Tarnawa er ikke bare en virksomhed, det er en familie!<\/p>\n<p><img loading=\"lazy\" decoding=\"async\" class=\"alignnone size-medium wp-image-20439\" src=\"https:\/\/woolskins.eu\/wp-content\/uploads\/2024\/06\/IMG_1333-scaled-Klein-225x300.jpg\" alt=\"Tr\u00e6vandrende and Skubbestok Tr\u00e6leget\u00f8j Uldskind Tarnawa\" width=\"225\" height=\"300\" srcset=\"https:\/\/woolskins.eu\/wp-content\/uploads\/2024\/06\/IMG_1333-scaled-Klein-225x300.jpg 225w, https:\/\/woolskins.eu\/wp-content\/uploads\/2024\/06\/IMG_1333-scaled-Klein-64x85.jpg 64w, https:\/\/woolskins.eu\/wp-content\/uploads\/2024\/06\/IMG_1333-scaled-Klein-9x12.jpg 9w, https:\/\/woolskins.eu\/wp-content\/uploads\/2024\/06\/IMG_1333-scaled-Klein.jpg 480w\" sizes=\"auto, (max-width: 225px) 100vw, 225px\" \/><\/p>\n<p><strong>Leget\u00f8j af h\u00f8j kvalitet til dine og vores b\u00f8rn!<br \/>\n<\/strong><br \/>\nVi tror p\u00e5, at du som for\u00e6lder \u00f8nsker, at det leget\u00f8j, du giver dit barn, skal v\u00e6re smukt, omhyggeligt lavet, holdbart og sikkert. Vi sikrer, at vores tr\u00e6produkter, takket v\u00e6re deres funktionalitet, men ogs\u00e5 \u00e6stetik og pr\u00e6cision af finish, tjener dit barn s\u00e5 l\u00e6nge og bedst muligt. Vi laver dem i h\u00e5nden, med sans for de mindste detaljer. Tarnawas tr\u00e6leget\u00f8j er ikke masseproduceret, det er sm\u00e5 kunstv\u00e6rker.<\/p>\n<p><strong>Vi skaber med tiden!<br \/>\n<\/strong><br \/>\nVerden udvikler sig konstant, ligesom dit barn og dig. Udvikling er grundlaget for tilv\u00e6relsen. Mange \u00e5rs erfaring har l\u00e6rt os, at vi ikke skal st\u00e5 stille, og derfor fors\u00f8ger vi hele tiden at g\u00f8re noget nyt. Som producent af tr\u00e6leget\u00f8j kombinerer vi en passion for traditionelle leget\u00f8jsfremstillingsteknikker med et moderne look. Vi n\u00e5r dig, k\u00e6re for\u00e6lder, takket v\u00e6re moderne medier, som g\u00f8r det nemmere for dig og dit barn at f\u00e5 adgang til vores naturlige produkter.<\/p>\n<p>&nbsp;<\/p>\n<p><img loading=\"lazy\" decoding=\"async\" class=\"size-full wp-image-20440 aligncenter\" src=\"https:\/\/woolskins.eu\/wp-content\/uploads\/2024\/06\/Logo.black_-300x263-1.png\" alt=\"Tr\u00e6vandrende and Skubbestok Tr\u00e6leget\u00f8j Uldskind Tarnawa\" width=\"300\" height=\"263\" srcset=\"https:\/\/woolskins.eu\/wp-content\/uploads\/2024\/06\/Logo.black_-300x263-1.png 300w, https:\/\/woolskins.eu\/wp-content\/uploads\/2024\/06\/Logo.black_-300x263-1-64x56.png 64w, https:\/\/woolskins.eu\/wp-content\/uploads\/2024\/06\/Logo.black_-300x263-1-14x12.png 14w\" sizes=\"auto, (max-width: 300px) 100vw, 300px\" \/><\/p>","protected":false},"excerpt":{"rendered":"<p data-sourcepos=\"1:1-1:55\"><strong>Klik-klak-kugler af tr\u00e6<\/strong><\/p>\n<p data-sourcepos=\"3:1-3:54\">Til lidt st\u00f8rre b\u00f8rn eller for\u00e6ldre er dette en supersjov gave! Klik-klak-sjov g\u00e5r ud p\u00e5 at gribe fat i ringen og derefter lave kraftige h\u00e5ndbev\u00e6gelser op og ned, s\u00e5 tr\u00e6kuglerne skiftevis hopper over og under h\u00e5nden. N\u00e5r kuglerne hopper mod hinanden, laver de en karakteristisk \u201cklik-klak\u201d-lyd. Takket v\u00e6re leget\u00f8jet kan b\u00f8rn tr\u00e6ne deres reflekser og \u00f8ve deres h\u00e5ndf\u00e6rdigheder og \u00f8je-h\u00e5nd-koordination ... ja, ikke kun b\u00f8rn.<\/p>\n<p><strong>M\u00e6rke: Tarnawa<\/strong><br \/>\n<strong>Produktion: Polen<\/strong><\/p>\n<p data-sourcepos=\"38:1-38:17\">","protected":false},"featured_media":20831,"comment_status":"open","ping_status":"closed","template":"","meta":{"_acf_changed":false},"product_brand":[],"product_cat":[504,505],"product_tag":[],"class_list":{"0":"post-20833","1":"product","2":"type-product","3":"status-publish","4":"has-post-thumbnail","6":"product_cat-houten-speelgoed","7":"product_cat-tarnawa","9":"first","10":"outofstock","11":"sale","12":"taxable","13":"shipping-taxable","14":"purchasable","15":"product-type-simple"},"acf":[],"_links":{"self":[{"href":"https:\/\/woolskins.eu\/da\/wp-json\/wp\/v2\/product\/20833","targetHints":{"allow":["GET"]}}],"collection":[{"href":"https:\/\/woolskins.eu\/da\/wp-json\/wp\/v2\/product"}],"about":[{"href":"https:\/\/woolskins.eu\/da\/wp-json\/wp\/v2\/types\/product"}],"replies":[{"embeddable":true,"href":"https:\/\/woolskins.eu\/da\/wp-json\/wp\/v2\/comments?post=20833"}],"wp:featuredmedia":[{"embeddable":true,"href":"https:\/\/woolskins.eu\/da\/wp-json\/wp\/v2\/media\/20831"}],"wp:attachment":[{"href":"https:\/\/woolskins.eu\/da\/wp-json\/wp\/v2\/media?parent=20833"}],"wp:term":[{"taxonomy":"product_brand","embeddable":true,"href":"https:\/\/woolskins.eu\/da\/wp-json\/wp\/v2\/product_brand?post=20833"},{"taxonomy":"product_cat","embeddable":true,"href":"https:\/\/woolskins.eu\/da\/wp-json\/wp\/v2\/product_cat?post=20833"},{"taxonomy":"product_tag","embeddable":true,"href":"https:\/\/woolskins.eu\/da\/wp-json\/wp\/v2\/product_tag?post=20833"}],"curies":[{"name":"wp","href":"https:\/\/api.w.org\/{rel}","templated":true}]}}