{"id":20803,"date":"2024-07-09T12:38:35","date_gmt":"2024-07-09T12:38:35","guid":{"rendered":"https:\/\/woolskins.eu\/?post_type=product&#038;p=20803"},"modified":"2025-12-17T20:23:55","modified_gmt":"2025-12-17T20:23:55","slug":"traebus","status":"publish","type":"product","link":"https:\/\/woolskins.eu\/da\/houten-autobus\/","title":{"rendered":"Bilbus i tr\u00e6 - naturlig"},"content":{"rendered":"<p data-sourcepos=\"19:1-19:18\"><strong>Specifikationer:<\/strong><\/p>\n<ul data-sourcepos=\"21:1-24:0\">\n<li data-sourcepos=\"21:1-21:17\">Materiale: Tr\u00e6 med FSC\u00ae kvalitetsm\u00e6rke<\/li>\n<li data-sourcepos=\"22:1-22:35\">M\u00e5l: 13,5 x 5,5 x 5,5 cm<\/li>\n<li data-sourcepos=\"23:1-24:0\">Alder: Sm\u00e5barn<\/li>\n<\/ul>\n<p data-sourcepos=\"25:1-25:118\"><strong>G\u00f8r legetid til l\u00e6ringstid med dette tr\u00e6balancespil! Bestil det i dag og lad dit barn opleve det sjove!<\/strong><\/p>\n<p data-sourcepos=\"38:1-38:17\"><strong>Om Tarnawa<\/strong><\/p>\n<p><strong>Stol p\u00e5 familietraditionen!<\/strong><\/p>\n<p>Vi ved, hvordan man g\u00f8r ethvert barn glad fra en tidlig alder. Vi ved, at dets udvikling og sikkerhed er lige s\u00e5 vigtigt som sjovt. Mere end 80 \u00e5rs arbejde med at lave leget\u00f8j og genstande af tr\u00e6 har l\u00e6rt os dette. Vi tilbyder vores kunder tr\u00e6leget\u00f8j af h\u00f8j kvalitet til b\u00f8rn, som ikke kun er robust, men ogs\u00e5 sikkert. Vi videregiver viden, erfaring, passion og engagement i vores hus fra generation til generation. Tarnawa er ikke bare en virksomhed, det er en familie!<\/p>\n<p><img loading=\"lazy\" decoding=\"async\" class=\"alignnone size-medium wp-image-20439 entered lazyloaded\" src=\"https:\/\/i0.wp.com\/woolskins.eu\/wp-content\/uploads\/2024\/06\/IMG_1333-scaled-Klein.jpg?resize=225%2C300&amp;ssl=1\" sizes=\"auto, (max-width: 225px) 100vw, 225px\" srcset=\"https:\/\/i0.wp.com\/woolskins.eu\/wp-content\/uploads\/2024\/06\/IMG_1333-scaled-Klein.jpg?resize=225%2C300&amp;ssl=1 225w, https:\/\/i0.wp.com\/woolskins.eu\/wp-content\/uploads\/2024\/06\/IMG_1333-scaled-Klein.jpg?resize=9%2C12&amp;ssl=1 9w, https:\/\/i0.wp.com\/woolskins.eu\/wp-content\/uploads\/2024\/06\/IMG_1333-scaled-Klein.jpg?resize=64%2C85&amp;ssl=1 64w, https:\/\/i0.wp.com\/woolskins.eu\/wp-content\/uploads\/2024\/06\/IMG_1333-scaled-Klein.jpg?w=480&amp;ssl=1 480w\" alt=\"Tr\u00e6vandrende and Skubbestok Tr\u00e6leget\u00f8j Uldskind Tarnawa\" width=\"225\" height=\"300\" data-lazy-srcset=\"https:\/\/i0.wp.com\/woolskins.eu\/wp-content\/uploads\/2024\/06\/IMG_1333-scaled-Klein.jpg?resize=225%2C300&amp;ssl=1 225w, https:\/\/i0.wp.com\/woolskins.eu\/wp-content\/uploads\/2024\/06\/IMG_1333-scaled-Klein.jpg?resize=9%2C12&amp;ssl=1 9w, https:\/\/i0.wp.com\/woolskins.eu\/wp-content\/uploads\/2024\/06\/IMG_1333-scaled-Klein.jpg?resize=64%2C85&amp;ssl=1 64w, https:\/\/i0.wp.com\/woolskins.eu\/wp-content\/uploads\/2024\/06\/IMG_1333-scaled-Klein.jpg?w=480&amp;ssl=1 480w\" data-lazy-sizes=\"(max-width: 225px) 100vw, 225px\" data-recalc-dims=\"1\" data-lazy-src=\"https:\/\/i0.wp.com\/woolskins.eu\/wp-content\/uploads\/2024\/06\/IMG_1333-scaled-Klein.jpg?resize=225%2C300&amp;ssl=1\" data-ll-status=\"loaded\" \/><\/p>\n<p><strong>Leget\u00f8j af h\u00f8j kvalitet til dine og vores b\u00f8rn!<br \/>\n<\/strong><br \/>\nVi tror p\u00e5, at du som for\u00e6lder \u00f8nsker, at det leget\u00f8j, du giver dit barn, skal v\u00e6re smukt, omhyggeligt lavet, holdbart og sikkert. Vi sikrer, at vores tr\u00e6produkter, takket v\u00e6re deres funktionalitet, men ogs\u00e5 \u00e6stetik og pr\u00e6cision af finish, tjener dit barn s\u00e5 l\u00e6nge og bedst muligt. Vi laver dem i h\u00e5nden, med sans for de mindste detaljer. Tarnawas tr\u00e6leget\u00f8j er ikke masseproduceret, det er sm\u00e5 kunstv\u00e6rker.<\/p>\n<p><strong>Vi skaber med tiden!<br \/>\n<\/strong><br \/>\nVerden udvikler sig konstant, ligesom dit barn og dig. Udvikling er grundlaget for tilv\u00e6relsen. Mange \u00e5rs erfaring har l\u00e6rt os, at vi ikke skal st\u00e5 stille, og derfor fors\u00f8ger vi hele tiden at g\u00f8re noget nyt. Som producent af tr\u00e6leget\u00f8j kombinerer vi en passion for traditionelle leget\u00f8jsfremstillingsteknikker med et moderne look. Vi n\u00e5r dig, k\u00e6re for\u00e6lder, takket v\u00e6re moderne medier, som g\u00f8r det nemmere for dig og dit barn at f\u00e5 adgang til vores naturlige produkter.<\/p>\n<p>&nbsp;<\/p>\n<p><img loading=\"lazy\" decoding=\"async\" class=\"size-full wp-image-20440 aligncenter entered lazyloaded\" src=\"https:\/\/i0.wp.com\/woolskins.eu\/wp-content\/uploads\/2024\/06\/Logo.black_-300x263-1.png?resize=300%2C263&amp;ssl=1\" sizes=\"auto, (max-width: 300px) 100vw, 300px\" srcset=\"https:\/\/i0.wp.com\/woolskins.eu\/wp-content\/uploads\/2024\/06\/Logo.black_-300x263-1.png?w=300&amp;ssl=1 300w, https:\/\/i0.wp.com\/woolskins.eu\/wp-content\/uploads\/2024\/06\/Logo.black_-300x263-1.png?resize=14%2C12&amp;ssl=1 14w, https:\/\/i0.wp.com\/woolskins.eu\/wp-content\/uploads\/2024\/06\/Logo.black_-300x263-1.png?resize=64%2C56&amp;ssl=1 64w\" alt=\"Tr\u00e6vandrende and Skubbestok Tr\u00e6leget\u00f8j Uldskind Tarnawa\" width=\"300\" height=\"263\" data-lazy-srcset=\"https:\/\/i0.wp.com\/woolskins.eu\/wp-content\/uploads\/2024\/06\/Logo.black_-300x263-1.png?w=300&amp;ssl=1 300w, https:\/\/i0.wp.com\/woolskins.eu\/wp-content\/uploads\/2024\/06\/Logo.black_-300x263-1.png?resize=14%2C12&amp;ssl=1 14w, https:\/\/i0.wp.com\/woolskins.eu\/wp-content\/uploads\/2024\/06\/Logo.black_-300x263-1.png?resize=64%2C56&amp;ssl=1 64w\" data-lazy-sizes=\"(max-width: 300px) 100vw, 300px\" data-recalc-dims=\"1\" data-lazy-src=\"https:\/\/i0.wp.com\/woolskins.eu\/wp-content\/uploads\/2024\/06\/Logo.black_-300x263-1.png?resize=300%2C263&amp;ssl=1\" data-ll-status=\"loaded\" \/><\/p>","protected":false},"excerpt":{"rendered":"<p>Denne tr\u00e6bil er perfekt for sm\u00e5 h\u00e6nder at gribe fat i og suse rundt med. Den er lavet af glat, holdbart tr\u00e6 og er sikker og langtidsholdbar til endel\u00f8se fantasifulde eventyr.<\/p>\n<p>Funktioner:<\/p>\n<ul>\n<li>Fremstillet af b\u00e6redygtigt tr\u00e6.<\/li>\n<li>Glat, malet finish.<\/li>\n<li>Groft format, der g\u00f8r det nemt at gribe fat.<\/li>\n<li>Slip dit barns kreativitet l\u00f8s med dette tidl\u00f8se tr\u00e6leget\u00f8j!<\/li>\n<\/ul>\n<p><strong>M\u00e6rke: Tarnawa<\/strong><br \/>\n<strong>Produktion: Polen<\/strong><\/p>","protected":false},"featured_media":20812,"comment_status":"open","ping_status":"closed","template":"","meta":{"_acf_changed":false},"product_brand":[],"product_cat":[504,505],"product_tag":[],"class_list":{"0":"post-20803","1":"product","2":"type-product","3":"status-publish","4":"has-post-thumbnail","6":"product_cat-houten-speelgoed","7":"product_cat-tarnawa","9":"first","10":"outofstock","11":"taxable","12":"shipping-taxable","13":"purchasable","14":"product-type-simple"},"acf":[],"_links":{"self":[{"href":"https:\/\/woolskins.eu\/da\/wp-json\/wp\/v2\/product\/20803","targetHints":{"allow":["GET"]}}],"collection":[{"href":"https:\/\/woolskins.eu\/da\/wp-json\/wp\/v2\/product"}],"about":[{"href":"https:\/\/woolskins.eu\/da\/wp-json\/wp\/v2\/types\/product"}],"replies":[{"embeddable":true,"href":"https:\/\/woolskins.eu\/da\/wp-json\/wp\/v2\/comments?post=20803"}],"wp:featuredmedia":[{"embeddable":true,"href":"https:\/\/woolskins.eu\/da\/wp-json\/wp\/v2\/media\/20812"}],"wp:attachment":[{"href":"https:\/\/woolskins.eu\/da\/wp-json\/wp\/v2\/media?parent=20803"}],"wp:term":[{"taxonomy":"product_brand","embeddable":true,"href":"https:\/\/woolskins.eu\/da\/wp-json\/wp\/v2\/product_brand?post=20803"},{"taxonomy":"product_cat","embeddable":true,"href":"https:\/\/woolskins.eu\/da\/wp-json\/wp\/v2\/product_cat?post=20803"},{"taxonomy":"product_tag","embeddable":true,"href":"https:\/\/woolskins.eu\/da\/wp-json\/wp\/v2\/product_tag?post=20803"}],"curies":[{"name":"wp","href":"https:\/\/api.w.org\/{rel}","templated":true}]}}