{"id":20794,"date":"2024-07-09T12:15:37","date_gmt":"2024-07-09T12:15:37","guid":{"rendered":"https:\/\/woolskins.eu\/?post_type=product&#038;p=20794"},"modified":"2025-06-17T08:00:22","modified_gmt":"2025-06-17T08:00:22","slug":"stabeltarn-i-trae-stabelklodser-firkantet","status":"publish","type":"product","link":"https:\/\/woolskins.eu\/da\/houten-stapeltoren-stapelstenen-vierkant\/","title":{"rendered":"Stabelt\u00e5rn i tr\u00e6 - Stabelklodser | Firkantet"},"content":{"rendered":"<p data-sourcepos=\"5:1-5:42\"><strong>Hvorfor v\u00e6lge et stabelt\u00e5rn i tr\u00e6?<\/strong><\/p>\n<ul data-sourcepos=\"7:1-7:44\">\n<li data-sourcepos=\"7:1-7:44\"><strong>Stimulerer motorisk udvikling:<\/strong> Ved at stable blokkene \u00f8ver dit barn sin finmotorik og koordination.<\/li>\n<li data-sourcepos=\"8:1-8:13\"><b>H\u00e5nd \u00f8je koordination: <\/b>hj\u00e6lper evnen til at udf\u00f8re handlinger, der kr\u00e6ver samtidig brug af vores \u00f8jne og h\u00e6nder.<\/li>\n<li data-sourcepos=\"9:1-9:129\"><b>Kognitive f\u00e6rdigheder:\u00a0<\/b>fremmer intelligens og koncentration.<\/li>\n<li data-sourcepos=\"10:1-10:134\"><strong>Fremstillet af b\u00e6redygtige materialer:<\/strong> Balancespillet er lavet af h\u00f8jkvalitets FSC\u00ae-tr\u00e6, som g\u00f8r det slidst\u00e6rkt og kan t\u00e5le et slag.<\/li>\n<li data-sourcepos=\"11:1-11:112\"><strong>Sikker for b\u00f8rn:<\/strong>\u00a0St\u00f8bestokken er afsluttet med en sikker, giftfri maling og har en glat finish, fri for skarpe kanter, hvilket g\u00f8r den sikker for b\u00f8rn at lege med.<\/li>\n<\/ul>\n<p data-sourcepos=\"13:1-13:40\"><strong>Dette balancespil er perfekt til:<\/strong><\/p>\n<ul data-sourcepos=\"15:1-18:0\">\n<li data-sourcepos=\"15:1-15:25\">Sm\u00e5b\u00f8rn l\u00e6rer bare at lege.<\/li>\n<li data-sourcepos=\"16:1-16:44\">B\u00f8rn, der gerne vil bruge deres fantasi<\/li>\n<li data-sourcepos=\"17:1-18:0\">For\u00e6ldre, der leder efter b\u00e6redygtigt og p\u00e6dagogisk leget\u00f8j<\/li>\n<\/ul>\n<p data-sourcepos=\"19:1-19:18\"><strong>Specifikationer:<\/strong><\/p>\n<ul data-sourcepos=\"21:1-24:0\">\n<li data-sourcepos=\"21:1-21:17\">Materiale: Tr\u00e6 med FSC\u00ae kvalitetsm\u00e6rke<\/li>\n<li data-sourcepos=\"22:1-22:35\">M\u00e5l: 11,0 x 11,0 x 18,5 cm<\/li>\n<li data-sourcepos=\"23:1-24:0\">Alder: Sm\u00e5barn<\/li>\n<\/ul>\n<p data-sourcepos=\"25:1-25:118\"><strong>G\u00f8r legetid til l\u00e6ringstid med dette tr\u00e6balancespil! Bestil det i dag og lad dit barn opleve det sjove!<\/strong><\/p>\n<p data-sourcepos=\"32:1-32:9\"><strong>Tips:<\/strong><\/p>\n<ul data-sourcepos=\"34:1-37:0\">\n<li data-sourcepos=\"34:1-34:65\">Spil f\u00f8rst spillet ved blot at stable terningerne efter tur.<\/li>\n<li data-sourcepos=\"35:1-35:70\">Spil sammen med dit barn, mens du lader terningerne bestemme, hvilken blok du skal stable.<\/li>\n<\/ul>\n<p data-sourcepos=\"38:1-38:17\"><strong>Med dette stablespil fra Tarnawa er du garanteret sjov for dig og dit barn.<\/strong><\/p>\n<p data-sourcepos=\"38:1-38:17\"><strong>Om Tarnawa<\/strong><\/p>\n<p><strong>Stol p\u00e5 familietraditionen!<\/strong><\/p>\n<p>Vi ved, hvordan man g\u00f8r ethvert barn glad fra en tidlig alder. Vi ved, at dets udvikling og sikkerhed er lige s\u00e5 vigtigt som sjovt. Mere end 80 \u00e5rs arbejde med at lave leget\u00f8j og genstande af tr\u00e6 har l\u00e6rt os dette. Vi tilbyder vores kunder tr\u00e6leget\u00f8j af h\u00f8j kvalitet til b\u00f8rn, som ikke kun er robust, men ogs\u00e5 sikkert. Vi videregiver viden, erfaring, passion og engagement i vores hus fra generation til generation. Tarnawa er ikke bare en virksomhed, det er en familie!<\/p>\n<p><img loading=\"lazy\" decoding=\"async\" class=\"alignnone size-medium wp-image-20439 entered lazyloaded\" src=\"https:\/\/i0.wp.com\/woolskins.eu\/wp-content\/uploads\/2024\/06\/IMG_1333-scaled-Klein.jpg?resize=225%2C300&amp;ssl=1\" sizes=\"auto, (max-width: 225px) 100vw, 225px\" srcset=\"https:\/\/i0.wp.com\/woolskins.eu\/wp-content\/uploads\/2024\/06\/IMG_1333-scaled-Klein.jpg?resize=225%2C300&amp;ssl=1 225w, https:\/\/i0.wp.com\/woolskins.eu\/wp-content\/uploads\/2024\/06\/IMG_1333-scaled-Klein.jpg?resize=9%2C12&amp;ssl=1 9w, https:\/\/i0.wp.com\/woolskins.eu\/wp-content\/uploads\/2024\/06\/IMG_1333-scaled-Klein.jpg?resize=64%2C85&amp;ssl=1 64w, https:\/\/i0.wp.com\/woolskins.eu\/wp-content\/uploads\/2024\/06\/IMG_1333-scaled-Klein.jpg?w=480&amp;ssl=1 480w\" alt=\"Tr\u00e6vandrende and Skubbestok Tr\u00e6leget\u00f8j Uldskind Tarnawa\" width=\"225\" height=\"300\" data-lazy-srcset=\"https:\/\/i0.wp.com\/woolskins.eu\/wp-content\/uploads\/2024\/06\/IMG_1333-scaled-Klein.jpg?resize=225%2C300&amp;ssl=1 225w, https:\/\/i0.wp.com\/woolskins.eu\/wp-content\/uploads\/2024\/06\/IMG_1333-scaled-Klein.jpg?resize=9%2C12&amp;ssl=1 9w, https:\/\/i0.wp.com\/woolskins.eu\/wp-content\/uploads\/2024\/06\/IMG_1333-scaled-Klein.jpg?resize=64%2C85&amp;ssl=1 64w, https:\/\/i0.wp.com\/woolskins.eu\/wp-content\/uploads\/2024\/06\/IMG_1333-scaled-Klein.jpg?w=480&amp;ssl=1 480w\" data-lazy-sizes=\"(max-width: 225px) 100vw, 225px\" data-recalc-dims=\"1\" data-lazy-src=\"https:\/\/i0.wp.com\/woolskins.eu\/wp-content\/uploads\/2024\/06\/IMG_1333-scaled-Klein.jpg?resize=225%2C300&amp;ssl=1\" data-ll-status=\"loaded\" \/><\/p>\n<p><strong>Leget\u00f8j af h\u00f8j kvalitet til dine og vores b\u00f8rn!<br \/>\n<\/strong><br \/>\nVi tror p\u00e5, at du som for\u00e6lder \u00f8nsker, at det leget\u00f8j, du giver dit barn, skal v\u00e6re smukt, omhyggeligt lavet, holdbart og sikkert. Vi sikrer, at vores tr\u00e6produkter, takket v\u00e6re deres funktionalitet, men ogs\u00e5 \u00e6stetik og pr\u00e6cision af finish, tjener dit barn s\u00e5 l\u00e6nge og bedst muligt. Vi laver dem i h\u00e5nden, med sans for de mindste detaljer. Tarnawas tr\u00e6leget\u00f8j er ikke masseproduceret, det er sm\u00e5 kunstv\u00e6rker.<\/p>\n<p><strong>Vi skaber med tiden!<br \/>\n<\/strong><br \/>\nVerden udvikler sig konstant, ligesom dit barn og dig. Udvikling er grundlaget for tilv\u00e6relsen. Mange \u00e5rs erfaring har l\u00e6rt os, at vi ikke skal st\u00e5 stille, og derfor fors\u00f8ger vi hele tiden at g\u00f8re noget nyt. Som producent af tr\u00e6leget\u00f8j kombinerer vi en passion for traditionelle leget\u00f8jsfremstillingsteknikker med et moderne look. Vi n\u00e5r dig, k\u00e6re for\u00e6lder, takket v\u00e6re moderne medier, som g\u00f8r det nemmere for dig og dit barn at f\u00e5 adgang til vores naturlige produkter.<\/p>\n<p>&nbsp;<\/p>\n<p><img loading=\"lazy\" decoding=\"async\" class=\"size-full wp-image-20440 aligncenter entered lazyloaded\" src=\"https:\/\/i0.wp.com\/woolskins.eu\/wp-content\/uploads\/2024\/06\/Logo.black_-300x263-1.png?resize=300%2C263&amp;ssl=1\" sizes=\"auto, (max-width: 300px) 100vw, 300px\" srcset=\"https:\/\/i0.wp.com\/woolskins.eu\/wp-content\/uploads\/2024\/06\/Logo.black_-300x263-1.png?w=300&amp;ssl=1 300w, https:\/\/i0.wp.com\/woolskins.eu\/wp-content\/uploads\/2024\/06\/Logo.black_-300x263-1.png?resize=14%2C12&amp;ssl=1 14w, https:\/\/i0.wp.com\/woolskins.eu\/wp-content\/uploads\/2024\/06\/Logo.black_-300x263-1.png?resize=64%2C56&amp;ssl=1 64w\" alt=\"Tr\u00e6vandrende and Skubbestok Tr\u00e6leget\u00f8j Uldskind Tarnawa\" width=\"300\" height=\"263\" data-lazy-srcset=\"https:\/\/i0.wp.com\/woolskins.eu\/wp-content\/uploads\/2024\/06\/Logo.black_-300x263-1.png?w=300&amp;ssl=1 300w, https:\/\/i0.wp.com\/woolskins.eu\/wp-content\/uploads\/2024\/06\/Logo.black_-300x263-1.png?resize=14%2C12&amp;ssl=1 14w, https:\/\/i0.wp.com\/woolskins.eu\/wp-content\/uploads\/2024\/06\/Logo.black_-300x263-1.png?resize=64%2C56&amp;ssl=1 64w\" data-lazy-sizes=\"(max-width: 300px) 100vw, 300px\" data-recalc-dims=\"1\" data-lazy-src=\"https:\/\/i0.wp.com\/woolskins.eu\/wp-content\/uploads\/2024\/06\/Logo.black_-300x263-1.png?resize=300%2C263&amp;ssl=1\" data-ll-status=\"loaded\" \/><\/p>","protected":false},"excerpt":{"rendered":"<p>Hav det sjovt med dit barn, n\u00e5r I spiller dette stabel-spil med tr\u00e6t\u00e5rne fra Tarnawa! Dette stablingsspil med tr\u00e6t\u00e5rn hj\u00e6lper dit barn med at t\u00e6nke logisk og udvikler ogs\u00e5 dets kognitive f\u00e6rdigheder og h\u00e5nd-\u00f8je-koordination. Du kan bruge dette stablet\u00e5rn p\u00e5 forskellige m\u00e5der. Sm\u00e5b\u00f8rn kan bygge t\u00e5rnet omkring stativet, og st\u00f8rre b\u00f8rn kan ogs\u00e5 pr\u00f8ve at stable skiverne uden stativet. Basen og klodserne har en glat overflade, er fri for skarpe kanter og er behandlet med en non-stick-lak, som g\u00f8r det sikkert for b\u00f8rn at lege med.<\/p>\n<p><strong>M\u00e6rke: Tarnawa<\/strong><br \/>\n<strong>Produktion: Polen<\/strong><\/p>","protected":false},"featured_media":20814,"comment_status":"open","ping_status":"closed","template":"","meta":{"_acf_changed":false},"product_brand":[],"product_cat":[504,505],"product_tag":[],"class_list":{"0":"post-20794","1":"product","2":"type-product","3":"status-publish","4":"has-post-thumbnail","6":"product_cat-houten-speelgoed","7":"product_cat-tarnawa","9":"first","10":"outofstock","11":"taxable","12":"shipping-taxable","13":"purchasable","14":"product-type-simple"},"acf":[],"_links":{"self":[{"href":"https:\/\/woolskins.eu\/da\/wp-json\/wp\/v2\/product\/20794","targetHints":{"allow":["GET"]}}],"collection":[{"href":"https:\/\/woolskins.eu\/da\/wp-json\/wp\/v2\/product"}],"about":[{"href":"https:\/\/woolskins.eu\/da\/wp-json\/wp\/v2\/types\/product"}],"replies":[{"embeddable":true,"href":"https:\/\/woolskins.eu\/da\/wp-json\/wp\/v2\/comments?post=20794"}],"wp:featuredmedia":[{"embeddable":true,"href":"https:\/\/woolskins.eu\/da\/wp-json\/wp\/v2\/media\/20814"}],"wp:attachment":[{"href":"https:\/\/woolskins.eu\/da\/wp-json\/wp\/v2\/media?parent=20794"}],"wp:term":[{"taxonomy":"product_brand","embeddable":true,"href":"https:\/\/woolskins.eu\/da\/wp-json\/wp\/v2\/product_brand?post=20794"},{"taxonomy":"product_cat","embeddable":true,"href":"https:\/\/woolskins.eu\/da\/wp-json\/wp\/v2\/product_cat?post=20794"},{"taxonomy":"product_tag","embeddable":true,"href":"https:\/\/woolskins.eu\/da\/wp-json\/wp\/v2\/product_tag?post=20794"}],"curies":[{"name":"wp","href":"https:\/\/api.w.org\/{rel}","templated":true}]}}