{"id":20442,"date":"2024-06-27T11:04:09","date_gmt":"2024-06-27T11:04:09","guid":{"rendered":"https:\/\/woolskins.eu\/?post_type=product&#038;p=20442"},"modified":"2025-06-10T18:26:01","modified_gmt":"2025-06-10T18:26:01","slug":"egern-i-trae-skubbestok-spadserestok","status":"publish","type":"product","link":"https:\/\/woolskins.eu\/da\/houten-eekhoorn-duwstok-loopstok\/","title":{"rendered":"Tr\u00e6egern Push Stick \u2013 Spadserestav"},"content":{"rendered":"<p data-sourcepos=\"5:1-5:42\"><strong>Hvorfor v\u00e6lger du en tr\u00e6stang?<\/strong><\/p>\n<ul data-sourcepos=\"7:1-7:44\">\n<li data-sourcepos=\"7:1-7:44\"><strong>Stimulerer motorisk udvikling:<\/strong> Ved at skubbe eller tr\u00e6kke i skubbestokken \u00f8ver dit barn sin grovmotorik og koordination.<\/li>\n<li data-sourcepos=\"8:1-8:13\"><strong>Forbedrer balancen:<\/strong> At g\u00e5 med skubbestokken hj\u00e6lper dit barn med at udvikle sin balance og l\u00e6re at st\u00e5 solidt p\u00e5 f\u00f8dderne.<\/li>\n<li data-sourcepos=\"9:1-9:129\"><strong>Tilskynder til fantasifuld leg:<\/strong> St\u00f8bestokken kan bruges som et dyr, bil eller hvad dit barns fantasi kan finde p\u00e5.<\/li>\n<li data-sourcepos=\"10:1-10:134\"><strong>Fremstillet af b\u00e6redygtige materialer:<\/strong> St\u00f8bestokken er lavet af h\u00f8jkvalitets FSC\u00ae-tr\u00e6, hvilket g\u00f8r den holdbar og holdbar.<\/li>\n<li data-sourcepos=\"11:1-11:112\"><strong>Sikker for b\u00f8rn:<\/strong> St\u00f8bestokken er afsluttet med en sikker, giftfri maling og har en glat finish, fri for skarpe kanter, hvilket g\u00f8r den sikker for b\u00f8rn at lege med.<\/li>\n<\/ul>\n<p data-sourcepos=\"13:1-13:40\"><strong>Denne tr\u00e6stang er perfekt til:<\/strong><\/p>\n<ul data-sourcepos=\"15:1-18:0\">\n<li data-sourcepos=\"15:1-15:25\">Sm\u00e5b\u00f8rn l\u00e6rer at g\u00e5<\/li>\n<li data-sourcepos=\"16:1-16:44\">B\u00f8rn, der gerne vil bruge deres fantasi<\/li>\n<li data-sourcepos=\"17:1-18:0\">For\u00e6ldre, der leder efter b\u00e6redygtigt og p\u00e6dagogisk leget\u00f8j<\/li>\n<\/ul>\n<p data-sourcepos=\"19:1-19:18\"><strong>Specifikationer:<\/strong><\/p>\n<ul data-sourcepos=\"21:1-24:0\">\n<li data-sourcepos=\"21:1-21:17\">Materiale: Tr\u00e6 med FSC\u00ae kvalitetsm\u00e6rke<\/li>\n<li data-sourcepos=\"22:1-22:35\">M\u00e5l: 18 x 15,5 x 64 cm<\/li>\n<li data-sourcepos=\"23:1-24:0\">Alder: Sm\u00e5barn<\/li>\n<\/ul>\n<p data-sourcepos=\"25:1-25:118\"><strong>G\u00f8r legetid til l\u00e6ringstid med denne tr\u00e6skubbepind! Bestil det i dag og lad dit barn opleve det sjove!<\/strong><\/p>\n<p data-sourcepos=\"32:1-32:9\"><strong>Tips:<\/strong><\/p>\n<ul data-sourcepos=\"34:1-37:0\">\n<li data-sourcepos=\"34:1-34:65\">Lad dit barn bruge skubbestangen indend\u00f8rs eller udend\u00f8rs.<\/li>\n<li data-sourcepos=\"35:1-35:70\">Leg sammen med dit barn og find p\u00e5 sjove lege med skubbestangen.<\/li>\n<\/ul>\n<p data-sourcepos=\"38:1-38:17\"><strong>Med denne tr\u00e6skubbestok fra Tarnawa er du garanteret sjov for de mindste.<\/strong><\/p>\n<p data-sourcepos=\"38:1-38:17\"><strong>Om Tarnawa<\/strong><\/p>\n<p><strong>Stol p\u00e5 familietraditionen!<\/strong><\/p>\n<p>Vi ved, hvordan man g\u00f8r ethvert barn glad fra en tidlig alder. Vi ved, at dets udvikling og sikkerhed er lige s\u00e5 vigtigt som sjovt. Mere end 80 \u00e5rs arbejde med at lave leget\u00f8j og genstande af tr\u00e6 har l\u00e6rt os dette. Vi tilbyder vores kunder tr\u00e6leget\u00f8j af h\u00f8j kvalitet til b\u00f8rn, som ikke kun er robust, men ogs\u00e5 sikkert. Vi videregiver viden, erfaring, passion og engagement i vores hus fra generation til generation. Tarnawa er ikke bare en virksomhed, det er en familie!<\/p>\n<p><img loading=\"lazy\" decoding=\"async\" class=\"alignnone size-medium wp-image-20439\" src=\"https:\/\/woolskins.eu\/wp-content\/uploads\/2024\/06\/IMG_1333-scaled-Klein-225x300.jpg\" alt=\"Tr\u00e6vandrende and Skubbestok Tr\u00e6leget\u00f8j Uldskind Tarnawa\" width=\"225\" height=\"300\" srcset=\"https:\/\/woolskins.eu\/wp-content\/uploads\/2024\/06\/IMG_1333-scaled-Klein-225x300.jpg 225w, https:\/\/woolskins.eu\/wp-content\/uploads\/2024\/06\/IMG_1333-scaled-Klein-64x85.jpg 64w, https:\/\/woolskins.eu\/wp-content\/uploads\/2024\/06\/IMG_1333-scaled-Klein-9x12.jpg 9w, https:\/\/woolskins.eu\/wp-content\/uploads\/2024\/06\/IMG_1333-scaled-Klein.jpg 480w\" sizes=\"auto, (max-width: 225px) 100vw, 225px\" \/><\/p>\n<p><strong>Leget\u00f8j af h\u00f8j kvalitet til dine og vores b\u00f8rn!<br \/>\n<\/strong><br \/>\nVi tror p\u00e5, at du som for\u00e6lder \u00f8nsker, at det leget\u00f8j, du giver dit barn, skal v\u00e6re smukt, omhyggeligt lavet, holdbart og sikkert. Vi sikrer, at vores tr\u00e6produkter, takket v\u00e6re deres funktionalitet, men ogs\u00e5 \u00e6stetik og pr\u00e6cision af finish, tjener dit barn s\u00e5 l\u00e6nge og bedst muligt. Vi laver dem i h\u00e5nden, med sans for de mindste detaljer. Tarnawas tr\u00e6leget\u00f8j er ikke masseproduceret, det er sm\u00e5 kunstv\u00e6rker.<\/p>\n<p><strong>Vi skaber med tiden!<br \/>\n<\/strong><br \/>\nVerden udvikler sig konstant, ligesom dit barn og dig. Udvikling er grundlaget for tilv\u00e6relsen. Mange \u00e5rs erfaring har l\u00e6rt os, at vi ikke skal st\u00e5 stille, og derfor fors\u00f8ger vi hele tiden at g\u00f8re noget nyt. Som producent af tr\u00e6leget\u00f8j kombinerer vi en passion for traditionelle leget\u00f8jsfremstillingsteknikker med et moderne look. Vi n\u00e5r dig, k\u00e6re for\u00e6lder, takket v\u00e6re moderne medier, som g\u00f8r det nemmere for dig og dit barn at f\u00e5 adgang til vores naturlige produkter.<\/p>\n<p>&nbsp;<\/p>\n<p><img loading=\"lazy\" decoding=\"async\" class=\"size-full wp-image-20440 aligncenter\" src=\"https:\/\/woolskins.eu\/wp-content\/uploads\/2024\/06\/Logo.black_-300x263-1.png\" alt=\"Tr\u00e6vandrende and Skubbestok Tr\u00e6leget\u00f8j Uldskind Tarnawa\" width=\"300\" height=\"263\" srcset=\"https:\/\/woolskins.eu\/wp-content\/uploads\/2024\/06\/Logo.black_-300x263-1.png 300w, https:\/\/woolskins.eu\/wp-content\/uploads\/2024\/06\/Logo.black_-300x263-1-64x56.png 64w, https:\/\/woolskins.eu\/wp-content\/uploads\/2024\/06\/Logo.black_-300x263-1-14x12.png 14w\" sizes=\"auto, (max-width: 300px) 100vw, 300px\" \/><\/p>","protected":false},"excerpt":{"rendered":"<p data-sourcepos=\"1:1-1:55\"><strong>Wooden Duck Push Stick \u2013 Spadserestav\u00a0<\/strong><\/p>\n<p data-sourcepos=\"3:1-3:54\">Leder du efter sjovt og l\u00e6rerigt leget\u00f8j til dit barn? S\u00e5 er denne tr\u00e6skubbestok det perfekte valg! Lavet af h\u00f8jkvalitets FSC\u00ae godkendt tr\u00e6 giver denne pind timevis af sjov, mens den stimulerer dit barns motoriske udvikling. St\u00f8bestokken er afsluttet med en sikker, giftfri maling og har en glat finish, fri for skarpe kanter, hvilket g\u00f8r den sikker for b\u00f8rn at lege med.<\/p>\n<p><strong>M\u00e6rke: Tarnawa<\/strong><br \/>\n<strong>Produktion: Polen<\/strong><\/p>\n<p data-sourcepos=\"38:1-38:17\">","protected":false},"featured_media":20446,"comment_status":"open","ping_status":"closed","template":"","meta":{"_acf_changed":false},"product_brand":[],"product_cat":[504,505],"product_tag":[],"class_list":{"0":"post-20442","1":"product","2":"type-product","3":"status-publish","4":"has-post-thumbnail","6":"product_cat-houten-speelgoed","7":"product_cat-tarnawa","9":"first","10":"outofstock","11":"taxable","12":"shipping-taxable","13":"purchasable","14":"product-type-simple"},"acf":[],"_links":{"self":[{"href":"https:\/\/woolskins.eu\/da\/wp-json\/wp\/v2\/product\/20442","targetHints":{"allow":["GET"]}}],"collection":[{"href":"https:\/\/woolskins.eu\/da\/wp-json\/wp\/v2\/product"}],"about":[{"href":"https:\/\/woolskins.eu\/da\/wp-json\/wp\/v2\/types\/product"}],"replies":[{"embeddable":true,"href":"https:\/\/woolskins.eu\/da\/wp-json\/wp\/v2\/comments?post=20442"}],"wp:featuredmedia":[{"embeddable":true,"href":"https:\/\/woolskins.eu\/da\/wp-json\/wp\/v2\/media\/20446"}],"wp:attachment":[{"href":"https:\/\/woolskins.eu\/da\/wp-json\/wp\/v2\/media?parent=20442"}],"wp:term":[{"taxonomy":"product_brand","embeddable":true,"href":"https:\/\/woolskins.eu\/da\/wp-json\/wp\/v2\/product_brand?post=20442"},{"taxonomy":"product_cat","embeddable":true,"href":"https:\/\/woolskins.eu\/da\/wp-json\/wp\/v2\/product_cat?post=20442"},{"taxonomy":"product_tag","embeddable":true,"href":"https:\/\/woolskins.eu\/da\/wp-json\/wp\/v2\/product_tag?post=20442"}],"curies":[{"name":"wp","href":"https:\/\/api.w.org\/{rel}","templated":true}]}}