{"id":20157,"date":"2024-05-30T09:57:45","date_gmt":"2024-05-30T09:57:45","guid":{"rendered":"https:\/\/woolskins.eu\/?post_type=product&#038;p=20157"},"modified":"2026-02-10T14:02:30","modified_gmt":"2026-02-10T14:02:30","slug":"uldindsats-barnevogn-zaffiro-filtet-beige","status":"publish","type":"product","link":"https:\/\/woolskins.eu\/da\/wollen-inleg-kinderwagen-zaffiro-felted-beige\/","title":{"rendered":"Barnevogn med uldindl\u00e6g - Zaffiro | Filtet beige"},"content":{"rendered":"<h5>Indl\u00e6gsvogn i uld \u2013 Zaffiro<\/h5>\n<p data-sourcepos=\"5:1-5:57\">Denne uldindsats til barnevogn er lavet af 100% premium uld og tilbyder dit barn ultimativ komfort hele \u00e5ret rundt. Den bl\u00f8de filtede uld er \u00e5ndbar og fugtregulerende, s\u00e5 dit barn altid forbliver behageligt t\u00f8rt. Bagsiden af indl\u00e6gget er forsynet med AIR-Mash, s\u00e5 luften kan forts\u00e6tte med at cirkulere frit. Den nederste del af indl\u00e6gget er lavet af vandt\u00e6t og smudsafvisende stof, hvilket g\u00f8r det nemt at holde rent. Indl\u00e6gget er tykt og bl\u00f8dt og giver ekstra st\u00f8tte til dit barns ryg og nakke.<\/p>\n<p data-sourcepos=\"5:1-5:57\">\u2013 M\u00e5l: 85 x 35,5\/40,5 cm.<br \/>\n\u2013 Bl\u00f8d og behagelig at r\u00f8re ved premium uld.<br \/>\n\u2013 Den nederste del er forsynet med et vandt\u00e6t og smudsafvisende stof.<br \/>\n\u2013 Beskytter mod sved, &quot;gnidning&quot; og de negative virkninger af klapvognens plastik p\u00e5 barnets hud.<br \/>\n\u2013 Forbedrer rejsekomforten, n\u00e5r du k\u00f8rer klapvognen over uj\u00e6vne overflader.<br \/>\n\u2013 Beskytter s\u00e6debetr\u00e6k mod snavs.<br \/>\n\u2013 Enkel og hurtig montering af indsatsen.<\/p>\n<h5>Zaffiro<\/h5>\n<p>Zaffiro-virksomheden er en polsk familievirksomhed. Siden vores begyndelse i 1989 har vi specialiseret os i produktion af baby- og b\u00f8rneprodukter, og det meste af det, vi producerer, eksporteres til mere end 40 lande. Vi skabte Zaffiro-m\u00e6rket for at promovere produkter, der st\u00f8tter for\u00e6ldre, der er opm\u00e6rksomme p\u00e5 vigtigheden af intimitet og binding til deres baby fra de f\u00f8rste timer efter f\u00f8dslen. Vi fremmer konceptet med at b\u00e6re b\u00f8rn &#039;hjerte udenad&#039; i sejl og b\u00e6reseler, genintroducere, genopdage og udvikle tidligere generationers kloge tradition under hensyntagen til nutidig psykologisk forskning.<\/p>","protected":false},"excerpt":{"rendered":"<p class=\"product_title entry-title\">Nyd at g\u00e5 ud med dit barn i denne varme barnevognsindl\u00e6g fra Zaffiro til barnevognen eller buggyen. Denne fodpose er lavet af 100% premium uld (filtet) og tager straks temperaturen p\u00e5 dit barn. Den holder godt p\u00e5 varmen, uden at dit barn sveder, fordi uld \u00e5nder. Takket v\u00e6re disse unikke egenskaber ved uld vil dit barn have det vidunderligt varmt og behageligt. Takket v\u00e6re de praktiske strop\u00e5bninger kan du hurtigt installere denne uldne fodpose i din barnevogn eller buggy. Du kan stramme snoren i kraven for at beskytte hovedet mod vejr og vind. Denne fodpose fra Zaffiro kan bruges hele \u00e5ret rundt, men er mest anvendelig for\u00e5r, vinter og efter\u00e5r.<\/p>\n<div class=\"woocommerce-product-details__short-description\">\n<p><strong>M\u00e6rke: Zaffiro<\/strong><br \/>\n<strong>Produktion: Polen<br \/>\nKeur: Oeko-Tex Standard<\/strong><\/p>\n<p><img loading=\"lazy\" decoding=\"async\" class=\"alignnone wp-image-28173 entered lazyloaded\" src=\"https:\/\/woolskins.eu\/wp-content\/uploads\/2024\/05\/csm_OEKO-TEX_Logo_2022_rgb_c1aaeb5ceb-300x300.jpg\" alt=\"\" width=\"89\" height=\"89\" data-lazy-src=\"https:\/\/woolskins.eu\/wp-content\/uploads\/2024\/05\/csm_OEKO-TEX_Logo_2022_rgb_c1aaeb5ceb-300x300.jpg\" data-ll-status=\"loaded\" srcset=\"https:\/\/woolskins.eu\/wp-content\/uploads\/2024\/05\/csm_OEKO-TEX_Logo_2022_rgb_c1aaeb5ceb-300x300.jpg 300w, https:\/\/woolskins.eu\/wp-content\/uploads\/2024\/05\/csm_OEKO-TEX_Logo_2022_rgb_c1aaeb5ceb-150x150.jpg 150w, https:\/\/woolskins.eu\/wp-content\/uploads\/2024\/05\/csm_OEKO-TEX_Logo_2022_rgb_c1aaeb5ceb-768x769.jpg 768w, https:\/\/woolskins.eu\/wp-content\/uploads\/2024\/05\/csm_OEKO-TEX_Logo_2022_rgb_c1aaeb5ceb-12x12.jpg 12w, https:\/\/woolskins.eu\/wp-content\/uploads\/2024\/05\/csm_OEKO-TEX_Logo_2022_rgb_c1aaeb5ceb-600x601.jpg 600w, https:\/\/woolskins.eu\/wp-content\/uploads\/2024\/05\/csm_OEKO-TEX_Logo_2022_rgb_c1aaeb5ceb-100x100.jpg 100w, https:\/\/woolskins.eu\/wp-content\/uploads\/2024\/05\/csm_OEKO-TEX_Logo_2022_rgb_c1aaeb5ceb-64x64.jpg 64w, https:\/\/woolskins.eu\/wp-content\/uploads\/2024\/05\/csm_OEKO-TEX_Logo_2022_rgb_c1aaeb5ceb.jpg 885w\" sizes=\"auto, (max-width: 89px) 100vw, 89px\" \/><\/p>\n<p>&nbsp;<\/p>\n<\/div>","protected":false},"featured_media":20161,"comment_status":"open","ping_status":"closed","template":"","meta":{"_acf_changed":false},"product_brand":[],"product_cat":[502,336],"product_tag":[],"class_list":{"0":"post-20157","1":"product","2":"type-product","3":"status-publish","4":"has-post-thumbnail","6":"product_cat-zaffiro","7":"product_cat-voetenzakken","9":"first","10":"outofstock","11":"sale","12":"taxable","13":"shipping-taxable","14":"purchasable","15":"product-type-simple"},"acf":[],"_links":{"self":[{"href":"https:\/\/woolskins.eu\/da\/wp-json\/wp\/v2\/product\/20157","targetHints":{"allow":["GET"]}}],"collection":[{"href":"https:\/\/woolskins.eu\/da\/wp-json\/wp\/v2\/product"}],"about":[{"href":"https:\/\/woolskins.eu\/da\/wp-json\/wp\/v2\/types\/product"}],"replies":[{"embeddable":true,"href":"https:\/\/woolskins.eu\/da\/wp-json\/wp\/v2\/comments?post=20157"}],"wp:featuredmedia":[{"embeddable":true,"href":"https:\/\/woolskins.eu\/da\/wp-json\/wp\/v2\/media\/20161"}],"wp:attachment":[{"href":"https:\/\/woolskins.eu\/da\/wp-json\/wp\/v2\/media?parent=20157"}],"wp:term":[{"taxonomy":"product_brand","embeddable":true,"href":"https:\/\/woolskins.eu\/da\/wp-json\/wp\/v2\/product_brand?post=20157"},{"taxonomy":"product_cat","embeddable":true,"href":"https:\/\/woolskins.eu\/da\/wp-json\/wp\/v2\/product_cat?post=20157"},{"taxonomy":"product_tag","embeddable":true,"href":"https:\/\/woolskins.eu\/da\/wp-json\/wp\/v2\/product_tag?post=20157"}],"curies":[{"name":"wp","href":"https:\/\/api.w.org\/{rel}","templated":true}]}}