{"id":20017,"date":"2024-05-24T13:12:51","date_gmt":"2024-05-24T13:12:51","guid":{"rendered":"https:\/\/woolskins.eu\/?post_type=product&#038;p=20017"},"modified":"2026-03-31T12:40:12","modified_gmt":"2026-03-31T12:40:12","slug":"a-basic-brand-babydragt-navy","status":"publish","type":"product","link":"https:\/\/woolskins.eu\/da\/a-basic-brand-babypak-navy\/","title":{"rendered":"A Basic Brand \u2013 babydragt | Fl\u00e5de"},"content":{"rendered":"<p>Den ultimative babydragt med f\u00f8dder hele dagen og hele natten. Fremstillet af en ultrabl\u00f8d tynd bomuldsfleece, med et utroligt bl\u00f8dt touch \u2013 det bl\u00f8dest mulige stof til din babys f\u00f8lsomme hud. \u00c5bner helt med sm\u00e5 trykknapper for hurtig og nem adgang. Det enkleste design i grundfarver.<\/p>\n<p>97% bomuld 3% elastan. STANDARD 100 fra OEKO-TEX\u00ae<\/p>\n<p>St\u00f8rrelser:<\/p>\n<p>inders\u00f8m cm \/ total l\u00e6ngde cm \/ \u00e6rmel\u00e6ngde cm<\/p>\n<p>0m \u2013 16\/41\/17<br \/>\n3m \u2013 19\/48\/19<br \/>\n6m \u2013 22\/55\/21<br \/>\n9m \u2013 25\/62\/23<\/p>\n<h5>Et babym\u00e6rke<\/h5>\n<p>Oplev en virkelig minimalistisk garderobe fuld af praktiske ting. Mix og match vores unisex modeller og farver. Intet logo, intet tryk, ingen ballade.<\/p>\n<p>Vores mission er at g\u00f8re dit liv lettere, s\u00e5 en af hovedideerne bag vores filosofi er PRAKSIS. Vi bekymrer os ogs\u00e5 dybt om vores planet og \u00f8nsker, at alle ville leve et mere minimalistisk liv og derfor bruge mindre t\u00f8j (# FORBRUGT).<\/p>\n<p>Derfor er kvaliteten af vores produkter den h\u00f8jest mulige. Du kan bruge dem i \u00e5revis og give dem videre, n\u00e5r du er f\u00e6rdig. Vi bruger topstoffer med b\u00e5de GOTS Organic Cotton Certificate &amp; STANDARD 100 by OEKO-TEX\u00ae. Alle vores produkter kan maskinvaskes og t\u00f8rretumbles s\u00e5 ofte du har lyst. Du vil opdage, at vores bomuldsfleece ikke engang skal stryges for at se godt ud.<\/p>","protected":false},"excerpt":{"rendered":"<p>Den ultimative babydragt med f\u00f8dder hele dagen og hele natten. Fremstillet af en ultrabl\u00f8d tynd bomuldsfleece, med et utroligt bl\u00f8dt touch \u2013 det bl\u00f8dest mulige stof til din babys f\u00f8lsomme hud.<\/p>","protected":false},"featured_media":20021,"comment_status":"closed","ping_status":"closed","template":"","meta":{"_acf_changed":false},"product_brand":[],"product_cat":[335,361,360,363,529,534],"product_tag":[],"class_list":{"0":"post-20017","1":"product","2":"type-product","3":"status-publish","4":"has-post-thumbnail","6":"product_cat-a_baby_brand","7":"product_cat-babyshower","8":"product_cat-cadeautips","9":"product_cat-cadeaus-e25-e50","10":"product_cat-katoenen-babykleertjes","11":"product_cat-katoenen-babypak","12":"pa_maat-0-maanden","13":"pa_maat-3-maanden","14":"pa_maat-6-maanden","16":"first","17":"instock","18":"taxable","19":"shipping-taxable","20":"purchasable","21":"product-type-variable"},"acf":[],"_links":{"self":[{"href":"https:\/\/woolskins.eu\/da\/wp-json\/wp\/v2\/product\/20017","targetHints":{"allow":["GET"]}}],"collection":[{"href":"https:\/\/woolskins.eu\/da\/wp-json\/wp\/v2\/product"}],"about":[{"href":"https:\/\/woolskins.eu\/da\/wp-json\/wp\/v2\/types\/product"}],"replies":[{"embeddable":true,"href":"https:\/\/woolskins.eu\/da\/wp-json\/wp\/v2\/comments?post=20017"}],"wp:featuredmedia":[{"embeddable":true,"href":"https:\/\/woolskins.eu\/da\/wp-json\/wp\/v2\/media\/20021"}],"wp:attachment":[{"href":"https:\/\/woolskins.eu\/da\/wp-json\/wp\/v2\/media?parent=20017"}],"wp:term":[{"taxonomy":"product_brand","embeddable":true,"href":"https:\/\/woolskins.eu\/da\/wp-json\/wp\/v2\/product_brand?post=20017"},{"taxonomy":"product_cat","embeddable":true,"href":"https:\/\/woolskins.eu\/da\/wp-json\/wp\/v2\/product_cat?post=20017"},{"taxonomy":"product_tag","embeddable":true,"href":"https:\/\/woolskins.eu\/da\/wp-json\/wp\/v2\/product_tag?post=20017"}],"curies":[{"name":"wp","href":"https:\/\/api.w.org\/{rel}","templated":true}]}}