{"id":20007,"date":"2024-05-24T13:04:04","date_gmt":"2024-05-24T13:04:04","guid":{"rendered":"https:\/\/woolskins.eu\/?post_type=product&#038;p=20007"},"modified":"2025-11-12T11:11:40","modified_gmt":"2025-11-12T11:11:40","slug":"a-basic-brand-baby-bloomers-rib-navy","status":"publish","type":"product","link":"https:\/\/woolskins.eu\/da\/a-basic-brand-baby-bloomers-rib-navy\/","title":{"rendered":"Et grundl\u00e6ggende m\u00e6rke \u2013 Baby Bloomers Rib | Fl\u00e5de"},"content":{"rendered":"<h6>Et babym\u00e6rke<\/h6>\n<p>Disse s\u00f8de bloomers er lavet af ribbet bomuldsstof. Disse bloomers har en behagelig elastisk talje og sidder godt p\u00e5 benene. En rigtig sommerfavorit.<\/p>\n<p>97% bomuld 3% elastan.<\/p>\n<p>STANDARD 100 fra OEKO-TEX\u00ae<\/p>\n<p>St\u00f8rrelser:<\/p>\n<p>l\u00e6ngde cm \/ bredde cm<\/p>\n<p>0m \u2013 15\/15<br \/>\n3m \u2013 16\/16<br \/>\n6m \u2013 18\/18<\/p>\n<h5>Et babym\u00e6rke<\/h5>\n<p>Oplev en virkelig minimalistisk garderobe fuld af praktiske ting. Mix og match vores unisex modeller og farver. Intet logo, intet tryk, ingen ballade.<\/p>\n<p>Vores mission er at g\u00f8re dit liv lettere, s\u00e5 en af hovedideerne bag vores filosofi er PRAKSIS. Vi bekymrer os ogs\u00e5 dybt om vores planet og \u00f8nsker, at alle ville leve et mere minimalistisk liv og derfor bruge mindre t\u00f8j (# FORBRUGT).<\/p>\n<p>Derfor er kvaliteten af vores produkter den h\u00f8jest mulige. Du kan bruge dem i \u00e5revis og give dem videre, n\u00e5r du er f\u00e6rdig. Vi bruger topstoffer med b\u00e5de GOTS Organic Cotton Certificate &amp; STANDARD 100 by OEKO-TEX\u00ae. Alle vores produkter kan maskinvaskes og t\u00f8rretumbles s\u00e5 ofte du har lyst. Du vil opdage, at vores bomuldsfleece ikke engang skal stryges for at se godt ud.<\/p>","protected":false},"excerpt":{"rendered":"<h6>Et babym\u00e6rke<\/h6>\n<p>Disse s\u00f8de bloomers er lavet af ribbet bomuldsstof. Disse bloomers har en behagelig elastisk talje og sidder godt p\u00e5 benene. En rigtig sommerfavorit.<\/p>","protected":false},"featured_media":20011,"comment_status":"closed","ping_status":"closed","template":"","meta":{"_acf_changed":false},"product_brand":[],"product_cat":[360,335,361,362,529,532],"product_tag":[423,430,429,431],"class_list":{"0":"post-20007","1":"product","2":"type-product","3":"status-publish","4":"has-post-thumbnail","6":"product_cat-cadeautips","7":"product_cat-a_baby_brand","8":"product_cat-babyshower","9":"product_cat-cadeaus-tot-e-25","10":"product_cat-katoenen-babykleertjes","11":"product_cat-katoenen-babybroekjes","12":"product_tag-a-baby-brand","13":"product_tag-babykleding","14":"product_tag-bloomers","15":"product_tag-wollen-babykleding","16":"pa_maat-0-maanden","17":"pa_maat-3-maanden","18":"pa_maat-6-maanden","20":"first","21":"instock","22":"taxable","23":"shipping-taxable","24":"purchasable","25":"product-type-variable"},"acf":[],"_links":{"self":[{"href":"https:\/\/woolskins.eu\/da\/wp-json\/wp\/v2\/product\/20007","targetHints":{"allow":["GET"]}}],"collection":[{"href":"https:\/\/woolskins.eu\/da\/wp-json\/wp\/v2\/product"}],"about":[{"href":"https:\/\/woolskins.eu\/da\/wp-json\/wp\/v2\/types\/product"}],"replies":[{"embeddable":true,"href":"https:\/\/woolskins.eu\/da\/wp-json\/wp\/v2\/comments?post=20007"}],"wp:featuredmedia":[{"embeddable":true,"href":"https:\/\/woolskins.eu\/da\/wp-json\/wp\/v2\/media\/20011"}],"wp:attachment":[{"href":"https:\/\/woolskins.eu\/da\/wp-json\/wp\/v2\/media?parent=20007"}],"wp:term":[{"taxonomy":"product_brand","embeddable":true,"href":"https:\/\/woolskins.eu\/da\/wp-json\/wp\/v2\/product_brand?post=20007"},{"taxonomy":"product_cat","embeddable":true,"href":"https:\/\/woolskins.eu\/da\/wp-json\/wp\/v2\/product_cat?post=20007"},{"taxonomy":"product_tag","embeddable":true,"href":"https:\/\/woolskins.eu\/da\/wp-json\/wp\/v2\/product_tag?post=20007"}],"curies":[{"name":"wp","href":"https:\/\/api.w.org\/{rel}","templated":true}]}}