{"id":19550,"date":"2024-03-22T13:52:38","date_gmt":"2024-03-22T13:52:38","guid":{"rendered":"https:\/\/woolskins.eu\/?post_type=product&#038;p=19550"},"modified":"2026-05-03T20:00:36","modified_gmt":"2026-05-03T20:00:36","slug":"a-basic-brand-baby-cardigan-rib-lysegra","status":"publish","type":"product","link":"https:\/\/woolskins.eu\/da\/a-basic-brand-baby-vest-rib-light-grey\/","title":{"rendered":"A Basic Brand \u2013 Baby Vest Rib | Lysegr\u00e5"},"content":{"rendered":"<h6>Et babym\u00e6rke<\/h6>\n<p>Unisex cardigan af ribbet bomuld, med en legende r\u00e5 finish. \u00c5bner helt med sm\u00e5 trykknapper. Match med rib-leggings, shorts eller bloomers for et hipt afslappet look.<\/p>\n<p>97% bomuld 3% elastan. STANDARD 100 fra OEKO-TEX\u00ae<\/p>\n<p>St\u00f8rrelser:<\/p>\n<p>inders\u00f8m cm \/ total l\u00e6ngde cm \/ \u00e6rmel\u00e6ngde cm<\/p>\n<p>0m \u2013 22,5\/18\/23<br \/>\n3m \u2013 25,5 \/ 21 \/ 25<\/p>\n<h5>Et babym\u00e6rke<\/h5>\n<p>Oplev en virkelig minimalistisk garderobe fuld af praktiske ting. Mix og match vores unisex modeller og farver. Intet logo, intet tryk, ingen ballade.<\/p>\n<p>Vores mission er at g\u00f8re dit liv lettere, s\u00e5 en af hovedideerne bag vores filosofi er PRAKSIS. Vi bekymrer os ogs\u00e5 dybt om vores planet og \u00f8nsker, at alle ville leve et mere minimalistisk liv og derfor bruge mindre t\u00f8j (# FORBRUGT).<\/p>\n<p>Derfor er kvaliteten af vores produkter den h\u00f8jest mulige. Du kan bruge dem i \u00e5revis og give dem videre, n\u00e5r du er f\u00e6rdig. Vi bruger topstoffer med b\u00e5de GOTS Organic Cotton Certificate &amp; STANDARD 100 by OEKO-TEX\u00ae. Alle vores produkter kan maskinvaskes og t\u00f8rretumbles s\u00e5 ofte du har lyst. Du vil opdage, at vores bomuldsfleece ikke engang skal stryges for at se godt ud.<\/p>","protected":false},"excerpt":{"rendered":"<h6>Et babym\u00e6rke<\/h6>\n<p>Unisex cardigan af ribbet bomuld, med en legende r\u00e5 finish. \u00c5bner helt med sm\u00e5 trykknapper. Match med rib-leggings, shorts eller bloomers for et hipt afslappet look.<\/p>","protected":false},"featured_media":19559,"comment_status":"closed","ping_status":"closed","template":"","meta":{"_acf_changed":false},"product_brand":[],"product_cat":[335,361,360,363,529,530],"product_tag":[423,430,432,433,434,431,425],"class_list":{"0":"post-19550","1":"product","2":"type-product","3":"status-publish","4":"has-post-thumbnail","6":"product_cat-a_baby_brand","7":"product_cat-babyshower","8":"product_cat-cadeautips","9":"product_cat-cadeaus-e25-e50","10":"product_cat-katoenen-babykleertjes","11":"product_cat-katoenen-babyshirt","12":"product_tag-a-baby-brand","13":"product_tag-babykleding","14":"product_tag-babyromper","15":"product_tag-babyrompertjes","16":"product_tag-babyuitzet","17":"product_tag-wollen-babykleding","18":"product_tag-woolskins","19":"pa_maat-0-maanden","20":"pa_maat-1-jaar","21":"pa_maat-3-maanden","22":"pa_maat-6-maanden","24":"first","25":"instock","26":"taxable","27":"shipping-taxable","28":"purchasable","29":"product-type-variable"},"acf":[],"_links":{"self":[{"href":"https:\/\/woolskins.eu\/da\/wp-json\/wp\/v2\/product\/19550","targetHints":{"allow":["GET"]}}],"collection":[{"href":"https:\/\/woolskins.eu\/da\/wp-json\/wp\/v2\/product"}],"about":[{"href":"https:\/\/woolskins.eu\/da\/wp-json\/wp\/v2\/types\/product"}],"replies":[{"embeddable":true,"href":"https:\/\/woolskins.eu\/da\/wp-json\/wp\/v2\/comments?post=19550"}],"wp:featuredmedia":[{"embeddable":true,"href":"https:\/\/woolskins.eu\/da\/wp-json\/wp\/v2\/media\/19559"}],"wp:attachment":[{"href":"https:\/\/woolskins.eu\/da\/wp-json\/wp\/v2\/media?parent=19550"}],"wp:term":[{"taxonomy":"product_brand","embeddable":true,"href":"https:\/\/woolskins.eu\/da\/wp-json\/wp\/v2\/product_brand?post=19550"},{"taxonomy":"product_cat","embeddable":true,"href":"https:\/\/woolskins.eu\/da\/wp-json\/wp\/v2\/product_cat?post=19550"},{"taxonomy":"product_tag","embeddable":true,"href":"https:\/\/woolskins.eu\/da\/wp-json\/wp\/v2\/product_tag?post=19550"}],"curies":[{"name":"wp","href":"https:\/\/api.w.org\/{rel}","templated":true}]}}