{"id":18837,"date":"2024-01-12T13:28:18","date_gmt":"2024-01-12T13:28:18","guid":{"rendered":"https:\/\/woolskins.eu\/?post_type=product&#038;p=18837"},"modified":"2026-02-07T13:37:22","modified_gmt":"2026-02-07T13:37:22","slug":"a-basic-brand-uldvest-voksen-beige","status":"publish","type":"product","link":"https:\/\/woolskins.eu\/da\/a-basic-brand-wollen-bodywarmer-adult-beige\/","title":{"rendered":"A Basic Brand \u2013 Uld Bodywarmer Adult | beige"},"content":{"rendered":"<h6><strong>Et babym\u00e6rke<\/strong><\/h6>\n<p>Kropsvarmer 100% uld. Fantastisk varm og behagelig, helt naturlig, \u00e5ndbar og super hip. Cardiganen har sm\u00e5 lommer og lukkes med lynl\u00e5s. Brug den p\u00e5 en sweatshirt p\u00e5 en bl\u00e6sende dag eller under en jakke i rigtig koldt vejr. Denne cardigan er ogs\u00e5 tilg\u00e6ngelig til m\u00f8dre.<\/p>\n<p>Forbindelse<br \/>\n100% uld.<\/p>\n<p>St\u00f8rrelser:<\/p>\n<div class=\"item-bottom__text _active\">\n<p>l\u00e6ngde cm \/ bredde cm \/ omkreds cm<\/p>\n<p>S: 60\/50\/100<\/p>\n<p>M: 60\/55\/110<\/p>\n<p>L: 60\/60\/120<\/p>\n<\/div>\n<p>Vaskeanvisning:<\/p>\n<p>Vi anbefaler at h\u00e5ndvaske vores produkter i varmt vand og bruge et lanolinopvaskemiddel.<\/p>","protected":false},"excerpt":{"rendered":"<h6><strong>Et babym\u00e6rke<\/strong><\/h6>\n<p>Super varm og behagelig, men ogs\u00e5 helt naturlig og \u00e5ndbar. Vesten har gode lommer og lukkes med lynl\u00e5s. Vi anbefaler at h\u00e5ndvaske vores produkter i varmt vand og bruge et lanolinopvaskemiddel. Modellen p\u00e5 billedet er if\u00f8rt st\u00f8rrelse M.<\/p>\n<p><strong>M\u00e6rke: Et grundl\u00e6ggende m\u00e6rke<\/strong><br \/>\n<strong>Produktion: Polen<\/strong><\/p>","protected":false},"featured_media":18847,"comment_status":"open","ping_status":"closed","template":"","meta":{"_acf_changed":false},"product_brand":[],"product_cat":[335,360,364,350,31],"product_tag":[423,424,420,421,422,425],"class_list":{"0":"post-18837","1":"product","2":"type-product","3":"status-publish","4":"has-post-thumbnail","6":"product_cat-a_baby_brand","7":"product_cat-cadeautips","8":"product_cat-cadeaus-vanaf-e50","9":"product_cat-fashion","10":"product_cat-yogamat-wol","11":"product_tag-a-baby-brand","12":"product_tag-alwero-bodywarmer","13":"product_tag-bodywarmer-wol","14":"product_tag-wollen-bodywarmer","15":"product_tag-wool-vest","16":"product_tag-woolskins","17":"pa_maat-adult-size-l","18":"pa_maat-adult-size-m","19":"pa_maat-adult-size-s","21":"first","22":"instock","23":"taxable","24":"shipping-taxable","25":"purchasable","26":"product-type-variable"},"acf":[],"_links":{"self":[{"href":"https:\/\/woolskins.eu\/da\/wp-json\/wp\/v2\/product\/18837","targetHints":{"allow":["GET"]}}],"collection":[{"href":"https:\/\/woolskins.eu\/da\/wp-json\/wp\/v2\/product"}],"about":[{"href":"https:\/\/woolskins.eu\/da\/wp-json\/wp\/v2\/types\/product"}],"replies":[{"embeddable":true,"href":"https:\/\/woolskins.eu\/da\/wp-json\/wp\/v2\/comments?post=18837"}],"wp:featuredmedia":[{"embeddable":true,"href":"https:\/\/woolskins.eu\/da\/wp-json\/wp\/v2\/media\/18847"}],"wp:attachment":[{"href":"https:\/\/woolskins.eu\/da\/wp-json\/wp\/v2\/media?parent=18837"}],"wp:term":[{"taxonomy":"product_brand","embeddable":true,"href":"https:\/\/woolskins.eu\/da\/wp-json\/wp\/v2\/product_brand?post=18837"},{"taxonomy":"product_cat","embeddable":true,"href":"https:\/\/woolskins.eu\/da\/wp-json\/wp\/v2\/product_cat?post=18837"},{"taxonomy":"product_tag","embeddable":true,"href":"https:\/\/woolskins.eu\/da\/wp-json\/wp\/v2\/product_tag?post=18837"}],"curies":[{"name":"wp","href":"https:\/\/api.w.org\/{rel}","templated":true}]}}