{"id":18127,"date":"2023-11-30T14:50:08","date_gmt":"2023-11-30T14:50:08","guid":{"rendered":"https:\/\/woolskins.eu\/?post_type=product&#038;p=18127"},"modified":"2026-03-10T10:57:42","modified_gmt":"2026-03-10T10:57:42","slug":"fareskindsindsats-til-maxi-cosi-autostol-icelandic","status":"publish","type":"product","link":"https:\/\/woolskins.eu\/da\/schapenvacht-inlegkussen-voor-maxi-cosi-autostoel-icelandic\/","title":{"rendered":"F\u00e5reskinds indl\u00e6gspude til Maxi Cosi &amp; Autostol \u2013 islandsk"},"content":{"rendered":"<p>Meget behagelig til p\u00e5 farten og derhjemme. Ideel til lange ferierejser til kolde og varme lande. Det er yderst behageligt, fordi det \u00e5nder og absorberer sved med det samme uden at f\u00f8les v\u00e5dt\/klamt for dit barn.<\/p>\n<p>\u2013 M\u00e5l 70 x 33-22-29 cm (l\u00e6ngde x top-midt-bund), frakke 3 cm.<br \/>\n\u2013 Indhak til sikkerhedsstropper 3 &amp; 5 punkter.<br \/>\n\u2013 Medicinsk garvet.<br \/>\n\u2013 Bl\u00f8d og kompakt pels.<br \/>\n\u2013 Kan maskinvaskes og t\u00f8rres.<br \/>\n\u2013 Nem at vedligeholde.<\/p>\n<h5 class=\"Text1234883549__root Text1234883549---typography-11-runningText Text1234883549---priority-7-primary s8gg2 _2UIKs InfoSectionTitle3095652555__root\" aria-hidden=\"false\" data-hook=\"info-section-title\">Rejs komfortabelt<\/h5>\n<div class=\"rah-static rah-static--height-auto\" aria-hidden=\"false\">\n<div>\n<div class=\"_1yvxJ fggS- cell\">\n<div class=\"WncCi NTPd3\" data-hook=\"info-section-description\">\n<p>Uldfibre \u00e5nder og har den egenskab, at de fungerer som en naturlig termostat, der regulerer kropstemperaturen? Dette hj\u00e6lper din baby med at holde en stabil temperatur og holder din baby t\u00f8r og komfortabel. Det g\u00f8r dette &quot;dynamisk&quot;, hvilket betyder, at det sker, n\u00e5r det er n\u00f8dvendigt, og ikke n\u00e5r det ikke er n\u00f8dvendigt. Varmt om vinteren og k\u00f8ligt om sommeren.<\/p>\n<\/div>\n<\/div>\n<\/div>\n<\/div>\n<p>Woolskins Baby-Care frakker har en kortere pels, hvilket g\u00f8r dem babysikre. De er velegnede fra f\u00f8dslen, og fordi deres forarbejdning tager hensyn til milj\u00f8et, beskytter de b\u00e5de de sm\u00e5 og planeten. Derhjemme eller p\u00e5 farten skaber du et behageligt milj\u00f8, hvor dit barn f\u00f8ler sig glad og afslappet. Standard &#039;gaveklar&#039; pakket med en personlig note.<\/p>\n<h5><strong>Egenskaber islandsk f\u00e5reskind<\/strong><\/h5>\n<p>De islandske f\u00e5r er bedst kendt for at v\u00e6re langh\u00e5rede. Vi har f\u00e5et denne barberet til en kort l\u00e6ngde specielt til babyer, s\u00e5 det isolerende &#039;under&#039; uldlag kommer frem. Denne frakke er is\u00e6r kendetegnet ved l\u00e6dersidens smidighed og falder som et t\u00e6ppe. Som alle vores andre frakker \u00e5nder uldfibre. Dette hj\u00e6lper din baby med at holde en stabil temperatur og holder dit barn t\u00f8rt og godt tilpas. K\u00f8ligt om sommeren og varmt om vinteren.<\/p>\n<h5><b>Milj\u00f8venlig<\/b><\/h5>\n<p><span style=\"font-weight: 400;\">Alle produkter, der anvendes til garvning og efterbehandling, overholder v\u00e6sentlige EU-direktiver vedr\u00f8rende bevarelse og beskyttelse af milj\u00f8et.<\/span><\/p>\n<p><span style=\"font-weight: 400;\">Vores fleece er garvet i overensstemmelse med REACH-reglerne, som blev vedtaget for at forbedre beskyttelsen af menneskers sundhed og milj\u00f8et mod de risici, kemikalier kan udg\u00f8re, og samtidig \u00f8ge konkurrenceevnen for EU&#039;s kemiske industri. Der anvendes ingen AZO-farvestoffer i produktionen.<\/span><\/p>\n<p><span style=\"font-weight: 400;\">\u00d8KOPRODUKTER \u2013 skind er milj\u00f8venlige skind, deres forarbejdning og behandling er sikker for voksne og b\u00f8rn. Huder er biologisk nedbrydelige, organiske.<\/span><\/p>\n<p><span style=\"font-weight: 400;\">Woolskins s\u00e6lger ikke f\u00e5replader, som Mulesing er p\u00e5f\u00f8rt! Mulesing bruges ikke til europ\u00e6iske f\u00e5r, fordi parasitten, der f\u00e5r landm\u00e6ndene til at bruge Mulesing, ikke forekommer i Europa.<\/span><\/p>\n<h5><b>Mavesovere... bem\u00e6rk!<\/b><\/h5>\n<p><span style=\"font-weight: 400;\">B\u00f8rn, der sover p\u00e5 maven de f\u00f8rste 12 m\u00e5neder, b\u00f8r af sikkerhedsm\u00e6ssige \u00e5rsager ikke sove p\u00e5 noget bl\u00f8dt, da det kan v\u00e6re farligt. Vi anbefaler derfor at bruge Woolskins frakken med omtanke! V\u00e6r altid opm\u00e6rksom, n\u00e5r dit barn ligger eller sover p\u00e5 maven og s\u00f8rg for, at dit barn altid er under opsyn.<\/span><\/p>\n<p>&nbsp;<\/p>","protected":false},"excerpt":{"rendered":"<p>Dette vidunderlige f\u00e5reskindsindl\u00e6g til Maxi Cosi er et behageligt og naturligt produkt, der holder din baby varm og hyggelig p\u00e5 vejen og under lange ture. En indl\u00e6gspude af f\u00e5reskind har flere fordele, s\u00e5som:<\/p>\n<ul>\n<li>Den er lavet af 100% \u00e6gte f\u00e5reskind, som er bl\u00f8dt, \u00e5ndbart og fugttransporterende. F\u00e5reskind er ogs\u00e5 allergivenligt og antibakterielt, hvilket g\u00f8r det velegnet til babyer med f\u00f8lsom hud eller allergi.<\/li>\n<li>Den passer til de fleste Maxi Cosi-modeller takket v\u00e6re dens runde form og b\u00e6lte\u00e5bninger. Du kan nemt vedh\u00e6fte og fjerne puden, denne indsats er ikke vaskbar som vores Medicinal indsats.<\/li>\n<li>Det sikrer en optimal temperatur for din baby, b\u00e5de sommer og vinter. Om sommeren f\u00f8les puden k\u00f8lig og absorberer sved, mens den om vinteren er varm og hyggelig. Puden hj\u00e6lper ogs\u00e5 med at forbedre din babys blodcirkulation og muskeltonus.<\/li>\n<\/ul>\n<p>En f\u00e5reskindsindl\u00e6gspude til Maxi Cosi er derfor et ideelt produkt til for\u00e6ldre, der \u00f8nsker at give deres baby det bedste. Det er et b\u00e6redygtigt og milj\u00f8venligt produkt, lavet af naturlige materialer og fri for skadelige stoffer. Med en indl\u00e6gspude af f\u00e5reskind til Maxi Cosi kan du g\u00f8re hver tur med din baby behagelig og hyggelig.<\/p>","protected":false},"featured_media":18130,"comment_status":"closed","ping_status":"closed","template":"","meta":{"_acf_changed":false},"product_brand":[],"product_cat":[364,498,216,354],"product_tag":[],"class_list":{"0":"post-18127","1":"product","2":"type-product","3":"status-publish","4":"has-post-thumbnail","6":"product_cat-cadeaus-vanaf-e50","7":"product_cat-inlegkussenmaxicosi","8":"product_cat-schapenvacht-voor-baby","9":"product_cat-woolskins","11":"first","12":"instock","13":"taxable","14":"shipping-taxable","15":"purchasable","16":"product-type-variable","17":"has-default-attributes"},"acf":[],"_links":{"self":[{"href":"https:\/\/woolskins.eu\/da\/wp-json\/wp\/v2\/product\/18127","targetHints":{"allow":["GET"]}}],"collection":[{"href":"https:\/\/woolskins.eu\/da\/wp-json\/wp\/v2\/product"}],"about":[{"href":"https:\/\/woolskins.eu\/da\/wp-json\/wp\/v2\/types\/product"}],"replies":[{"embeddable":true,"href":"https:\/\/woolskins.eu\/da\/wp-json\/wp\/v2\/comments?post=18127"}],"wp:featuredmedia":[{"embeddable":true,"href":"https:\/\/woolskins.eu\/da\/wp-json\/wp\/v2\/media\/18130"}],"wp:attachment":[{"href":"https:\/\/woolskins.eu\/da\/wp-json\/wp\/v2\/media?parent=18127"}],"wp:term":[{"taxonomy":"product_brand","embeddable":true,"href":"https:\/\/woolskins.eu\/da\/wp-json\/wp\/v2\/product_brand?post=18127"},{"taxonomy":"product_cat","embeddable":true,"href":"https:\/\/woolskins.eu\/da\/wp-json\/wp\/v2\/product_cat?post=18127"},{"taxonomy":"product_tag","embeddable":true,"href":"https:\/\/woolskins.eu\/da\/wp-json\/wp\/v2\/product_tag?post=18127"}],"curies":[{"name":"wp","href":"https:\/\/api.w.org\/{rel}","templated":true}]}}