{"id":17855,"date":"2023-11-17T13:51:52","date_gmt":"2023-11-17T13:51:52","guid":{"rendered":"https:\/\/woolskins.eu\/?post_type=product&#038;p=17855"},"modified":"2025-05-16T15:15:56","modified_gmt":"2025-05-16T15:15:56","slug":"legematte-til-bornehave-udenfor-lysegra","status":"publish","type":"product","link":"https:\/\/woolskins.eu\/da\/speelkleed-voor-babykamer-buiten-lichtgrijs\/","title":{"rendered":"Legem\u00e5tte til babyv\u00e6relse &amp; udend\u00f8rs | Lysegr\u00e5"},"content":{"rendered":"","protected":false},"excerpt":{"rendered":"<p>Vores uld legem\u00e5tter er perfekte til leg, babygym eller til at tage dem med udenfor. Den er dejlig varm, slidst\u00e6rk og isolerer godt mod en kold overflade. Denne runde legem\u00e5tte er lavet af naturlig uld, har et bl\u00f8dt mellemlag med \u00f8kol\u00e6derbund. er perfekte til indend\u00f8rs, men du kan ogs\u00e5 sagtens tage dem med udenfor. De passer ogs\u00e5 perfekt p\u00e5 Wobbel 360.<\/p>\n<ul>\n<li>M\u00e5l \u00f8 70 cm.<\/li>\n<\/ul>\n<p><strong>M\u00e6rke: Woolskins<br \/>\nProduktion: Polen<\/strong><\/p>","protected":false},"featured_media":17857,"comment_status":"open","ping_status":"closed","template":"","meta":{"_acf_changed":false},"product_brand":[],"product_cat":[348,363],"product_tag":[],"class_list":{"0":"post-17855","1":"product","2":"type-product","3":"status-publish","4":"has-post-thumbnail","6":"product_cat-kussens","7":"product_cat-cadeaus-e25-e50","9":"first","10":"outofstock","11":"taxable","12":"shipping-taxable","13":"purchasable","14":"product-type-simple"},"acf":[],"_links":{"self":[{"href":"https:\/\/woolskins.eu\/da\/wp-json\/wp\/v2\/product\/17855","targetHints":{"allow":["GET"]}}],"collection":[{"href":"https:\/\/woolskins.eu\/da\/wp-json\/wp\/v2\/product"}],"about":[{"href":"https:\/\/woolskins.eu\/da\/wp-json\/wp\/v2\/types\/product"}],"replies":[{"embeddable":true,"href":"https:\/\/woolskins.eu\/da\/wp-json\/wp\/v2\/comments?post=17855"}],"wp:featuredmedia":[{"embeddable":true,"href":"https:\/\/woolskins.eu\/da\/wp-json\/wp\/v2\/media\/17857"}],"wp:attachment":[{"href":"https:\/\/woolskins.eu\/da\/wp-json\/wp\/v2\/media?parent=17855"}],"wp:term":[{"taxonomy":"product_brand","embeddable":true,"href":"https:\/\/woolskins.eu\/da\/wp-json\/wp\/v2\/product_brand?post=17855"},{"taxonomy":"product_cat","embeddable":true,"href":"https:\/\/woolskins.eu\/da\/wp-json\/wp\/v2\/product_cat?post=17855"},{"taxonomy":"product_tag","embeddable":true,"href":"https:\/\/woolskins.eu\/da\/wp-json\/wp\/v2\/product_tag?post=17855"}],"curies":[{"name":"wp","href":"https:\/\/api.w.org\/{rel}","templated":true}]}}