{"id":17786,"date":"2023-11-17T12:02:22","date_gmt":"2023-11-17T12:02:22","guid":{"rendered":"https:\/\/woolskins.eu\/?post_type=product&#038;p=17786"},"modified":"2025-11-03T14:12:22","modified_gmt":"2025-11-03T14:12:22","slug":"taeppe-til-bornevaerelset","status":"publish","type":"product","link":"https:\/\/woolskins.eu\/da\/vloerkleed-voor-babykamer-kinderkamer\/","title":{"rendered":"T\u00e6ppe til babyv\u00e6relse &amp; b\u00f8rnev\u00e6relse"},"content":{"rendered":"","protected":false},"excerpt":{"rendered":"<p>Vores h\u00e5ndknyttede uldt\u00e6pper er et perfekt supplement til b\u00f8rnev\u00e6relset. Den er varm, holdbar og nem at vedligeholde. Dette uldt\u00e6ppe er lavet af naturlig uld, som er allergivenligt, smudsafvisende og brandh\u00e6mmende. Derudover giver et h\u00e5ndknyttet t\u00e6ppe et unikt og personligt pr\u00e6g p\u00e5 rummet, fordi hvert t\u00e6ppe er forskelligt.<\/p>\n<p>Det er en fantastisk m\u00e5de at g\u00f8re babyv\u00e6relset mere hyggeligt, behageligt og sjovt. Det er en investering, der holder i \u00e5revis og vil give b\u00f8rnene en masse sjov, blandt andet p\u00e5 grund af det legende uldrelief i sjove m\u00f8nstre p\u00e5 t\u00e6ppet. Nyd fordelene ved et naturligt, smukt og h\u00e5ndlavet produkt af h\u00f8j kvalitet.<\/p>\n<ul>\n<li>M\u00e5l 150 x 80 cm.<\/li>\n<li>100% uld.<\/li>\n<\/ul>\n<p><strong>M\u00e6rke: Woolskins<br \/>\nProduktion: Europa<\/strong><\/p>","protected":false},"featured_media":17834,"comment_status":"open","ping_status":"closed","template":"","meta":{"_acf_changed":false},"product_brand":[],"product_cat":[348,528],"product_tag":[],"class_list":{"0":"post-17786","1":"product","2":"type-product","3":"status-publish","4":"has-post-thumbnail","6":"product_cat-kussens","7":"product_cat-schapenvachten-voor-thuis","9":"first","10":"instock","11":"taxable","12":"shipping-taxable","13":"purchasable","14":"product-type-simple"},"acf":[],"_links":{"self":[{"href":"https:\/\/woolskins.eu\/da\/wp-json\/wp\/v2\/product\/17786","targetHints":{"allow":["GET"]}}],"collection":[{"href":"https:\/\/woolskins.eu\/da\/wp-json\/wp\/v2\/product"}],"about":[{"href":"https:\/\/woolskins.eu\/da\/wp-json\/wp\/v2\/types\/product"}],"replies":[{"embeddable":true,"href":"https:\/\/woolskins.eu\/da\/wp-json\/wp\/v2\/comments?post=17786"}],"wp:featuredmedia":[{"embeddable":true,"href":"https:\/\/woolskins.eu\/da\/wp-json\/wp\/v2\/media\/17834"}],"wp:attachment":[{"href":"https:\/\/woolskins.eu\/da\/wp-json\/wp\/v2\/media?parent=17786"}],"wp:term":[{"taxonomy":"product_brand","embeddable":true,"href":"https:\/\/woolskins.eu\/da\/wp-json\/wp\/v2\/product_brand?post=17786"},{"taxonomy":"product_cat","embeddable":true,"href":"https:\/\/woolskins.eu\/da\/wp-json\/wp\/v2\/product_cat?post=17786"},{"taxonomy":"product_tag","embeddable":true,"href":"https:\/\/woolskins.eu\/da\/wp-json\/wp\/v2\/product_tag?post=17786"}],"curies":[{"name":"wp","href":"https:\/\/api.w.org\/{rel}","templated":true}]}}