{"id":16803,"date":"2023-10-09T11:59:51","date_gmt":"2023-10-09T11:59:51","guid":{"rendered":"https:\/\/woolskins.eu\/?post_type=product&#038;p=16803"},"modified":"2026-02-24T13:34:16","modified_gmt":"2026-02-24T13:34:16","slug":"et-basismaerke-sokker-til-baby","status":"publish","type":"product","link":"https:\/\/woolskins.eu\/da\/a-basic-brand-sokken-voor-baby\/","title":{"rendered":"A Basic Brand \u2013 Babystr\u00f8mper"},"content":{"rendered":"<p>Disse klassiske ankellange sokker lavet af \u00f8kologisk bomuld er sikre for dit barns f\u00f8lsomme hud. Str\u00f8mpen har en bl\u00f8d og behagelig trykfri manchet. Kan bruges hele \u00e5ret rundt.<\/p>\n<p>\u2013 3 stykker (hvid\/lysegr\u00e5\/sort)<br \/>\n\u2013 80% bomuld 18% polyamid 2% elastan<\/p>\n<div class=\"item-bottom__link dif_color\">St\u00f8rrelsesguide:<\/div>\n<div class=\"item-bottom__text _active\">\n<p>Skost\u00f8rrelse \u2013 fodl\u00e6ngde<\/p>\n<p>14\/16 \u2013 7\/9 cm<br \/>\n17\/19 \u2013 10\/12 cm<\/p>\n<h5>Et babym\u00e6rke<\/h5>\n<p>Oplev en virkelig minimalistisk garderobe fuld af praktiske ting. Mix og match vores unisex modeller og farver. Intet logo, intet tryk, ingen ballade.<\/p>\n<p>Vores mission er at g\u00f8re dit liv lettere, s\u00e5 en af hovedideerne bag vores filosofi er PRAKSIS. Vi bekymrer os ogs\u00e5 dybt om vores planet og \u00f8nsker, at alle ville leve et mere minimalistisk liv og derfor bruge mindre t\u00f8j (# FORBRUGT).<\/p>\n<p>Derfor er kvaliteten af vores produkter den h\u00f8jest mulige. Du kan bruge dem i \u00e5revis og give dem videre, n\u00e5r du er f\u00e6rdig. Vi bruger topstoffer med b\u00e5de GOTS Organic Cotton Certificate &amp; STANDARD 100 by OEKO-TEX\u00ae. Alle vores produkter kan maskinvaskes og t\u00f8rretumbles s\u00e5 ofte du har lyst. Du vil opdage, at vores bomuldsfleece ikke engang skal stryges for at se godt ud.<\/p>\n<\/div>","protected":false},"excerpt":{"rendered":"<h6><strong>Et babym\u00e6rke<\/strong><\/h6>\n<p>Disse klassiske ankellange sokker lavet af \u00f8kologisk bomuld. Str\u00f8mpen har en bl\u00f8d og behagelig trykfri manchet og kan bruges hele \u00e5ret rundt.<\/p>\n<p>3 stykker (hvid\/lysgr\u00e5\/sort)<\/p>","protected":false},"featured_media":16804,"comment_status":"open","ping_status":"closed","template":"","meta":{"_acf_changed":false},"product_brand":[],"product_cat":[360,335,362,529,536],"product_tag":[],"class_list":{"0":"post-16803","1":"product","2":"type-product","3":"status-publish","4":"has-post-thumbnail","6":"product_cat-cadeautips","7":"product_cat-a_baby_brand","8":"product_cat-cadeaus-tot-e-25","9":"product_cat-katoenen-babykleertjes","10":"product_cat-katoenen-babyslofjes","12":"first","13":"instock","14":"taxable","15":"shipping-taxable","16":"purchasable","17":"product-type-variable"},"acf":[],"_links":{"self":[{"href":"https:\/\/woolskins.eu\/da\/wp-json\/wp\/v2\/product\/16803","targetHints":{"allow":["GET"]}}],"collection":[{"href":"https:\/\/woolskins.eu\/da\/wp-json\/wp\/v2\/product"}],"about":[{"href":"https:\/\/woolskins.eu\/da\/wp-json\/wp\/v2\/types\/product"}],"replies":[{"embeddable":true,"href":"https:\/\/woolskins.eu\/da\/wp-json\/wp\/v2\/comments?post=16803"}],"wp:featuredmedia":[{"embeddable":true,"href":"https:\/\/woolskins.eu\/da\/wp-json\/wp\/v2\/media\/16804"}],"wp:attachment":[{"href":"https:\/\/woolskins.eu\/da\/wp-json\/wp\/v2\/media?parent=16803"}],"wp:term":[{"taxonomy":"product_brand","embeddable":true,"href":"https:\/\/woolskins.eu\/da\/wp-json\/wp\/v2\/product_brand?post=16803"},{"taxonomy":"product_cat","embeddable":true,"href":"https:\/\/woolskins.eu\/da\/wp-json\/wp\/v2\/product_cat?post=16803"},{"taxonomy":"product_tag","embeddable":true,"href":"https:\/\/woolskins.eu\/da\/wp-json\/wp\/v2\/product_tag?post=16803"}],"curies":[{"name":"wp","href":"https:\/\/api.w.org\/{rel}","templated":true}]}}