{"id":16391,"date":"2023-09-19T08:54:43","date_gmt":"2023-09-19T08:54:43","guid":{"rendered":"https:\/\/woolskins.eu\/?post_type=product&#038;p=16391"},"modified":"2026-03-23T15:59:23","modified_gmt":"2026-03-23T15:59:23","slug":"uldtaeppe-nyfodt-beige","status":"publish","type":"product","link":"https:\/\/woolskins.eu\/da\/wollen-wikkeldeken-newborn-beige\/","title":{"rendered":"Woolen Wrap-t\u00e6ppe \/ H\u00e6ttet\u00e6ppe Nyf\u00f8dt | Beige"},"content":{"rendered":"<p>Dit barn vil sove vidunderligt og dr\u00f8mme sig v\u00e6k i dette komfortable uldne wrap-t\u00e6ppe fra vores &#039;Newborn&#039; kollektion. Dette wrap\/h\u00e6ttet\u00e6ppe er glat og luftigt og er ideelt til varmere vejr. De har et smukt og luksuri\u00f8st udseende og er yderst behagelige. Indersiden af det uldne wrap-t\u00e6ppe er udelukkende lavet af uld. Du kan ogs\u00e5 sv\u00f8be din baby med denne eller fodre den komfortabelt. Du kan nemt tage den med dig p\u00e5 farten for at holde din baby varm.<\/p>\n<p>\u2013 F\u00e5s eksklusivt hos Woolskins, produceret af Alwero<br \/>\n\u2013 Tosidet, den ene side (indvendig) helt uld.<br \/>\n\u2013 Woolblend 56% ren ubearbejdet ny uld (Woolmark kvalitetsm\u00e6rke) 44% syntetisk fiber.<br \/>\n\u2013 Til hjemmet og p\u00e5 farten.<br \/>\n\u2013 M\u00e5l: 80 x 80 cm.<br \/>\n\u2013 europ\u00e6isk produktion.<br \/>\n\u2013 kan vaskes ved 30\u00b0C uldvaskeprogram.<\/p>\n<p>Uldfibre \u00e5nder og har den egenskab, at de fungerer som en naturlig termostat, der regulerer kropstemperaturen? Dette hj\u00e6lper din baby med at holde en stabil temperatur og holder din baby t\u00f8r og komfortabel. Det g\u00f8r dette &quot;dynamisk&quot;, hvilket betyder, at det sker, n\u00e5r det er n\u00f8dvendigt, og ikke n\u00e5r det ikke er n\u00f8dvendigt. Varmt om vinteren og k\u00f8ligt om sommeren.<\/p>\n<p>Dette uldne viklet\u00e6ppe har Safe for Children og Woolmark kvalitetsm\u00e6rket.<\/p>\n<h5>Etiket af uldskind<\/h5>\n<p>Efter mange \u00e5rs succesfuldt samarbejde med Alwero, kan vi stolt meddele, at vi nu f\u00f8rer vores produkter under vores eget Woolskins-m\u00e6rke.<\/p>\n<p>P\u00e5 denne m\u00e5de f\u00e5r du stadig den bedste kvalitet, men kombineret med de flotteste og unikke produkter og designs.<\/p>\n<p>Kvaliteten af stofferne og farverne forbliver, som de altid har v\u00e6ret, men der er nu et st\u00f8rre udvalg, som Woolskins mener kan udm\u00e6rke sig.<\/p>\n<p>Vores brede kollektion er sammensat p\u00e5 en s\u00e5dan m\u00e5de, at de er et godt supplement til ethvert babys\u00e6t, lavet af 100% europ\u00e6isk uld, der \u00e5nder og passer til enhver s\u00e6son.<\/p>\n<p>Vi g\u00e5r entusiastisk sammen om at skabe et b\u00e6redygtigt, naturligt og mest behageligt produkt til dit barn.<\/p>","protected":false},"excerpt":{"rendered":"<p>Dit barn vil sove vidunderligt og dr\u00f8mme sig v\u00e6k i dette komfortable uldne wrap-t\u00e6ppe fra vores &#039;Newborn&#039; kollektion. Dette wrap\/h\u00e6ttet\u00e6ppe er glat og luftigt og er ideelt til varmere vejr. De har et smukt og luksuri\u00f8st udseende og er yderst behagelige. Indersiden af wrap-t\u00e6ppet er udelukkende lavet af uld. Du kan ogs\u00e5 sv\u00f8be din baby med denne eller fodre den komfortabelt. Du kan nemt tage den med dig p\u00e5 farten for at holde din baby varm.<\/p>\n<p><strong>M\u00e6rke: Woolskins<\/strong><br \/>\n<strong>Producent: Woolskins Private Lable er produceret af Alwero<\/strong><\/p>","protected":false},"featured_media":16392,"comment_status":"open","ping_status":"closed","template":"","meta":{"_acf_changed":false},"product_brand":[],"product_cat":[360,363,196,321,194],"product_tag":[],"class_list":{"0":"post-16391","1":"product","2":"type-product","3":"status-publish","4":"has-post-thumbnail","6":"product_cat-cadeautips","7":"product_cat-cadeaus-e25-e50","8":"product_cat-slaapkleding-baby","9":"product_cat-wikkeldekens","10":"product_cat-wollen-babyproducten","12":"first","13":"outofstock","14":"taxable","15":"shipping-taxable","16":"purchasable","17":"product-type-simple"},"acf":[],"_links":{"self":[{"href":"https:\/\/woolskins.eu\/da\/wp-json\/wp\/v2\/product\/16391","targetHints":{"allow":["GET"]}}],"collection":[{"href":"https:\/\/woolskins.eu\/da\/wp-json\/wp\/v2\/product"}],"about":[{"href":"https:\/\/woolskins.eu\/da\/wp-json\/wp\/v2\/types\/product"}],"replies":[{"embeddable":true,"href":"https:\/\/woolskins.eu\/da\/wp-json\/wp\/v2\/comments?post=16391"}],"wp:featuredmedia":[{"embeddable":true,"href":"https:\/\/woolskins.eu\/da\/wp-json\/wp\/v2\/media\/16392"}],"wp:attachment":[{"href":"https:\/\/woolskins.eu\/da\/wp-json\/wp\/v2\/media?parent=16391"}],"wp:term":[{"taxonomy":"product_brand","embeddable":true,"href":"https:\/\/woolskins.eu\/da\/wp-json\/wp\/v2\/product_brand?post=16391"},{"taxonomy":"product_cat","embeddable":true,"href":"https:\/\/woolskins.eu\/da\/wp-json\/wp\/v2\/product_cat?post=16391"},{"taxonomy":"product_tag","embeddable":true,"href":"https:\/\/woolskins.eu\/da\/wp-json\/wp\/v2\/product_tag?post=16391"}],"curies":[{"name":"wp","href":"https:\/\/api.w.org\/{rel}","templated":true}]}}