{"id":14398,"date":"2023-02-22T09:24:44","date_gmt":"2023-02-22T09:24:44","guid":{"rendered":"https:\/\/woolskins.eu\/?post_type=product&#038;p=14398"},"modified":"2025-07-15T07:35:51","modified_gmt":"2025-07-15T07:35:51","slug":"barselskjole-nyfodt-naturlig","status":"publish","type":"product","link":"https:\/\/woolskins.eu\/da\/zwangerschapsjas-ochtendjas-newborn-natural\/","title":{"rendered":"Graviditetsfrakke \u2013 Woolblend Newborn morgenk\u00e5be | Naturlig"},"content":{"rendered":"<p>Denne dejlige uldne graviditetsfrakke er ideel til n\u00e5r du er gravid eller skal til at f\u00f8de. Uanset om du f\u00f8der hjemme eller p\u00e5 hospitalet, vil du med denne behagelige barselsfrakke se bedst ud, n\u00e5r der kommer bes\u00f8gende. De brede piping giver helheden et luksuri\u00f8st udtryk. Denne morgenk\u00e5be er rar at have p\u00e5 efter et brusebad, eller n\u00e5r du vil bruge en dag p\u00e5 sofaen. Uld \u00e5nder og er ekstremt bl\u00f8dt og behageligt.<\/p>\n<p>\u2013 F\u00e5s eksklusivt hos Woolskins, produceret af Alwero<br \/>\n\u2013 Woolblend 56% ren ubearbejdet ny uld (Woolmark kvalitetsm\u00e6rke) 44% syntetisk fiber.<br \/>\n\u2013 Til hjemmet og p\u00e5 farten.<br \/>\n\u2013 europ\u00e6isk produktion.<br \/>\n\u2013 kan vaskes ved 30\u00b0C uldvaskeprogram.<\/p>\n<h5>Woolskins private label lavet af Alwero<\/h5>\n<p>Efter mange \u00e5rs succesfuldt samarbejde med Alwero, kan vi stolt meddele, at vi kan b\u00e6re Alwero under vores eget Woolskins-m\u00e6rke.<\/p>\n<p>P\u00e5 denne m\u00e5de f\u00e5r du stadig den bedste kvalitet fra Alwero kombineret med de flotteste og unikke produkter\/designs fra Woolskins.<\/p>\n<p>Hvad \u00e6ndrer sig s\u00e5? Ikke s\u00e5 meget! Kvaliteten, stofferne og farverne forbliver de samme, men der er et st\u00f8rre udvalg af unikke produkter, som Woolskins mener kan udm\u00e6rke sig, og som er et godt supplement til babys\u00e6ttet.<\/p>\n<p>Du kan genkende vores produkter p\u00e5 vores Woolskins-m\u00e6rke, og vaskem\u00e6rket viser, at de er produceret af Alwero.<\/p>\n<p>Vi g\u00e5r entusiastisk sammen om at skabe et b\u00e6redygtigt, naturligt og mest behageligt produkt til dit barn.<\/p>\n<h5>Alwero<\/h5>\n<p>Familievirksomheden Alwero blev grundlagt i slutningen af 1990&#039;erne ud fra behovet for at skabe noget. Midt i naturen, hvor f\u00e5rene gr\u00e6sser i bjergene, finder Alwerode den unikke r\u00e5vare, det handler om: r\u00e5uld.<\/p>\n<p>Ved at kombinere gamle traditioner og teknisk innovation skaber Alwero en verden af komfort. Viden, h\u00e5ndv\u00e6rk og en k\u00e6rlighed til uld har sikret, at Alweros produkter er v\u00e6rdsat over hele verden.<\/p>","protected":false},"excerpt":{"rendered":"<p>Denne dejlige uldne graviditetsfrakke er ideel til n\u00e5r du er gravid eller skal til at f\u00f8de. Uanset om du f\u00f8der hjemme eller p\u00e5 hospitalet, vil du med denne behagelige barselsfrakke se bedst ud, n\u00e5r der kommer bes\u00f8gende. De brede piping giver helheden et luksuri\u00f8st udtryk. Denne morgenk\u00e5be er rar at have p\u00e5 efter et brusebad, eller n\u00e5r du vil bruge en dag p\u00e5 sofaen. Uld \u00e5nder og er ekstremt bl\u00f8dt og behageligt.<\/p>\n<p><strong>M\u00e6rke: Woolskins<\/strong><br \/>\n<strong>Producent: Woolskins Private Lable er produceret af Alwero<\/strong><\/p>","protected":false},"featured_media":14400,"comment_status":"open","ping_status":"closed","template":"","meta":{"_acf_changed":false},"product_brand":[],"product_cat":[360,349,364,350,31,194],"product_tag":[],"class_list":{"0":"post-14398","1":"product","2":"type-product","3":"status-publish","4":"has-post-thumbnail","6":"product_cat-cadeautips","7":"product_cat-borstvoedingenvoedingskussens","8":"product_cat-cadeaus-vanaf-e50","9":"product_cat-fashion","10":"product_cat-yogamat-wol","11":"product_cat-wollen-babyproducten","12":"pa_maat-s-m","13":"pa_maat-xxs-xs","15":"first","16":"instock","17":"taxable","18":"shipping-taxable","19":"purchasable","20":"product-type-variable"},"acf":[],"_links":{"self":[{"href":"https:\/\/woolskins.eu\/da\/wp-json\/wp\/v2\/product\/14398","targetHints":{"allow":["GET"]}}],"collection":[{"href":"https:\/\/woolskins.eu\/da\/wp-json\/wp\/v2\/product"}],"about":[{"href":"https:\/\/woolskins.eu\/da\/wp-json\/wp\/v2\/types\/product"}],"replies":[{"embeddable":true,"href":"https:\/\/woolskins.eu\/da\/wp-json\/wp\/v2\/comments?post=14398"}],"wp:featuredmedia":[{"embeddable":true,"href":"https:\/\/woolskins.eu\/da\/wp-json\/wp\/v2\/media\/14400"}],"wp:attachment":[{"href":"https:\/\/woolskins.eu\/da\/wp-json\/wp\/v2\/media?parent=14398"}],"wp:term":[{"taxonomy":"product_brand","embeddable":true,"href":"https:\/\/woolskins.eu\/da\/wp-json\/wp\/v2\/product_brand?post=14398"},{"taxonomy":"product_cat","embeddable":true,"href":"https:\/\/woolskins.eu\/da\/wp-json\/wp\/v2\/product_cat?post=14398"},{"taxonomy":"product_tag","embeddable":true,"href":"https:\/\/woolskins.eu\/da\/wp-json\/wp\/v2\/product_tag?post=14398"}],"curies":[{"name":"wp","href":"https:\/\/api.w.org\/{rel}","templated":true}]}}