{"id":14150,"date":"2023-01-25T10:53:36","date_gmt":"2023-01-25T10:53:36","guid":{"rendered":"https:\/\/woolskins.eu\/?post_type=product&#038;p=14150"},"modified":"2023-11-25T12:31:09","modified_gmt":"2023-11-25T12:31:09","slug":"alwero-vest","status":"publish","type":"product","link":"https:\/\/woolskins.eu\/da\/alwero-vest\/","title":{"rendered":"Alwero cardigan"},"content":{"rendered":"<p>Denne Alwero cardigan er lavet af uld. Den falder glat, og n\u00e5r du f\u00f8rst tager den p\u00e5, f\u00f8ler du den komfort, uld har at tilbyde. Hold dig god og varm med denne uldcardigan fra Alwero i de koldere dage.<\/p>\n<p>\u2013 100% Uld boucle<br \/>\n\u2013 Denne vest giver ekstra varme til de koldere dage.<br \/>\n\u2013 Uld isolerer godt og \u00e5nder.<\/p>\n<p>Dette produkt har Woolmark kvalitetsm\u00e6rket.<\/p>\n<h5>Alwero<\/h5>\n<p>Familievirksomheden Alwero blev grundlagt i slutningen af 1990&#039;erne ud fra behovet for at skabe noget. Midt i naturen, hvor f\u00e5rene gr\u00e6sser i bjergene, finder Alwerode den unikke r\u00e5vare, det handler om: r\u00e5uld.<\/p>\n<p>Ved at kombinere gamle traditioner og teknisk innovation skaber Alwero en verden af komfort. Viden, h\u00e5ndv\u00e6rk og en k\u00e6rlighed til uld har sikret, at Alweros produkter er v\u00e6rdsat over hele verden.<\/p>","protected":false},"excerpt":{"rendered":"<p>Denne Alwero cardigan er lavet af uld. Den falder glat, og n\u00e5r du f\u00f8rst tager den p\u00e5, f\u00f8ler du den komfort, uld har at tilbyde. Hold dig god og varm med denne uldcardigan fra Alwero i de koldere dage.<\/p>","protected":false},"featured_media":14155,"comment_status":"open","ping_status":"closed","template":"","meta":{"_acf_changed":false},"product_brand":[],"product_cat":[31,350,459],"product_tag":[],"class_list":{"0":"post-14150","1":"product","2":"type-product","3":"status-publish","4":"has-post-thumbnail","6":"product_cat-yogamat-wol","7":"product_cat-fashion","8":"product_cat-sale","9":"pa_maat-l-xl","10":"pa_maat-s-m","12":"first","13":"outofstock","14":"sale","15":"taxable","16":"shipping-taxable","17":"purchasable","18":"product-type-variable"},"acf":[],"_links":{"self":[{"href":"https:\/\/woolskins.eu\/da\/wp-json\/wp\/v2\/product\/14150","targetHints":{"allow":["GET"]}}],"collection":[{"href":"https:\/\/woolskins.eu\/da\/wp-json\/wp\/v2\/product"}],"about":[{"href":"https:\/\/woolskins.eu\/da\/wp-json\/wp\/v2\/types\/product"}],"replies":[{"embeddable":true,"href":"https:\/\/woolskins.eu\/da\/wp-json\/wp\/v2\/comments?post=14150"}],"wp:featuredmedia":[{"embeddable":true,"href":"https:\/\/woolskins.eu\/da\/wp-json\/wp\/v2\/media\/14155"}],"wp:attachment":[{"href":"https:\/\/woolskins.eu\/da\/wp-json\/wp\/v2\/media?parent=14150"}],"wp:term":[{"taxonomy":"product_brand","embeddable":true,"href":"https:\/\/woolskins.eu\/da\/wp-json\/wp\/v2\/product_brand?post=14150"},{"taxonomy":"product_cat","embeddable":true,"href":"https:\/\/woolskins.eu\/da\/wp-json\/wp\/v2\/product_cat?post=14150"},{"taxonomy":"product_tag","embeddable":true,"href":"https:\/\/woolskins.eu\/da\/wp-json\/wp\/v2\/product_tag?post=14150"}],"curies":[{"name":"wp","href":"https:\/\/api.w.org\/{rel}","templated":true}]}}