{"id":14069,"date":"2023-01-18T09:57:57","date_gmt":"2023-01-18T09:57:57","guid":{"rendered":"https:\/\/woolskins.eu\/?post_type=product&#038;p=14069"},"modified":"2026-03-03T13:23:20","modified_gmt":"2026-03-03T13:23:20","slug":"alwero-madningspude-lammy-s-ecru","status":"publish","type":"product","link":"https:\/\/woolskins.eu\/da\/alwero-voedingskussen-lammy-s-ecru\/","title":{"rendered":"Uld ammepude Thumbled-S | Ecru"},"content":{"rendered":"<p>Fordi puden og fyldet er lavet af uld, er puden \u00e5ndbar, larmer ikke, er let og tager straks kropstemperatur.<\/p>\n<p>\u2013 Betr\u00e6kket er 100% jomfruuld &#039;Thumbled&#039; og har Woolmark kvalitetsm\u00e6rket.<br \/>\n\u2013 Fyldning af uldkugler (100% \u00f8kologisk uld).<br \/>\n\u2013 Inderpude (\u00f8ko bomuld) med lynl\u00e5s.<br \/>\n\u2013 Lydl\u00f8st naturligt fyld!<br \/>\n\u2013 Let v\u00e6gt (900 gram).<br \/>\n\u2013 Ammepude og den hj\u00e6lper din baby med at sidde oprejst og &#039;Mavetid&#039;.<br \/>\n\u2013 M\u00e5l 55 x 50 cm (midtomkreds 60 cm).<br \/>\n\u2013 Betr\u00e6k og inderpude kan vaskes ved 30\u00b0C uldvaskeprogram.<\/p>\n<h5>Etiket af uldskind<\/h5>\n<p>Efter mange \u00e5rs succesfuldt samarbejde med Alwero, kan vi stolt meddele, at vi nu f\u00f8rer vores produkter under vores eget Woolskins-m\u00e6rke.<\/p>\n<p>P\u00e5 denne m\u00e5de f\u00e5r du stadig den bedste kvalitet, men kombineret med de flotteste og unikke produkter og designs.<\/p>\n<p>Kvaliteten af stofferne og farverne forbliver, som de altid har v\u00e6ret, men der er nu et st\u00f8rre udvalg, som Woolskins mener kan udm\u00e6rke sig.<\/p>\n<p>Vores brede kollektion er sammensat p\u00e5 en s\u00e5dan m\u00e5de, at de er et godt supplement til ethvert babys\u00e6t, lavet af 100% europ\u00e6isk uld, der \u00e5nder og passer til enhver s\u00e6son.<\/p>\n<p>Vi g\u00e5r entusiastisk sammen om at skabe et b\u00e6redygtigt, naturligt og mest behageligt produkt til dit barn.<\/p>","protected":false},"excerpt":{"rendered":"<p>Denne uldne ammepude er yderst behagelig og beroligende for dit barn under fodring, fordi den er hviskende stille og med det samme tager dit barns kropstemperatur. Det hj\u00e6lper ogs\u00e5 dit barn med at sidde oprejst eller bruge det under &#039;Mavetid&#039;.<\/p>\n<p>Fordi puden og fyldet er lavet af uld, er puden \u00e5ndbar og allergivenlig. Uldfibre har den egenskab, at de fungerer som en naturlig termostat, der regulerer kropstemperaturen? Dette sikrer en stabil temperatur og holder dig og din baby t\u00f8rre og komfortable.<\/p>\n<p>Det unikke \u00f8kologiske uldkuglefyld giver god st\u00f8tte til din krop og dit barns og fordi fyldet ikke larmer (i mods\u00e6tning til f.eks. kernefyld) kan du fodre dit barn uforstyrret og dermed nyde hinanden i det uendelige. Ulden er renset og vasket med biologisk nedbrydelige reng\u00f8ringsmidler og den naturligt forekommende lanolin g\u00f8r ulden st\u00f8vfri og derfor anti-allergen.<\/p>\n<p><strong>M\u00e6rke: Woolskins<\/strong><br \/>\n<strong>Produktion: Polen<\/strong><\/p>","protected":false},"featured_media":14073,"comment_status":"open","ping_status":"closed","template":"","meta":{"_acf_changed":false},"product_brand":[],"product_cat":[360,349,364,210],"product_tag":[],"class_list":{"0":"post-14069","1":"product","2":"type-product","3":"status-publish","4":"has-post-thumbnail","6":"product_cat-cadeautips","7":"product_cat-borstvoedingenvoedingskussens","8":"product_cat-cadeaus-vanaf-e50","9":"product_cat-wollen-voedingskussen","11":"first","12":"outofstock","13":"taxable","14":"shipping-taxable","15":"purchasable","16":"product-type-variable","17":"has-default-attributes"},"acf":[],"_links":{"self":[{"href":"https:\/\/woolskins.eu\/da\/wp-json\/wp\/v2\/product\/14069","targetHints":{"allow":["GET"]}}],"collection":[{"href":"https:\/\/woolskins.eu\/da\/wp-json\/wp\/v2\/product"}],"about":[{"href":"https:\/\/woolskins.eu\/da\/wp-json\/wp\/v2\/types\/product"}],"replies":[{"embeddable":true,"href":"https:\/\/woolskins.eu\/da\/wp-json\/wp\/v2\/comments?post=14069"}],"wp:featuredmedia":[{"embeddable":true,"href":"https:\/\/woolskins.eu\/da\/wp-json\/wp\/v2\/media\/14073"}],"wp:attachment":[{"href":"https:\/\/woolskins.eu\/da\/wp-json\/wp\/v2\/media?parent=14069"}],"wp:term":[{"taxonomy":"product_brand","embeddable":true,"href":"https:\/\/woolskins.eu\/da\/wp-json\/wp\/v2\/product_brand?post=14069"},{"taxonomy":"product_cat","embeddable":true,"href":"https:\/\/woolskins.eu\/da\/wp-json\/wp\/v2\/product_cat?post=14069"},{"taxonomy":"product_tag","embeddable":true,"href":"https:\/\/woolskins.eu\/da\/wp-json\/wp\/v2\/product_tag?post=14069"}],"curies":[{"name":"wp","href":"https:\/\/api.w.org\/{rel}","templated":true}]}}