{"id":13427,"date":"2022-12-06T15:59:23","date_gmt":"2022-12-06T15:59:23","guid":{"rendered":"https:\/\/woolskins.eu\/?post_type=product&#038;p=13427"},"modified":"2025-12-31T18:38:40","modified_gmt":"2025-12-31T18:38:40","slug":"babyjakke-bomber-essential-beige-2","status":"publish","type":"product","link":"https:\/\/woolskins.eu\/da\/baby-jasje-bomber-essential-beige-2\/","title":{"rendered":"Uld Babyjakke Bomber Filtet | Beige"},"content":{"rendered":"<p>Dette produkt har Safe for Children og Woolmark kvalitetsm\u00e6rket. Denne vest bruges ofte som overt\u00f8j, s\u00e5 husk dette, n\u00e5r du v\u00e6lger den rigtige st\u00f8rrelse.<\/p>\n<p>\u2013 100% jomfruuld, Woolmark kvalitetsm\u00e6rke.<br \/>\n\u2013 Meget varm til hjemmet eller p\u00e5 farten.<br \/>\n\u2013 Forskellige farver tilg\u00e6ngelige.<br \/>\n\u2013 Praktiske trykknapper, lukkes nemt.<br \/>\n\u2013 Manchetter sidder godt til kroppen og holder kulden udenfor.<\/p>\n<h5>Etiket af uldskind<\/h5>\n<p>Efter mange \u00e5rs succesfuldt samarbejde med Alwero, kan vi stolt meddele, at vi nu f\u00f8rer vores produkter under vores eget Woolskins-m\u00e6rke.<\/p>\n<p>P\u00e5 denne m\u00e5de f\u00e5r du stadig den bedste kvalitet, men kombineret med de flotteste og unikke produkter og designs.<\/p>\n<p>Kvaliteten af stofferne og farverne forbliver, som de altid har v\u00e6ret, men der er nu et st\u00f8rre udvalg, som Woolskins mener kan udm\u00e6rke sig.<\/p>\n<p>Vores brede kollektion er sammensat p\u00e5 en s\u00e5dan m\u00e5de, at de er et godt supplement til ethvert babys\u00e6t, lavet af 100% europ\u00e6isk uld, der \u00e5nder og passer til enhver s\u00e6son.<\/p>\n<p>Vi g\u00e5r entusiastisk sammen om at skabe et b\u00e6redygtigt, naturligt og mest behageligt produkt til dit barn.<\/p>","protected":false},"excerpt":{"rendered":"<p>Denne jakke er et \u00e6gte &#039;Must Have&#039; til ethvert babyoutfit. Den er yderst behagelig og er lavet af 100% uld. Det sikrer, at dit barn er helt klar til at g\u00e5 udenfor. Den velsiddende \u00e6rmemanchet sikrer, at vinden ikke kan bl\u00e6se ind. Jakken har trykknapper og har broderede bogstaver &#039;A True Lovestory Never Ends&#039; p\u00e5 ryggen. Det er bedre at bestille ingen tekst p\u00e5 bagsiden end blot at bestille uden. Fremstillet af 100% filtet uld, s\u00e5 dejlig varm. Denne jakke er velegnet til for\u00e5r, vinter og efter\u00e5r.<\/p>\n<p><strong>M\u00e6rke: Woolskins<\/strong><br \/>\n<strong>Produktion: Polen<\/strong><\/p>","protected":false},"featured_media":13436,"comment_status":"open","ping_status":"closed","template":"","meta":{"_acf_changed":false},"product_brand":[],"product_cat":[360,364,200,196,337,344,194],"product_tag":[],"class_list":{"0":"post-13427","1":"product","2":"type-product","3":"status-publish","4":"has-post-thumbnail","6":"product_cat-cadeautips","7":"product_cat-cadeaus-vanaf-e50","8":"product_cat-wollen-babykleding","9":"product_cat-slaapkleding-baby","10":"product_cat-vestjes","11":"product_cat-kleertjes","12":"product_cat-wollen-babyproducten","13":"pa_maat-3-6-maanden","14":"pa_maat-6-12-maanden","16":"first","17":"instock","18":"taxable","19":"shipping-taxable","20":"purchasable","21":"product-type-variable"},"acf":[],"_links":{"self":[{"href":"https:\/\/woolskins.eu\/da\/wp-json\/wp\/v2\/product\/13427","targetHints":{"allow":["GET"]}}],"collection":[{"href":"https:\/\/woolskins.eu\/da\/wp-json\/wp\/v2\/product"}],"about":[{"href":"https:\/\/woolskins.eu\/da\/wp-json\/wp\/v2\/types\/product"}],"replies":[{"embeddable":true,"href":"https:\/\/woolskins.eu\/da\/wp-json\/wp\/v2\/comments?post=13427"}],"wp:featuredmedia":[{"embeddable":true,"href":"https:\/\/woolskins.eu\/da\/wp-json\/wp\/v2\/media\/13436"}],"wp:attachment":[{"href":"https:\/\/woolskins.eu\/da\/wp-json\/wp\/v2\/media?parent=13427"}],"wp:term":[{"taxonomy":"product_brand","embeddable":true,"href":"https:\/\/woolskins.eu\/da\/wp-json\/wp\/v2\/product_brand?post=13427"},{"taxonomy":"product_cat","embeddable":true,"href":"https:\/\/woolskins.eu\/da\/wp-json\/wp\/v2\/product_cat?post=13427"},{"taxonomy":"product_tag","embeddable":true,"href":"https:\/\/woolskins.eu\/da\/wp-json\/wp\/v2\/product_tag?post=13427"}],"curies":[{"name":"wp","href":"https:\/\/api.w.org\/{rel}","templated":true}]}}