{"id":13249,"date":"2022-11-28T10:51:34","date_gmt":"2022-11-28T10:51:34","guid":{"rendered":"https:\/\/woolskins.eu\/?post_type=product&#038;p=13249"},"modified":"2025-12-08T11:19:04","modified_gmt":"2025-12-08T11:19:04","slug":"alwero-hjemmesko-essential-beige","status":"publish","type":"product","link":"https:\/\/woolskins.eu\/da\/alwero-slofjes-essential-beige\/","title":{"rendered":"Ulde baby hjemmesko Filtet | Beige"},"content":{"rendered":"<p>Woolskins uldne hjemmesko f\u00e5s i forskellige farver og st\u00f8rrelser, s\u00e5 du altid kan finde den, der passer bedst til dit barn. Dette produkt har Safe for Children og Woolmark kvalitetsm\u00e6rket.<\/p>\n<p>\u2013 100% jomfruuld, Woolmark kvalitetsm\u00e6rke.<br \/>\n\u2013 Meget varm til hjemmet eller p\u00e5 farten.<br \/>\n\u2013 praktisk b\u00e5nd, som du kan binde.<br \/>\n\u2013 St\u00f8rrelse 0-3 m\u00e5neder. (8 cm) og 3-6 m\u00e5neder. (9,5 cm).<br \/>\n\u2013 Forskellige farver tilg\u00e6ngelige.<\/p>\n<h5>Etiket af uldskind<\/h5>\n<p>Efter mange \u00e5rs succesfuldt samarbejde med Alwero, kan vi stolt meddele, at vi nu f\u00f8rer vores produkter under vores eget Woolskins-m\u00e6rke.<\/p>\n<p>P\u00e5 denne m\u00e5de f\u00e5r du stadig den bedste kvalitet, men kombineret med de flotteste og unikke produkter og designs.<\/p>\n<p>Kvaliteten af stofferne og farverne forbliver, som de altid har v\u00e6ret, men der er nu et st\u00f8rre udvalg, som Woolskins mener kan udm\u00e6rke sig.<\/p>\n<p>Vores brede kollektion er sammensat p\u00e5 en s\u00e5dan m\u00e5de, at de er et godt supplement til ethvert babys\u00e6t, lavet af 100% europ\u00e6isk uld, der \u00e5nder og passer til enhver s\u00e6son.<\/p>\n<p>Vi g\u00e5r entusiastisk sammen om at skabe et b\u00e6redygtigt, naturligt og mest behageligt produkt til dit barn.<\/p>","protected":false},"excerpt":{"rendered":"<p>Vores komfortable babysko er et perfekt valg til at holde de mindste f\u00f8dder vidunderligt varme. De har alle de gode egenskaber fra 100% \u00f8kologisk uld og tager straks barnets temperatur, n\u00e5r du tager dem p\u00e5. Ulde babysko er ogs\u00e5 en super sjov og praktisk gave til enhver lejlighed. Disse hjemmesko kan fint kombineres med hele vores &#039;Felted&#039; serie. Dit barn vil elske disse uldne hjemmesko.<\/p>\n<p><strong>M\u00e6rke: Woolskins<\/strong><br \/>\n<strong>Produkt: Polen<\/strong><\/p>","protected":false},"featured_media":14411,"comment_status":"closed","ping_status":"closed","template":"","meta":{"_acf_changed":false},"product_brand":[],"product_cat":[345,361,360,362,200,323,194],"product_tag":[],"class_list":{"0":"post-13249","1":"product","2":"type-product","3":"status-publish","4":"has-post-thumbnail","6":"product_cat-accessoires","7":"product_cat-babyshower","8":"product_cat-cadeautips","9":"product_cat-cadeaus-tot-e-25","10":"product_cat-wollen-babykleding","11":"product_cat-slofjes","12":"product_cat-wollen-babyproducten","13":"pa_maat-0-6-maanden-9cm","14":"pa_maat-6-12-maanden11cm","16":"first","17":"outofstock","18":"taxable","19":"shipping-taxable","20":"purchasable","21":"product-type-variable"},"acf":[],"_links":{"self":[{"href":"https:\/\/woolskins.eu\/da\/wp-json\/wp\/v2\/product\/13249","targetHints":{"allow":["GET"]}}],"collection":[{"href":"https:\/\/woolskins.eu\/da\/wp-json\/wp\/v2\/product"}],"about":[{"href":"https:\/\/woolskins.eu\/da\/wp-json\/wp\/v2\/types\/product"}],"replies":[{"embeddable":true,"href":"https:\/\/woolskins.eu\/da\/wp-json\/wp\/v2\/comments?post=13249"}],"wp:featuredmedia":[{"embeddable":true,"href":"https:\/\/woolskins.eu\/da\/wp-json\/wp\/v2\/media\/14411"}],"wp:attachment":[{"href":"https:\/\/woolskins.eu\/da\/wp-json\/wp\/v2\/media?parent=13249"}],"wp:term":[{"taxonomy":"product_brand","embeddable":true,"href":"https:\/\/woolskins.eu\/da\/wp-json\/wp\/v2\/product_brand?post=13249"},{"taxonomy":"product_cat","embeddable":true,"href":"https:\/\/woolskins.eu\/da\/wp-json\/wp\/v2\/product_cat?post=13249"},{"taxonomy":"product_tag","embeddable":true,"href":"https:\/\/woolskins.eu\/da\/wp-json\/wp\/v2\/product_tag?post=13249"}],"curies":[{"name":"wp","href":"https:\/\/api.w.org\/{rel}","templated":true}]}}