{"id":12858,"date":"2022-11-08T11:18:43","date_gmt":"2022-11-08T11:18:43","guid":{"rendered":"https:\/\/woolskins.eu\/?post_type=product&#038;p=12858"},"modified":"2025-11-25T11:34:40","modified_gmt":"2025-11-25T11:34:40","slug":"alwero-handvarmere-vanter-ecru","status":"publish","type":"product","link":"https:\/\/woolskins.eu\/da\/alwero-handwarmers-wanten-ecru\/","title":{"rendered":"Ulde damevanter \u2013 tommelfinger | ecru"},"content":{"rendered":"<p>\u2013 100% jomfruuld, Woolmark kvalitetsm\u00e6rke.<br \/>\n\u2013 Med praktisk omskifter til fingerl\u00f8s vante.<br \/>\n\u2013 Forskellige farver tilg\u00e6ngelige.<\/p>\n<p>St\u00f8rrelser i centimeter:<\/p>\n<p>St\u00f8rrelse S: 10 cm Bredde ved h\u00e5ndled x 24 cm l\u00e6ngde<br \/>\nSt\u00f8rrelse M: 11 cm Bredde ved h\u00e5ndled x 25 cm l\u00e6ngde<br \/>\nSt\u00f8rrelse L: 12 cm Bredde ved h\u00e5ndled x 26 cm l\u00e6ngde<\/p>\n<h5>Etiket af uldskind<\/h5>\n<p>Efter mange \u00e5rs succesfuldt samarbejde med Alwero, kan vi stolt meddele, at vi nu f\u00f8rer vores produkter under vores eget Woolskins-m\u00e6rke.<\/p>\n<p>P\u00e5 denne m\u00e5de f\u00e5r du stadig den bedste kvalitet, men kombineret med de flotteste og unikke produkter og designs.<\/p>\n<p>Kvaliteten af stofferne og farverne forbliver, som de altid har v\u00e6ret, men der er nu et st\u00f8rre udvalg, som Woolskins mener kan udm\u00e6rke sig.<\/p>\n<p>Vores brede kollektion er sammensat p\u00e5 en s\u00e5dan m\u00e5de, at de er et godt supplement til ethvert babys\u00e6t, lavet af 100% europ\u00e6isk uld, der \u00e5nder og passer til enhver s\u00e6son.<\/p>\n<p>Vi g\u00e5r entusiastisk sammen om at skabe et b\u00e6redygtigt, naturligt og mest behageligt produkt til dit barn.<\/p>","protected":false},"excerpt":{"rendered":"<p>Leder du efter et par uldvanter til at fork\u00e6le dig selv eller en du holder af, kan vi varmt anbefale disse vanter fra Woolskins. Takket v\u00e6re de praktiske \u00e5bninger kan du f\u00e5 fingerl\u00f8se vanter p\u00e5 ingen tid, hvilket g\u00f8r det nemt at f\u00e5 din baby ind og ud af klapvognen eller for eksempel at give ham en flaske. Vores uldvanter er en fantastisk m\u00e5de at holde dine h\u00e6nder varme og behagelige i de kolde vinterm\u00e5neder. De er bl\u00f8de og \u00e5ndbare, hvilket g\u00f8r dem velegnede til personer med f\u00f8lsom hud. Vores uldvanter f\u00e5s i forskellige farver og st\u00f8rrelser.<\/p>\n<p><strong>M\u00e6rke: Woolskins<\/strong><br \/>\n<strong>Produktion: Polen<\/strong><\/p>","protected":false},"featured_media":12860,"comment_status":"open","ping_status":"closed","template":"","meta":{"_acf_changed":false},"product_brand":[],"product_cat":[360,351,362,350,31,194],"product_tag":[],"class_list":{"0":"post-12858","1":"product","2":"type-product","3":"status-publish","4":"has-post-thumbnail","6":"product_cat-cadeautips","7":"product_cat-accessoiresvoormama","8":"product_cat-cadeaus-tot-e-25","9":"product_cat-fashion","10":"product_cat-yogamat-wol","11":"product_cat-wollen-babyproducten","12":"pa_maat-l","13":"pa_maat-m","14":"pa_maat-s","16":"first","17":"outofstock","18":"taxable","19":"shipping-taxable","20":"purchasable","21":"product-type-variable"},"acf":[],"_links":{"self":[{"href":"https:\/\/woolskins.eu\/da\/wp-json\/wp\/v2\/product\/12858","targetHints":{"allow":["GET"]}}],"collection":[{"href":"https:\/\/woolskins.eu\/da\/wp-json\/wp\/v2\/product"}],"about":[{"href":"https:\/\/woolskins.eu\/da\/wp-json\/wp\/v2\/types\/product"}],"replies":[{"embeddable":true,"href":"https:\/\/woolskins.eu\/da\/wp-json\/wp\/v2\/comments?post=12858"}],"wp:featuredmedia":[{"embeddable":true,"href":"https:\/\/woolskins.eu\/da\/wp-json\/wp\/v2\/media\/12860"}],"wp:attachment":[{"href":"https:\/\/woolskins.eu\/da\/wp-json\/wp\/v2\/media?parent=12858"}],"wp:term":[{"taxonomy":"product_brand","embeddable":true,"href":"https:\/\/woolskins.eu\/da\/wp-json\/wp\/v2\/product_brand?post=12858"},{"taxonomy":"product_cat","embeddable":true,"href":"https:\/\/woolskins.eu\/da\/wp-json\/wp\/v2\/product_cat?post=12858"},{"taxonomy":"product_tag","embeddable":true,"href":"https:\/\/woolskins.eu\/da\/wp-json\/wp\/v2\/product_tag?post=12858"}],"curies":[{"name":"wp","href":"https:\/\/api.w.org\/{rel}","templated":true}]}}