{"id":12021,"date":"2022-09-15T12:35:04","date_gmt":"2022-09-15T12:35:04","guid":{"rendered":"https:\/\/woolskins.eu\/?post_type=product&#038;p=12021"},"modified":"2026-03-03T13:14:01","modified_gmt":"2026-03-03T13:14:01","slug":"alwero-pusleunderlag-gra","status":"publish","type":"product","link":"https:\/\/woolskins.eu\/da\/alwero-verschoningsmat-grijs\/","title":{"rendered":"Uld pusleunderlag Baby \u2013 Filtet | Lysegr\u00e5"},"content":{"rendered":"<p>Pusleunderlag i uldskind, gennemt\u00e6nkt og meget praktisk til p\u00e5 farten eller derhjemme, hvis du vil skifte din baby. Vores pusleunderlag er lavet af 100% uld og har en vandt\u00e6t molton indsats til mindre uheld. Det betyder, at du ikke beh\u00f8ver at vaske hele dit pusleunderlag hver gang. Puslem\u00e5tten er nem at folde sammen og har to sidelommer, hvor du kan opbevare bleer og pusleservietter. Puslem\u00e5tten kan ogs\u00e5 bruges hjemme p\u00e5 puslem\u00e5tten.<\/p>\n<p>Snoren holder ikke kun m\u00e5tten sammen, n\u00e5r den er foldet, men fungerer ogs\u00e5 som en lille distraktion med perler til dit barn, s\u00e5 du kan skifte det stille og roligt.<\/p>\n<p>M\u00e5l: 50 x 70 cm, foldet 24 x 22 cm.<\/p>\n<p>En pusleunderlag i uld er:<\/p>\n<p>\u2013 100% jomfruuld Filtet med Woolmark kvalitetsm\u00e6rke.<br \/>\n\u2013 Glat, bl\u00f8d og kompakt struktur<br \/>\n\u2013 Gode termiske egenskaber<br \/>\n\u2013 Til hjemmet og p\u00e5 farten.<br \/>\n\u2013 Vandafvisende, behagelig og hygiejnisk<br \/>\n\u2013 europ\u00e6isk produktion.<br \/>\n\u2013 kan vaskes ved 30\u00b0C uldvaskeprogram.<\/p>\n<p>Dette produkt har Safe for Children og Woolmark kvalitetsm\u00e6rket.<\/p>","protected":false},"excerpt":{"rendered":"<p>Denne uldskifteklud er et bl\u00f8dt og varmt produkt, der er ideelt til at skifte din baby. Denne pusleunderlag er gennemt\u00e6nkt og meget anvendelig til p\u00e5 farten eller derhjemme, hvis du vil skifte din baby. Vores puslem\u00e5tte er lavet af 100% uld og har et vandt\u00e6t molton indl\u00e6g til mindre uheld, s\u00e5 du ikke beh\u00f8ver at vaske hele dit pusleunderlag hver gang. Puslem\u00e5tten er nem at folde sammen og har to sidelommer, hvor du kan opbevare bleer og pusleservietter. Puslem\u00e5tten kan ogs\u00e5 bruges hjemme p\u00e5 puslem\u00e5tten. Det er et must-have for enhver for\u00e6lder, der \u00f8nsker at passe sin baby komfortabelt og hygiejnisk.<\/p>\n<p><strong>M\u00e6rke: Woolskins<\/strong><br \/>\n<strong>Produktion: Polen<\/strong><\/p>","protected":false},"featured_media":12011,"comment_status":"open","ping_status":"closed","template":"","meta":{"_acf_changed":false},"product_brand":[],"product_cat":[360,363,196,318,194],"product_tag":[],"class_list":{"0":"post-12021","1":"product","2":"type-product","3":"status-publish","4":"has-post-thumbnail","6":"product_cat-cadeautips","7":"product_cat-cadeaus-e25-e50","8":"product_cat-slaapkleding-baby","9":"product_cat-wollen-wiegdeken-ledikantdeken","10":"product_cat-wollen-babyproducten","12":"first","13":"instock","14":"taxable","15":"shipping-taxable","16":"purchasable","17":"product-type-simple"},"acf":[],"_links":{"self":[{"href":"https:\/\/woolskins.eu\/da\/wp-json\/wp\/v2\/product\/12021","targetHints":{"allow":["GET"]}}],"collection":[{"href":"https:\/\/woolskins.eu\/da\/wp-json\/wp\/v2\/product"}],"about":[{"href":"https:\/\/woolskins.eu\/da\/wp-json\/wp\/v2\/types\/product"}],"replies":[{"embeddable":true,"href":"https:\/\/woolskins.eu\/da\/wp-json\/wp\/v2\/comments?post=12021"}],"wp:featuredmedia":[{"embeddable":true,"href":"https:\/\/woolskins.eu\/da\/wp-json\/wp\/v2\/media\/12011"}],"wp:attachment":[{"href":"https:\/\/woolskins.eu\/da\/wp-json\/wp\/v2\/media?parent=12021"}],"wp:term":[{"taxonomy":"product_brand","embeddable":true,"href":"https:\/\/woolskins.eu\/da\/wp-json\/wp\/v2\/product_brand?post=12021"},{"taxonomy":"product_cat","embeddable":true,"href":"https:\/\/woolskins.eu\/da\/wp-json\/wp\/v2\/product_cat?post=12021"},{"taxonomy":"product_tag","embeddable":true,"href":"https:\/\/woolskins.eu\/da\/wp-json\/wp\/v2\/product_tag?post=12021"}],"curies":[{"name":"wp","href":"https:\/\/api.w.org\/{rel}","templated":true}]}}