{"id":11528,"date":"2022-06-30T12:36:29","date_gmt":"2022-06-30T12:36:29","guid":{"rendered":"https:\/\/woolskins.eu\/?post_type=product&#038;p=11528"},"modified":"2025-12-12T15:02:40","modified_gmt":"2025-12-12T15:02:40","slug":"en-body-stone-af-maerket-baby","status":"publish","type":"product","link":"https:\/\/woolskins.eu\/da\/a-baby-brand-body-stone\/","title":{"rendered":"A Basic Brand \u2013 Babybukser | Sten"},"content":{"rendered":"<h6>Et babym\u00e6rke<\/h6>\n<p>Romper lavet af super let \u00f8kologisk bomuld. Den tyndeste og bl\u00f8deste kvalitet, du kan forestille dig. Dragten sidder fint p\u00e5 l\u00e5rene p\u00e5 grund af de bl\u00f8de elastiske \u00e5bninger.<\/p>\n<p>100% GOTS-certificeret \u00f8kologisk bomuld.<\/p>\n<p>St\u00f8rrelser:<\/p>\n<p>l\u00e6ngde cm \/ \u00e6rmel\u00e6ngde cm \/ bredde cm<\/p>\n<p>0m \u2013 32\/9\/21<br \/>\n3m \u2013 35\/9\/22<br \/>\n6m \u2013 38\/10\/25<br \/>\n1\u00e5r \u2013 42\/10\/27<\/p>\n<h5>Et babym\u00e6rke<\/h5>\n<p>Oplev en virkelig minimalistisk garderobe fuld af praktiske ting. Mix og match vores unisex modeller og farver. Intet logo, intet tryk, ingen ballade.<\/p>\n<p>Vores mission er at g\u00f8re dit liv lettere, s\u00e5 en af hovedideerne bag vores filosofi er PRAKSIS. Vi bekymrer os ogs\u00e5 dybt om vores planet og \u00f8nsker, at alle ville leve et mere minimalistisk liv og derfor bruge mindre t\u00f8j (# FORBRUGT).<\/p>\n<p>Derfor er kvaliteten af vores produkter den h\u00f8jest mulige. Du kan bruge dem i \u00e5revis og give dem videre, n\u00e5r du er f\u00e6rdig. Vi bruger topstoffer med b\u00e5de GOTS Organic Cotton Certificate &amp; STANDARD 100 by OEKO-TEX\u00ae. Alle vores produkter kan maskinvaskes og t\u00f8rretumbles s\u00e5 ofte du har lyst. Du vil opdage, at vores bomuldsfleece ikke engang skal stryges for at se godt ud.<\/p>","protected":false},"excerpt":{"rendered":"<h6>Et babym\u00e6rke<\/h6>\n<p>Romper lavet af super let \u00f8kologisk bomuld. Den tyndeste og bl\u00f8deste kvalitet, du kan forestille dig. Dragten sidder fint p\u00e5 l\u00e5rene p\u00e5 grund af de bl\u00f8de elastiske \u00e5bninger.<\/p>","protected":false},"featured_media":11503,"comment_status":"closed","ping_status":"closed","template":"","meta":{"_acf_changed":false},"product_brand":[],"product_cat":[335,361,360,363,529,533],"product_tag":[],"class_list":{"0":"post-11528","1":"product","2":"type-product","3":"status-publish","4":"has-post-thumbnail","6":"product_cat-a_baby_brand","7":"product_cat-babyshower","8":"product_cat-cadeautips","9":"product_cat-cadeaus-e25-e50","10":"product_cat-katoenen-babykleertjes","11":"product_cat-katoenen-babyrompertjes","12":"pa_maat-0-maanden","13":"pa_maat-1-jaar","14":"pa_maat-3-maanden","15":"pa_maat-6-maanden","17":"first","18":"instock","19":"taxable","20":"shipping-taxable","21":"purchasable","22":"product-type-variable"},"acf":[],"_links":{"self":[{"href":"https:\/\/woolskins.eu\/da\/wp-json\/wp\/v2\/product\/11528","targetHints":{"allow":["GET"]}}],"collection":[{"href":"https:\/\/woolskins.eu\/da\/wp-json\/wp\/v2\/product"}],"about":[{"href":"https:\/\/woolskins.eu\/da\/wp-json\/wp\/v2\/types\/product"}],"replies":[{"embeddable":true,"href":"https:\/\/woolskins.eu\/da\/wp-json\/wp\/v2\/comments?post=11528"}],"wp:featuredmedia":[{"embeddable":true,"href":"https:\/\/woolskins.eu\/da\/wp-json\/wp\/v2\/media\/11503"}],"wp:attachment":[{"href":"https:\/\/woolskins.eu\/da\/wp-json\/wp\/v2\/media?parent=11528"}],"wp:term":[{"taxonomy":"product_brand","embeddable":true,"href":"https:\/\/woolskins.eu\/da\/wp-json\/wp\/v2\/product_brand?post=11528"},{"taxonomy":"product_cat","embeddable":true,"href":"https:\/\/woolskins.eu\/da\/wp-json\/wp\/v2\/product_cat?post=11528"},{"taxonomy":"product_tag","embeddable":true,"href":"https:\/\/woolskins.eu\/da\/wp-json\/wp\/v2\/product_tag?post=11528"}],"curies":[{"name":"wp","href":"https:\/\/api.w.org\/{rel}","templated":true}]}}