{"id":11332,"date":"2022-06-21T14:30:10","date_gmt":"2022-06-21T14:30:10","guid":{"rendered":"https:\/\/woolskins.eu\/?post_type=product&#038;p=11332"},"modified":"2026-03-31T12:37:01","modified_gmt":"2026-03-31T12:37:01","slug":"rib-romper-lysegra","status":"publish","type":"product","link":"https:\/\/woolskins.eu\/da\/rib-romper-light-grey\/","title":{"rendered":"A Basic Brand - Babysuit Rib | Lysegr\u00e5"},"content":{"rendered":"<h6>Et babym\u00e6rke<\/h6>\n<p>Den ultimative bukser hele dagen og hele natten. Unisex fodl\u00f8s bukser lavet af vores foretrukne ribbet bomuld, med en legende r\u00e5 finish. \u00c5bnes med sm\u00e5 trykknapper foran for hurtig og nem adgang. Det enkleste design i grundfarver.<\/p>\n<p>97% bomuld 3% elastan. STANDARD 100 fra OEKO-TEX\u00ae<\/p>\n<p>St\u00f8rrelser:<\/p>\n<p>inders\u00f8m cm \/ total l\u00e6ngde cm \/ \u00e6rmel\u00e6ngde cm<\/p>\n<p>0m \u2013 13\/41\/18<br \/>\n3m \u2013 16\/51\/20<br \/>\n6m \u2013 19\/58\/24<\/p>\n<h5>Et babym\u00e6rke<\/h5>\n<p>Oplev en virkelig minimalistisk garderobe fuld af praktiske ting. Mix og match vores unisex modeller og farver. Intet logo, intet tryk, ingen ballade.<\/p>\n<p>Vores mission er at g\u00f8re dit liv lettere, s\u00e5 en af hovedideerne bag vores filosofi er PRAKSIS. Vi bekymrer os ogs\u00e5 dybt om vores planet og \u00f8nsker, at alle ville leve et mere minimalistisk liv og derfor bruge mindre t\u00f8j (# FORBRUGT).<\/p>\n<p>Derfor er kvaliteten af vores produkter den h\u00f8jest mulige. Du kan bruge dem i \u00e5revis og give dem videre, n\u00e5r du er f\u00e6rdig. Vi bruger topstoffer med b\u00e5de GOTS Organic Cotton Certificate &amp; STANDARD 100 by OEKO-TEX\u00ae. Alle vores produkter kan maskinvaskes og t\u00f8rretumbles s\u00e5 ofte du har lyst. Du vil opdage, at vores bomuldsfleece ikke engang skal stryges for at se godt ud.<\/p>","protected":false},"excerpt":{"rendered":"<h6>Et babym\u00e6rke<\/h6>\n<p>Den ultimative bukser hele dagen og hele natten. Unisex fodl\u00f8s bukser lavet af vores foretrukne ribbet bomuld, med perfekt r\u00e5 finish. \u00c5bnes med sm\u00e5 trykknapper foran for hurtig og nem adgang. Det enkleste design i grundfarver.<\/p>","protected":false},"featured_media":11324,"comment_status":"closed","ping_status":"closed","template":"","meta":{"_acf_changed":false},"product_brand":[],"product_cat":[335,361,360,363,529,534],"product_tag":[423,430,432,433,434,431,425],"class_list":{"0":"post-11332","1":"product","2":"type-product","3":"status-publish","4":"has-post-thumbnail","6":"product_cat-a_baby_brand","7":"product_cat-babyshower","8":"product_cat-cadeautips","9":"product_cat-cadeaus-e25-e50","10":"product_cat-katoenen-babykleertjes","11":"product_cat-katoenen-babypak","12":"product_tag-a-baby-brand","13":"product_tag-babykleding","14":"product_tag-babyromper","15":"product_tag-babyrompertjes","16":"product_tag-babyuitzet","17":"product_tag-wollen-babykleding","18":"product_tag-woolskins","19":"pa_maat-0-maanden","20":"pa_maat-3-maanden","21":"pa_maat-6-maanden","23":"first","24":"instock","25":"taxable","26":"shipping-taxable","27":"purchasable","28":"product-type-variable"},"acf":[],"_links":{"self":[{"href":"https:\/\/woolskins.eu\/da\/wp-json\/wp\/v2\/product\/11332","targetHints":{"allow":["GET"]}}],"collection":[{"href":"https:\/\/woolskins.eu\/da\/wp-json\/wp\/v2\/product"}],"about":[{"href":"https:\/\/woolskins.eu\/da\/wp-json\/wp\/v2\/types\/product"}],"replies":[{"embeddable":true,"href":"https:\/\/woolskins.eu\/da\/wp-json\/wp\/v2\/comments?post=11332"}],"wp:featuredmedia":[{"embeddable":true,"href":"https:\/\/woolskins.eu\/da\/wp-json\/wp\/v2\/media\/11324"}],"wp:attachment":[{"href":"https:\/\/woolskins.eu\/da\/wp-json\/wp\/v2\/media?parent=11332"}],"wp:term":[{"taxonomy":"product_brand","embeddable":true,"href":"https:\/\/woolskins.eu\/da\/wp-json\/wp\/v2\/product_brand?post=11332"},{"taxonomy":"product_cat","embeddable":true,"href":"https:\/\/woolskins.eu\/da\/wp-json\/wp\/v2\/product_cat?post=11332"},{"taxonomy":"product_tag","embeddable":true,"href":"https:\/\/woolskins.eu\/da\/wp-json\/wp\/v2\/product_tag?post=11332"}],"curies":[{"name":"wp","href":"https:\/\/api.w.org\/{rel}","templated":true}]}}