{"id":11237,"date":"2022-06-20T13:38:31","date_gmt":"2022-06-20T13:38:31","guid":{"rendered":"https:\/\/woolskins.eu\/?post_type=product&#038;p=11237"},"modified":"2026-05-07T11:54:31","modified_gmt":"2026-05-07T11:54:31","slug":"bottehat-sort","status":"publish","type":"product","link":"https:\/\/woolskins.eu\/da\/bucket-hat-black\/","title":{"rendered":"A Basic Brand \u2013 Baby Bucket Hat | sort"},"content":{"rendered":"<h6>Et babym\u00e6rke<\/h6>\n<p>Et rigtigt sommermust-have er denne b\u00f8ttehat i l\u00e6rred med flossede kanter. F\u00e5s i 4 farver for en \u00e6gte mix og match oplevelse. Det brede st\u00f8rrelsesomr\u00e5de \u2013 3 st\u00f8rrelser fra nyf\u00f8dt til voksen \u2013 g\u00f8r denne hat til endnu et ET BABY-M\u00c6RKE-matchende produkt til b\u00f8rn og for\u00e6ldre.<\/p>\n<p>St\u00f8rrelser:<\/p>\n<p>S \u2013 0\/12m \u2013 46cm<br \/>\nM \u2013 1\/4 \u00e5r \u2013 53 cm<br \/>\nL \u2013 4 \u00e5r\/voksen \u2013 60 cm<\/p>\n<h5>Et babym\u00e6rke<\/h5>\n<p>Oplev en virkelig minimalistisk garderobe fuld af praktiske ting. Mix og match vores unisex modeller og farver. Intet logo, intet tryk, ingen ballade.<\/p>\n<p>Vores mission er at g\u00f8re dit liv lettere, s\u00e5 en af hovedideerne bag vores filosofi er PRAKSIS. Vi bekymrer os ogs\u00e5 dybt om vores planet og \u00f8nsker, at alle ville leve et mere minimalistisk liv og derfor bruge mindre t\u00f8j (# FORBRUGT).<\/p>\n<p>Derfor er kvaliteten af vores produkter den h\u00f8jest mulige. Du kan bruge dem i \u00e5revis og give dem videre, n\u00e5r du er f\u00e6rdig. Vi bruger topstoffer med b\u00e5de GOTS Organic Cotton Certificate &amp; STANDARD 100 by OEKO-TEX\u00ae. Alle vores produkter kan maskinvaskes og t\u00f8rretumbles s\u00e5 ofte du har lyst. Du vil opdage, at vores bomuldsfleece ikke engang skal stryges for at se godt ud.<\/p>","protected":false},"excerpt":{"rendered":"<h6>Et babym\u00e6rke<\/h6>\n<p>Et rigtigt sommermust-have er denne b\u00f8ttehat i l\u00e6rred med flossede kanter.<\/p>","protected":false},"featured_media":11243,"comment_status":"closed","ping_status":"closed","template":"","meta":{"_acf_changed":false},"product_brand":[],"product_cat":[335,351,361,360,362,350,529,535,31],"product_tag":[],"class_list":{"0":"post-11237","1":"product","2":"type-product","3":"status-publish","4":"has-post-thumbnail","6":"product_cat-a_baby_brand","7":"product_cat-accessoiresvoormama","8":"product_cat-babyshower","9":"product_cat-cadeautips","10":"product_cat-cadeaus-tot-e-25","11":"product_cat-fashion","12":"product_cat-katoenen-babykleertjes","13":"product_cat-katoenen-babymuts-babysjaaltjes","14":"product_cat-yogamat-wol","15":"pa_maat-l","16":"pa_maat-m","17":"pa_maat-s","19":"first","20":"instock","21":"taxable","22":"shipping-taxable","23":"purchasable","24":"product-type-variable"},"acf":[],"_links":{"self":[{"href":"https:\/\/woolskins.eu\/da\/wp-json\/wp\/v2\/product\/11237","targetHints":{"allow":["GET"]}}],"collection":[{"href":"https:\/\/woolskins.eu\/da\/wp-json\/wp\/v2\/product"}],"about":[{"href":"https:\/\/woolskins.eu\/da\/wp-json\/wp\/v2\/types\/product"}],"replies":[{"embeddable":true,"href":"https:\/\/woolskins.eu\/da\/wp-json\/wp\/v2\/comments?post=11237"}],"wp:featuredmedia":[{"embeddable":true,"href":"https:\/\/woolskins.eu\/da\/wp-json\/wp\/v2\/media\/11243"}],"wp:attachment":[{"href":"https:\/\/woolskins.eu\/da\/wp-json\/wp\/v2\/media?parent=11237"}],"wp:term":[{"taxonomy":"product_brand","embeddable":true,"href":"https:\/\/woolskins.eu\/da\/wp-json\/wp\/v2\/product_brand?post=11237"},{"taxonomy":"product_cat","embeddable":true,"href":"https:\/\/woolskins.eu\/da\/wp-json\/wp\/v2\/product_cat?post=11237"},{"taxonomy":"product_tag","embeddable":true,"href":"https:\/\/woolskins.eu\/da\/wp-json\/wp\/v2\/product_tag?post=11237"}],"curies":[{"name":"wp","href":"https:\/\/api.w.org\/{rel}","templated":true}]}}