{"id":11134,"date":"2022-06-09T09:42:54","date_gmt":"2022-06-09T09:42:54","guid":{"rendered":"https:\/\/woolskins.eu\/?post_type=product&#038;p=11134"},"modified":"2026-01-14T20:08:57","modified_gmt":"2026-01-14T20:08:57","slug":"bodywarmer-uld-ecru-a-baby-brand","status":"publish","type":"product","link":"https:\/\/woolskins.eu\/da\/bodywarmer-wol-ecru-a-baby-brand\/","title":{"rendered":"A Basic Brand \u2013 Uld Bodywarmer til b\u00f8rn | ecru"},"content":{"rendered":"<h6><strong>Et babym\u00e6rke<\/strong><\/h6>\n<p>Kropsvarmer 100% uld. Fantastisk varm og behagelig, helt naturlig, \u00e5ndbar og super hip. Cardiganen har sm\u00e5 lommer og lukkes med lynl\u00e5s. Brug den p\u00e5 en sweatshirt p\u00e5 en bl\u00e6sende dag eller under en jakke i rigtig koldt vejr. Denne cardigan er ogs\u00e5 tilg\u00e6ngelig til m\u00f8dre.<\/p>\n<p>Forbindelse<br \/>\n100% uld.<\/p>\n<p>St\u00f8rrelser:<\/p>\n<p>6m \u2013 70 cm<br \/>\n1 \u00e5r \u2013 86 cm<br \/>\n2 \u00e5r \u2013 92 cm<br \/>\n4 \u00e5r \u2013 104 cm<br \/>\n6 \u00e5r \u2013 116 cm<\/p>\n<p>Vaskeanvisning:<\/p>\n<p>Vi anbefaler at h\u00e5ndvaske vores produkter i varmt vand og bruge et lanolinopvaskemiddel.<\/p>","protected":false},"excerpt":{"rendered":"<h6><strong>Et babym\u00e6rke<\/strong><\/h6>\n<p>Fantastisk varm og behagelig ulden kropsvarmer. Denne cardigan har lynl\u00e5s og lommer og kan nemt kombineres med alle vores andre produkter. F\u00e5s ogs\u00e5 i st\u00f8rre st\u00f8rrelser til m\u00f8dre i 100% uld.<\/p>","protected":false},"featured_media":11147,"comment_status":"open","ping_status":"closed","template":"","meta":{"_acf_changed":false},"product_brand":[],"product_cat":[335,360,363,200,337,413,344],"product_tag":[423,424,420,421,422,425],"class_list":{"0":"post-11134","1":"product","2":"type-product","3":"status-publish","4":"has-post-thumbnail","6":"product_cat-a_baby_brand","7":"product_cat-cadeautips","8":"product_cat-cadeaus-e25-e50","9":"product_cat-wollen-babykleding","10":"product_cat-vestjes","11":"product_cat-alwero-bodywarmer","12":"product_cat-kleertjes","13":"product_tag-a-baby-brand","14":"product_tag-alwero-bodywarmer","15":"product_tag-bodywarmer-wol","16":"product_tag-wollen-bodywarmer","17":"product_tag-wool-vest","18":"product_tag-woolskins","19":"pa_maat-1-jaar","20":"pa_maat-2-jaar","21":"pa_maat-4-jaar","22":"pa_maat-6-jaar","23":"pa_maat-6-maanden","24":"pa_maat-8-jaar","26":"first","27":"instock","28":"taxable","29":"shipping-taxable","30":"purchasable","31":"product-type-variable"},"acf":[],"_links":{"self":[{"href":"https:\/\/woolskins.eu\/da\/wp-json\/wp\/v2\/product\/11134","targetHints":{"allow":["GET"]}}],"collection":[{"href":"https:\/\/woolskins.eu\/da\/wp-json\/wp\/v2\/product"}],"about":[{"href":"https:\/\/woolskins.eu\/da\/wp-json\/wp\/v2\/types\/product"}],"replies":[{"embeddable":true,"href":"https:\/\/woolskins.eu\/da\/wp-json\/wp\/v2\/comments?post=11134"}],"wp:featuredmedia":[{"embeddable":true,"href":"https:\/\/woolskins.eu\/da\/wp-json\/wp\/v2\/media\/11147"}],"wp:attachment":[{"href":"https:\/\/woolskins.eu\/da\/wp-json\/wp\/v2\/media?parent=11134"}],"wp:term":[{"taxonomy":"product_brand","embeddable":true,"href":"https:\/\/woolskins.eu\/da\/wp-json\/wp\/v2\/product_brand?post=11134"},{"taxonomy":"product_cat","embeddable":true,"href":"https:\/\/woolskins.eu\/da\/wp-json\/wp\/v2\/product_cat?post=11134"},{"taxonomy":"product_tag","embeddable":true,"href":"https:\/\/woolskins.eu\/da\/wp-json\/wp\/v2\/product_tag?post=11134"}],"curies":[{"name":"wp","href":"https:\/\/api.w.org\/{rel}","templated":true}]}}