{"id":11038,"date":"2022-05-31T13:47:03","date_gmt":"2022-05-31T13:47:03","guid":{"rendered":"https:\/\/woolskins.eu\/?post_type=product&#038;p=11038"},"modified":"2026-04-16T13:40:18","modified_gmt":"2026-04-16T13:40:18","slug":"lanacare-ammeindlaeg-i-uld","status":"publish","type":"product","link":"https:\/\/woolskins.eu\/da\/lanacare-zoogcompressen-wol\/","title":{"rendered":"LanaCare ammeindl\u00e6g uld"},"content":{"rendered":"<p>LanaCare uldne ammeindl\u00e6g er specielt designet til ammende m\u00f8dre. De giver de bedste foruds\u00e6tninger for vellykket langtidsamning uden problemer.<\/p>\n<p>Disse uldne ammeindl\u00e6g er vidunderligt bl\u00f8de og holder brysterne varme og beskyttede. Uldens naturlige varme stimulerer blodcirkulationen og giver beroligende lindring under amning.<\/p>\n<p>Uld absorberer fugt uden at f\u00f8les v\u00e5d og holder brystet varmt og behageligt. LanaCare ammeindl\u00e6g indeholder naturlig lanolin og virker lindrende p\u00e5 \u00f8mme brystvorter og revnede brystvorter.<\/p>\n<p>Det anbefales af LanaCare at bruge en st\u00f8rrelse, der d\u00e6kker hele brystet. LanaCare ammeindl\u00e6g leveres i par.<\/p>\n<h5 class=\"font_4\">LANACare ammeindl\u00e6g<\/h5>\n<p class=\"font_8\">LANACare uldne ammeindl\u00e6g er designet af LANACare, specielt til ammende m\u00f8dre. De giver de bedste foruds\u00e6tninger for en vellykket og langvarig ammeperiode.<\/p>\n<p class=\"font_8\">Uldkompresserne er ekstremt bl\u00f8de og behagelige, og holder brysterne varme og behagelige. Uldens naturlige varme stimulerer blodcirkulationen og giver beroligende lindring under amning. Merinoulden absorberer fugt uden at f\u00f8les v\u00e5d og kold.<\/p>\n<p class=\"font_8\">LanaCare ammeindl\u00e6g indeholder naturlig lanolin, som dulmer \u00f8mme brystvorter og virker antibakteriel. Det anbefales at bruge en st\u00f8rrelse, der d\u00e6kker hele brystet. Kompresserne kan bruges hele \u00e5ret rundt. Ogs\u00e5 om sommeren!<\/p>\n<div id=\"comp-knyogau5\" class=\"_1Q9if\" data-testid=\"richTextElement\">\n<h5 class=\"font_4\">Fordele ved uldne ammeindl\u00e6g:<\/h5>\n<ul class=\"font_8\">\n<li>\n<p class=\"font_8\">De fleste kvinder beh\u00f8ver kun 2-3 par i hele ammeperioden. Dette er \u00f8konomisk, b\u00e6redygtigt og milj\u00f8venligt!<\/p>\n<\/li>\n<li>\n<p class=\"font_8\">Uld absorberer fugt og holder huden t\u00f8r og behagelig, selv i varme klimaer. N\u00e5r ammeindl\u00e6ggene er fugtige, f\u00f8les de t\u00f8rre og bliver ikke kolde som bomulds- eller papirammeindl\u00e6g.<\/p>\n<\/li>\n<li>\n<p class=\"font_8\">Huden holdes t\u00f8r og kan \u00e5nde, s\u00e5 \u00f8mme brystvorter heler.<\/p>\n<\/li>\n<li>\n<p class=\"font_8\">Fordi LANACare ammeindl\u00e6g indeholder lanolin, er brugen af LanaCare brystvortesalve en perfekt kombination til behandling af \u00f8mme brystvorter.<\/p>\n<\/li>\n<li>\n<p class=\"font_8\">Skandinaviske jordem\u00f8dre og jordem\u00f8dre har i \u00e5rhundreder r\u00e5det m\u00f8dre til at holde deres bryster varme for at forhindre tilstoppede m\u00e6lkegange og mastitis.<\/p>\n<\/li>\n<li>\n<p class=\"font_8\">De st\u00f8rre st\u00f8rrelser giver beskyttende d\u00e6kning af hele brystet. Kanten af denne st\u00f8rrelse brystpude falder l\u00e6ngere ned over brystet, s\u00e5 puderne bliver usynlige under dit t\u00f8j.<\/p>\n<\/li>\n<\/ul>\n<\/div>\n<div id=\"comp-knyoktft\" class=\"_1Q9if\" data-testid=\"richTextElement\">\n<h5 class=\"font_2\">Kvalitet<\/h5>\n<p class=\"font_8\">Den uld, der er udvalgt til LanaCare-produkter, er behandlet med s\u00e6rlig omhu. Vi bruger kun uld, der opfylder de h\u00f8jeste europ\u00e6iske milj\u00f8krav. Regelm\u00e6ssige tests viser, at vores uld er fri for skadelige stoffer. Gr\u00e6sgangene, hvor f\u00e5rene gr\u00e6sser, er fri for g\u00f8dning og pesticider, og der bruges ingen skrappe kemikalier til at vaske ulden. Kun den bl\u00f8deste merinould bruges til LANACare-produkterne.<\/p>\n<h5><strong>Pleje af ammeindl\u00e6ggene<\/strong><\/h5>\n<h5><strong>At vaske<\/strong><\/h5>\n<p>H\u00e5ndvask i lunkent vand med LANACare Lanolin S\u00e6be for at genopbygge lanolinindholdet i ulden. B\u00e5de koldt og varmt vand kan st\u00f8de uldfibrene og f\u00e5 dem til at filte og\/eller krympe. Varmt vand skyller ogs\u00e5 lanolinen ud af ulden. Brug lige nok lanolins\u00e6be til at holde vandet let skummende. Flyt forsigtigt puderne i vandet og lad dem derefter tr\u00e6kke i vandet i 5-10 minutter.<\/p>\n<h5><strong>At skylle<\/strong><\/h5>\n<p>Skyl med lunkent vand. Brug altid lunkent vand ved vask og skylning af uld. Koldt vand kan chokere uldfibrene, hvilket f\u00e5r ulden til at krympe og\/eller f\u00f8les.<\/p>\n<h5><strong>At t\u00f8rre<\/strong><\/h5>\n<p>L\u00e6g eller rul ammeindl\u00e6g i et h\u00e5ndkl\u00e6de og pres det overskydende vand ud. Ryst puderne hurtigt og kraftigt for at genvinde deres form og elasticitet. L\u00e6g puderne til t\u00f8rre, helst over en mild varmekilde.<\/p>\n<h5 class=\"font_8\"><span class=\"wixGuard\">,<\/span>Certifikater<\/h5>\n<p class=\"font_8\">LanaCare bruger kun certificeret, kemisk ubehandlet \u00f8kologisk uld.<\/p>\n<p class=\"font_8\">LanaCare-ulden har det internationale Oeko-Tex-certifikat udstedt af den schweizisk-baserede International Association for Research and Testing in the field of Textile Ecology (Oeko-Tex), og for nylig ogs\u00e5 KbT-certifikatet. Dette certifikat tildeles, hvis gr\u00e6sarealerne, hvor f\u00e5rene gr\u00e6sser, er fri for g\u00f8dning og pesticider, og der ikke bruges aggressive kemikalier til at vaske ulden. Ulden er lige s\u00e5 ren p\u00e5 vores f\u00e5r, som den senere vil v\u00e6re i t\u00f8jet til din baby.<\/p>\n<h5 class=\"font_8\"><span class=\"wixGuard\">,<\/span>LANACare-produkter har f\u00f8lgende internationale certifikater:<\/h5>\n<p class=\"font_8\">\u2013 GOTS \u2013 Global Organic Textile Standard Global Organic Textile Standard (GOTS) er anerkendt som den f\u00f8rende forarbejdningsstandard for tekstiler fremstillet af organiske fibre p\u00e5 verdensplan. Den definerer milj\u00f8kriterier p\u00e5 h\u00f8jt niveau langs hele den \u00f8kologiske tekstilforsyningsk\u00e6de og kr\u00e6ver ogs\u00e5 overholdelse af sociale kriterier.<\/p>\n<p class=\"font_8\">\u2013 IVN BEST og KBT \u2013 Naturtextil IVN certificeret BEST Dette kvalitetsm\u00e6rke, der er kendt i hele Europa, s\u00e6tter i \u00f8jeblikket den strengeste \u00f8kologiske standard for tekstilproduktion p\u00e5 det h\u00f8jeste tekniske niveau, der i \u00f8jeblikket kan opn\u00e5s.<br \/>\nBEST afspejler standarderne for milj\u00f8venlige tekstiler udviklet af International Association of Natural Textile Industry (IVN) siden 1990 og vurderer hele tekstilproduktionsk\u00e6den i forhold til b\u00e5de \u00f8kologiske standarder og socialt ansvar.<\/p>\n<p class=\"font_8\">\u2013 IVN Best overg\u00e5r GOTS-standarden, som tillader op til 30% ikke-organiske fibre. Produktion under IVN overholder GOTS-standarden. Brug af IVN-stemplet kr\u00e6ver medlemskab og certificering i henhold til IVN-standarder.<\/p>\n<p class=\"font_8\">\u2013 Uld i IVN forsyningsk\u00e6deprogrammer kommer fra certificerede \u00f8kologiske husdyrbrug (ogs\u00e5 kendt som kbT).<\/p>\n<p class=\"font_8\">\u2013 Der er ikke anvendt mulesing p\u00e5 f\u00e5rene \u2013 en st\u00e6rkt kritiseret metode til at &#039;vaccinere&#039; f\u00e5rene i Australien.<\/p>\n<p class=\"font_8\">\u2013 LANAcare Brystcreme er blevet tildelt &#039;A&#039;-m\u00e6rket af Forbrugerforeningen, fordi der ikke blev fundet problematiske kemikalier i cremen.<\/p>\n<\/div>\n<div id=\"comp-knyoha3p\" class=\"_1Q9if\" data-testid=\"richTextElement\">\n<h5 class=\"font_2\">LANACares historie<\/h5>\n<p class=\"font_8\">LANACare blev grundlagt i 1990 af den danske sygeplejerske Jeannette Almstr\u00f8m i Danmark. Som mor til 3 b\u00f8rn har Jeannette Almstr\u00f8m udviklet en r\u00e6kke produkter til m\u00f8dre og babyer i \u00f8kologisk ren merinould. Hendes baggrund som sygeplejerske og erhvervsuddannelse i tekstil &amp; design viste sig at v\u00e6re en perfekt kombination af kompetencer. Hver genstand fra LANACare er designet til at fremme sundhed og velv\u00e6re for mor og baby, hvilket giver den beroligende komfort og \u00e5ndbare varme, som kun ren uld kan give.<\/p>\n<p class=\"font_8\"><span class=\"wixGuard\">,<\/span>I dag ledes alle LANACare-aktiviteter af Jeannette Almtr\u00f8m selv, som br\u00e6nder for at finde nye og b\u00e6redygtige materialer til brug i nye produkter, der fremmer ikke kun et individs, men ogs\u00e5 vores Moder Jords sundhed.<\/p>\n<p class=\"font_8\"><span class=\"wixGuard\">,<\/span>Gennem \u00e5rene har LANACares produktions- og distributionsm\u00e6ngder udviklet sig enormt. Produkterne s\u00e6lges nu i 28 lande rundt om i verden.<\/p>\n<\/div>","protected":false},"excerpt":{"rendered":"<p>Amning er den bedste mad til din baby. Det beskytter din baby mod sygdomme og er ogs\u00e5 godt for dit helbred. For eksempel hj\u00e6lper det dig med at tage din v\u00e6gt hurtigt op. De ultrabl\u00f8de LanaCare ammeindl\u00e6g er et godt valg.<\/p>","protected":false},"featured_media":5511,"comment_status":"closed","ping_status":"closed","template":"","meta":{"_acf_changed":false},"product_brand":[],"product_cat":[349,353,225],"product_tag":[],"class_list":{"0":"post-11038","1":"product","2":"type-product","3":"status-publish","4":"has-post-thumbnail","6":"product_cat-borstvoedingenvoedingskussens","7":"product_cat-lanacare","8":"product_cat-tepelzalf-zoogcompressen","9":"pa_maat-zoogcompres-l-22cm","10":"pa_maat-zoogcompres-m-18cm","11":"pa_maat-zoogcompres-mini-10cm","12":"pa_maat-zoogcompres-s-15cm","13":"pa_maat-zoogcompres-xs-12cm","15":"first","16":"instock","17":"taxable","18":"shipping-taxable","19":"purchasable","20":"product-type-variable"},"acf":[],"_links":{"self":[{"href":"https:\/\/woolskins.eu\/da\/wp-json\/wp\/v2\/product\/11038","targetHints":{"allow":["GET"]}}],"collection":[{"href":"https:\/\/woolskins.eu\/da\/wp-json\/wp\/v2\/product"}],"about":[{"href":"https:\/\/woolskins.eu\/da\/wp-json\/wp\/v2\/types\/product"}],"replies":[{"embeddable":true,"href":"https:\/\/woolskins.eu\/da\/wp-json\/wp\/v2\/comments?post=11038"}],"wp:featuredmedia":[{"embeddable":true,"href":"https:\/\/woolskins.eu\/da\/wp-json\/wp\/v2\/media\/5511"}],"wp:attachment":[{"href":"https:\/\/woolskins.eu\/da\/wp-json\/wp\/v2\/media?parent=11038"}],"wp:term":[{"taxonomy":"product_brand","embeddable":true,"href":"https:\/\/woolskins.eu\/da\/wp-json\/wp\/v2\/product_brand?post=11038"},{"taxonomy":"product_cat","embeddable":true,"href":"https:\/\/woolskins.eu\/da\/wp-json\/wp\/v2\/product_cat?post=11038"},{"taxonomy":"product_tag","embeddable":true,"href":"https:\/\/woolskins.eu\/da\/wp-json\/wp\/v2\/product_tag?post=11038"}],"curies":[{"name":"wp","href":"https:\/\/api.w.org\/{rel}","templated":true}]}}