{"id":10585,"date":"2022-05-18T18:29:15","date_gmt":"2022-05-18T18:29:15","guid":{"rendered":"https:\/\/woolskins.eu\/?post_type=product&#038;p=10585"},"modified":"2026-02-11T14:58:00","modified_gmt":"2026-02-11T14:58:00","slug":"alwero-baby-sovepose-essential-woolskins-label-beige","status":"publish","type":"product","link":"https:\/\/woolskins.eu\/da\/alwero-baby-slaapzak-essential-woolskins-label-beige\/","title":{"rendered":"Uld Sovepose til Baby \u2013 Filtet | Beige"},"content":{"rendered":"<p>Halsst\u00f8rrelsen er justerbar takket v\u00e6re de dobbelte trykknapper og den har en lang lynl\u00e5s, s\u00e5 hele soveposen nemt kan \u00e5bnes.<\/p>\n<p>\u2013 100% jomfruuld Filtet med Woolmark kvalitetsm\u00e6rke.<br \/>\n\u2013 Glat, bl\u00f8d og kompakt struktur<br \/>\n\u2013 Gode termiske egenskaber<br \/>\n\u2013 Til hjemmet og p\u00e5 farten.<br \/>\n\u2013 St\u00f8rrelse: 0\/6 m\u00e5neder 67 cm, 6\/12 m\u00e5neder 82 cm<br \/>\n\u2013 europ\u00e6isk produktion.<br \/>\n\u2013 kan vaskes ved 30\u00b0C uldvaskeprogram.<\/p>\n<p>Vores Eco Wool Soveposer er meget velegnede til de mindste takket v\u00e6re uldfibrenes naturlige egenskaber. Disse \u00e5nder og har den egenskab, at de fungerer som en naturlig termostat, der regulerer kropstemperaturen? Dette hj\u00e6lper din baby med at holde en stabil temperatur og holder din baby t\u00f8r og komfortabel. Det g\u00f8r dette &quot;dynamisk&quot;, hvilket betyder, at det sker, n\u00e5r det er n\u00f8dvendigt, og ikke n\u00e5r det ikke er n\u00f8dvendigt.<\/p>\n<p>Dette produkt har Safe for Children og Woolmark kvalitetsm\u00e6rket.<\/p>\n<h5>Etiket af uldskind<\/h5>\n<p>Efter mange \u00e5rs succesfuldt samarbejde med Alwero, kan vi stolt meddele, at vi nu f\u00f8rer vores produkter under vores eget Woolskins-m\u00e6rke.<\/p>\n<p>P\u00e5 denne m\u00e5de f\u00e5r du stadig den bedste kvalitet, men kombineret med de flotteste og unikke produkter og designs.<\/p>\n<p>Kvaliteten af stofferne og farverne forbliver, som de altid har v\u00e6ret, men der er nu et st\u00f8rre udvalg, som Woolskins mener kan udm\u00e6rke sig.<\/p>\n<p>Vores brede kollektion er sammensat p\u00e5 en s\u00e5dan m\u00e5de, at de er et godt supplement til ethvert babys\u00e6t, lavet af 100% europ\u00e6isk uld, der \u00e5nder og passer til enhver s\u00e6son.<\/p>\n<p>Vi g\u00e5r entusiastisk sammen om at skabe et b\u00e6redygtigt, naturligt og mest behageligt produkt til dit barn.<\/p>","protected":false},"excerpt":{"rendered":"<p>Hvis du leder efter en behagelig og varm sovepose til din baby, er uld et glimrende valg. Uld har mange fordele, der hj\u00e6lper din baby med at sove godt, hver s\u00e6son af \u00e5ret.<\/p>\n<p>Vores lette baby-sovepose i \u00f8ko-uld er \u00e5ndbar og fungerer som en naturlig termostat, der regulerer kropstemperaturen og hj\u00e6lper din baby med at hvile og sove godt. Denne sovepose er meget velegnet til sm\u00e5b\u00f8rn takket v\u00e6re de dobbelte trykknapper, der g\u00f8r det muligt at g\u00f8re hals\u00e5bningen st\u00f8rre og mindre. Den lange lynl\u00e5s \u00e5bner hele soveposen, s\u00e5 den er nem at skifte. Uldsoveposen hj\u00e6lper din baby med at opretholde en stabil temperatur og holder din baby t\u00f8r og komfortabel. Det g\u00f8r den \u2018dynamisk\u2019, hvilket betyder, at det sker, n\u00e5r der er brug for det, og ikke n\u00e5r der ikke er. Disse uldsoveposer er derfor varme om vinteren og k\u00f8lige om sommeren.<\/p>\n<p><strong>M\u00e6rke: Woolskins<\/strong><br \/>\n<strong>Produktion: Polen<\/strong><\/p>","protected":false},"featured_media":10593,"comment_status":"closed","ping_status":"closed","template":"","meta":{"_acf_changed":false},"product_brand":[],"product_cat":[361,360,364,196,370,194],"product_tag":[],"class_list":{"0":"post-10585","1":"product","2":"type-product","3":"status-publish","4":"has-post-thumbnail","6":"product_cat-babyshower","7":"product_cat-cadeautips","8":"product_cat-cadeaus-vanaf-e50","9":"product_cat-slaapkleding-baby","10":"product_cat-slaapzakken","11":"product_cat-wollen-babyproducten","12":"pa_maat-0-6-maanden","13":"pa_maat-6-12-maanden","15":"first","16":"outofstock","17":"taxable","18":"shipping-taxable","19":"purchasable","20":"product-type-variable"},"acf":[],"_links":{"self":[{"href":"https:\/\/woolskins.eu\/da\/wp-json\/wp\/v2\/product\/10585","targetHints":{"allow":["GET"]}}],"collection":[{"href":"https:\/\/woolskins.eu\/da\/wp-json\/wp\/v2\/product"}],"about":[{"href":"https:\/\/woolskins.eu\/da\/wp-json\/wp\/v2\/types\/product"}],"replies":[{"embeddable":true,"href":"https:\/\/woolskins.eu\/da\/wp-json\/wp\/v2\/comments?post=10585"}],"wp:featuredmedia":[{"embeddable":true,"href":"https:\/\/woolskins.eu\/da\/wp-json\/wp\/v2\/media\/10593"}],"wp:attachment":[{"href":"https:\/\/woolskins.eu\/da\/wp-json\/wp\/v2\/media?parent=10585"}],"wp:term":[{"taxonomy":"product_brand","embeddable":true,"href":"https:\/\/woolskins.eu\/da\/wp-json\/wp\/v2\/product_brand?post=10585"},{"taxonomy":"product_cat","embeddable":true,"href":"https:\/\/woolskins.eu\/da\/wp-json\/wp\/v2\/product_cat?post=10585"},{"taxonomy":"product_tag","embeddable":true,"href":"https:\/\/woolskins.eu\/da\/wp-json\/wp\/v2\/product_tag?post=10585"}],"curies":[{"name":"wp","href":"https:\/\/api.w.org\/{rel}","templated":true}]}}