{"id":10421,"date":"2022-05-13T12:35:41","date_gmt":"2022-05-13T12:35:41","guid":{"rendered":"https:\/\/woolskins.eu\/?post_type=product&#038;p=10421"},"modified":"2026-01-29T11:03:41","modified_gmt":"2026-01-29T11:03:41","slug":"alwero-oversized-haettetroje","status":"publish","type":"product","link":"https:\/\/woolskins.eu\/da\/alwero-oversized-hoody\/","title":{"rendered":"Woolskins Oversized h\u00e6ttetr\u00f8je 100% Uld | Ecru"},"content":{"rendered":"<p>Oversized h\u00e6ttetr\u00f8je til kvinder med lynl\u00e5s og lommer. Denne oversized h\u00e6ttetr\u00f8je har en smidig pasform, og n\u00e5r du f\u00f8rst tager den p\u00e5, vil du f\u00f8le den komfort, uld har at tilbyde. Hold dig god og varm med denne uldcardigan fra Woolskins i de koldere dage.<\/p>\n<p>\u2013 100% Uld.<br \/>\n\u2013 Denne vest giver ekstra varme til de koldere dage.<br \/>\n\u2013 Uld isolerer godt.<\/p>\n<h5>Etiket af uldskind<\/h5>\n<p>Efter mange \u00e5rs succesfuldt samarbejde med Alwero, kan vi stolt meddele, at vi nu f\u00f8rer vores produkter under vores eget Woolskins-m\u00e6rke.<\/p>\n<p>P\u00e5 denne m\u00e5de f\u00e5r du stadig den bedste kvalitet, men kombineret med de flotteste og unikke produkter og designs.<\/p>\n<p>Kvaliteten af stofferne og farverne forbliver, som de altid har v\u00e6ret, men der er nu et st\u00f8rre udvalg, som Woolskins mener kan udm\u00e6rke sig.<\/p>\n<p>Vores brede kollektion er sammensat p\u00e5 en s\u00e5dan m\u00e5de, at de er et godt supplement til ethvert babys\u00e6t, lavet af 100% europ\u00e6isk uld, der \u00e5nder og passer til enhver s\u00e6son.<\/p>\n<p>Vi g\u00e5r entusiastisk sammen om at skabe et b\u00e6redygtigt, naturligt og mest behageligt produkt til dit barn.<\/p>","protected":false},"excerpt":{"rendered":"<p>Oversized h\u00e6ttetr\u00f8je til kvinder med lynl\u00e5s og lommer. Denne oversized h\u00e6ttetr\u00f8je har en smidig pasform, og n\u00e5r du f\u00f8rst tager den p\u00e5, vil du f\u00f8le den komfort, uld har at tilbyde. Hold dig god og varm med denne uldcardigan fra Woolskins i de koldere dage.<\/p>\n<p><strong>M\u00e6rke: Woolskins<\/strong><br \/>\n<strong>Produktion: Polen<\/strong><\/p>","protected":false},"featured_media":10427,"comment_status":"closed","ping_status":"closed","template":"","meta":{"_acf_changed":false},"product_brand":[],"product_cat":[364,350,31,194],"product_tag":[],"class_list":{"0":"post-10421","1":"product","2":"type-product","3":"status-publish","4":"has-post-thumbnail","6":"product_cat-cadeaus-vanaf-e50","7":"product_cat-fashion","8":"product_cat-yogamat-wol","9":"product_cat-wollen-babyproducten","10":"pa_maat-l-xl","11":"pa_maat-s-m","12":"pa_maat-xxs-xs","14":"first","15":"instock","16":"taxable","17":"shipping-taxable","18":"purchasable","19":"product-type-variable"},"acf":[],"_links":{"self":[{"href":"https:\/\/woolskins.eu\/da\/wp-json\/wp\/v2\/product\/10421","targetHints":{"allow":["GET"]}}],"collection":[{"href":"https:\/\/woolskins.eu\/da\/wp-json\/wp\/v2\/product"}],"about":[{"href":"https:\/\/woolskins.eu\/da\/wp-json\/wp\/v2\/types\/product"}],"replies":[{"embeddable":true,"href":"https:\/\/woolskins.eu\/da\/wp-json\/wp\/v2\/comments?post=10421"}],"wp:featuredmedia":[{"embeddable":true,"href":"https:\/\/woolskins.eu\/da\/wp-json\/wp\/v2\/media\/10427"}],"wp:attachment":[{"href":"https:\/\/woolskins.eu\/da\/wp-json\/wp\/v2\/media?parent=10421"}],"wp:term":[{"taxonomy":"product_brand","embeddable":true,"href":"https:\/\/woolskins.eu\/da\/wp-json\/wp\/v2\/product_brand?post=10421"},{"taxonomy":"product_cat","embeddable":true,"href":"https:\/\/woolskins.eu\/da\/wp-json\/wp\/v2\/product_cat?post=10421"},{"taxonomy":"product_tag","embeddable":true,"href":"https:\/\/woolskins.eu\/da\/wp-json\/wp\/v2\/product_tag?post=10421"}],"curies":[{"name":"wp","href":"https:\/\/api.w.org\/{rel}","templated":true}]}}